{"id":8327,"date":"2025-07-07T13:23:07","date_gmt":"2025-07-07T13:23:07","guid":{"rendered":"https:\/\/rasopleidingcamerabewakingcursuscctv.be\/?page_id=8327"},"modified":"2025-11-19T19:52:02","modified_gmt":"2025-11-19T18:52:02","slug":"wat-is-het-onvif-protocol","status":"publish","type":"page","link":"https:\/\/cctvacademy.be\/fr\/wat-is-het-onvif-protocol\/","title":{"rendered":"Qu'est-ce que le protocole ONVIF ?"},"content":{"rendered":"<div data-elementor-type=\"masteriyo-course-archive-page\" data-elementor-id=\"8327\" class=\"elementor elementor-8327\">\n\t\t\t\t<div class=\"elementor-element elementor-element-62caad0 e-flex e-con-boxed e-con e-parent\" data-id=\"62caad0\" data-element_type=\"container\">\n\t\t\t\t\t<div class=\"e-con-inner\">\n\t\t\t\t<div class=\"elementor-element elementor-element-d0de150 elementor-widget elementor-widget-spacer\" data-id=\"d0de150\" data-element_type=\"widget\" data-widget_type=\"spacer.default\">\n\t\t\t\t<div class=\"elementor-widget-container\">\n\t\t\t\t\t\t\t<div class=\"elementor-spacer\">\n\t\t\t<div class=\"elementor-spacer-inner\"><\/div>\n\t\t<\/div>\n\t\t\t\t\t\t<\/div>\n\t\t\t\t<\/div>\n\t\t\t\t\t<\/div>\n\t\t\t\t<\/div>\n\t\t<div class=\"elementor-element elementor-element-8f0956b e-flex e-con-boxed e-con e-parent\" data-id=\"8f0956b\" data-element_type=\"container\">\n\t\t\t\t\t<div class=\"e-con-inner\">\n\t\t\t\t<div class=\"elementor-element elementor-element-e6aaee0 elementor-widget elementor-widget-text-editor\" data-id=\"e6aaee0\" data-element_type=\"widget\" data-widget_type=\"text-editor.default\">\n\t\t\t\t<div class=\"elementor-widget-container\">\n\t\t\t\t\t\t\t\t\t<p data-start=\"0\" data-end=\"46\"><span style=\"color: #ff0000;\">ONVIF en ONVIF-profielen: een korte uitleg<\/span><\/p><p data-start=\"48\" data-end=\"407\"><span style=\"color: #000000;\">ONVIF (Open Network Video Interface Forum) is een wereldwijd open standaardprotocol dat communicatie tussen IP-gebaseerde beveiligingsproducten zoals camera\u2019s, recorders en softwareplatforms mogelijk maakt \u2013 ongeacht het merk. Het doel van ONVIF is interoperabiliteit: producten van verschillende fabrikanten moeten probleemloos met elkaar kunnen samenwerken.<\/span><\/p><p data-start=\"409\" data-end=\"623\"><span style=\"color: #000000;\">Om die samenwerking te structureren, gebruikt ONVIF profielen. Elk profiel bevat een set functies en specificaties die compatibele apparaten en systemen moeten ondersteunen. Enkele veelgebruikte profielen zijn:<\/span><\/p><ul data-start=\"625\" data-end=\"1012\"><li data-start=\"625\" data-end=\"710\"><p data-start=\"627\" data-end=\"710\"><span style=\"color: #000000;\">Profiel S: voor videostreaming (live video), PTZ-bediening, audio, en metadata.<\/span><\/p><\/li><li data-start=\"711\" data-end=\"794\"><p data-start=\"713\" data-end=\"794\"><span style=\"color: #000000;\">Profiel G: gericht op opname, zoeken en weergave van opgeslagen videobeelden.<\/span><\/p><\/li><li data-start=\"795\" data-end=\"908\"><p data-start=\"797\" data-end=\"908\"><span style=\"color: #000000;\">Profiel T: ondersteunt geavanceerde videoformaten zoals H.265, beeldverbetering en beveiligde communicatie.<\/span><\/p><\/li><li data-start=\"909\" data-end=\"1012\"><p data-start=\"911\" data-end=\"1012\"><span style=\"color: #000000;\">Profiel M: bedoeld voor video-analyse en metadata, zoals bewegingsdetectie of gezichtsherkenning.<\/span><\/p><\/li><\/ul><p data-start=\"1014\" data-end=\"1236\" data-is-last-node=\"\" data-is-only-node=\"\"><span style=\"color: #000000;\">Door ONVIF-profielen te volgen, <span style=\"color: #ff0000;\">wordt het &#8220;<\/span><\/span><span style=\"color: #000000;\"><span style=\"color: #ff0000;\">eenvoudiger&#8221;<\/span> om systemen van verschillende fabrikanten te combineren zonder maatwerk of extra configuratie. Dit maakt ONVIF een belangrijke standaard in de wereld van videobewaking.<\/span><\/p>\t\t\t\t\t\t\t\t<\/div>\n\t\t\t\t<\/div>\n\t\t\t\t\t<\/div>\n\t\t\t\t<\/div>\n\t\t<div class=\"elementor-element elementor-element-d3e7536 e-flex e-con-boxed e-con e-parent\" data-id=\"d3e7536\" data-element_type=\"container\">\n\t\t\t\t\t<div class=\"e-con-inner\">\n\t\t\t\t<div class=\"elementor-element elementor-element-5c84c07 elementor-widget elementor-widget-spacer\" data-id=\"5c84c07\" data-element_type=\"widget\" data-widget_type=\"spacer.default\">\n\t\t\t\t<div class=\"elementor-widget-container\">\n\t\t\t\t\t\t\t<div class=\"elementor-spacer\">\n\t\t\t<div class=\"elementor-spacer-inner\"><\/div>\n\t\t<\/div>\n\t\t\t\t\t\t<\/div>\n\t\t\t\t<\/div>\n\t\t\t\t\t<\/div>\n\t\t\t\t<\/div>\n\t\t<div class=\"elementor-element elementor-element-24755f7 e-flex e-con-boxed e-con e-parent\" data-id=\"24755f7\" data-element_type=\"container\">\n\t\t\t\t\t<div class=\"e-con-inner\">\n\t\t\t\t<div class=\"elementor-element elementor-element-0e46834 elementor-widget elementor-widget-video\" data-id=\"0e46834\" data-element_type=\"widget\" data-settings=\"{&quot;youtube_url&quot;:&quot;https:\\\/\\\/www.youtube.com\\\/watch?v=UC8oGdfJkdI&quot;,&quot;video_type&quot;:&quot;youtube&quot;,&quot;controls&quot;:&quot;yes&quot;}\" data-widget_type=\"video.default\">\n\t\t\t\t<div class=\"elementor-widget-container\">\n\t\t\t\t\t\t\t<div class=\"elementor-wrapper elementor-open-inline\">\n\t\t\t<div class=\"elementor-video\"><\/div>\t\t<\/div>\n\t\t\t\t\t\t<\/div>\n\t\t\t\t<\/div>\n\t\t\t\t\t<\/div>\n\t\t\t\t<\/div>\n\t\t<div class=\"elementor-element elementor-element-d28021f e-flex e-con-boxed e-con e-parent\" data-id=\"d28021f\" data-element_type=\"container\">\n\t\t\t\t\t<div class=\"e-con-inner\">\n\t\t\t\t<div class=\"elementor-element elementor-element-e06ee49 elementor-widget elementor-widget-spacer\" data-id=\"e06ee49\" data-element_type=\"widget\" data-widget_type=\"spacer.default\">\n\t\t\t\t<div class=\"elementor-widget-container\">\n\t\t\t\t\t\t\t<div class=\"elementor-spacer\">\n\t\t\t<div class=\"elementor-spacer-inner\"><\/div>\n\t\t<\/div>\n\t\t\t\t\t\t<\/div>\n\t\t\t\t<\/div>\n\t\t\t\t\t<\/div>\n\t\t\t\t<\/div>\n\t\t<div class=\"elementor-element elementor-element-f5f958a e-flex e-con-boxed e-con e-parent\" data-id=\"f5f958a\" data-element_type=\"container\">\n\t\t\t\t\t<div class=\"e-con-inner\">\n\t\t\t\t<div class=\"elementor-element elementor-element-dc8093e elementor-widget elementor-widget-image\" data-id=\"dc8093e\" data-element_type=\"widget\" data-widget_type=\"image.default\">\n\t\t\t\t<div class=\"elementor-widget-container\">\n\t\t\t\t\t\t\t\t\t\t\t\t\t\t\t\t<a href=\"https:\/\/cctvacademy.be\/fr\/\">\n\t\t\t\t\t\t\t<img decoding=\"async\" width=\"60\" height=\"55\" src=\"https:\/\/i0.wp.com\/cctvacademy.be\/wp-content\/uploads\/2025\/11\/RAS-AIS-logo-v2-kopie.png?fit=60%2C55&amp;ssl=1\" class=\"elementor-animation-pulse attachment-large size-large wp-image-22808\" alt=\"RAS-AIS-logo-v2 kopie\" srcset=\"https:\/\/i0.wp.com\/cctvacademy.be\/wp-content\/uploads\/2025\/11\/RAS-AIS-logo-v2-kopie.png?w=60&amp;ssl=1 60w, https:\/\/i0.wp.com\/cctvacademy.be\/wp-content\/uploads\/2025\/11\/RAS-AIS-logo-v2-kopie.png?resize=13%2C12&amp;ssl=1 13w\" sizes=\"(max-width: 60px) 100vw, 60px\" \/>\t\t\t\t\t\t\t\t<\/a>\n\t\t\t\t\t\t\t\t\t\t\t\t\t\t\t<\/div>\n\t\t\t\t<\/div>\n\t\t\t\t\t<\/div>\n\t\t\t\t<\/div>\n\t\t<div class=\"elementor-element elementor-element-7dd4660 e-flex e-con-boxed e-con e-parent\" data-id=\"7dd4660\" data-element_type=\"container\">\n\t\t\t\t\t<div class=\"e-con-inner\">\n\t\t\t\t<div class=\"elementor-element elementor-element-d11a5d2 elementor-widget elementor-widget-spacer\" data-id=\"d11a5d2\" data-element_type=\"widget\" data-widget_type=\"spacer.default\">\n\t\t\t\t<div class=\"elementor-widget-container\">\n\t\t\t\t\t\t\t<div class=\"elementor-spacer\">\n\t\t\t<div class=\"elementor-spacer-inner\"><\/div>\n\t\t<\/div>\n\t\t\t\t\t\t<\/div>\n\t\t\t\t<\/div>\n\t\t\t\t\t<\/div>\n\t\t\t\t<\/div>\n\t\t\t\t<\/div>","protected":false},"excerpt":{"rendered":"<p>ONVIF en ONVIF-profielen: een korte uitleg ONVIF (Open Network Video Interface Forum) is een wereldwijd open standaardprotocol dat communicatie tussen IP-gebaseerde beveiligingsproducten zoals camera\u2019s, recorders en softwareplatforms mogelijk maakt \u2013 ongeacht het merk. Het doel van ONVIF is interoperabiliteit: producten van verschillende fabrikanten moeten probleemloos met elkaar kunnen samenwerken. Om die samenwerking te structureren, gebruikt [&hellip;]<\/p>\n","protected":false},"author":1,"featured_media":0,"parent":0,"menu_order":0,"comment_status":"closed","ping_status":"closed","template":"elementor_header_footer","meta":{"_acf_changed":false,"zakra_page_container_layout":"customizer","zakra_page_sidebar_layout":"customizer","zakra_remove_content_margin":false,"zakra_sidebar":"customizer","zakra_transparent_header":"customizer","zakra_logo":0,"zakra_main_header_style":"default","zakra_menu_item_color":"","zakra_menu_item_hover_color":"","zakra_menu_item_active_color":"","zakra_menu_active_style":"","zakra_page_header":true,"postBodyCss":"","postBodyMargin":[],"postBodyPadding":[],"postBodyBackground":{"backgroundType":"classic","gradient":""},"h5ap_radio_sources":[],"_glsr_average":0,"_glsr_ranking":0,"_glsr_reviews":0,"footnotes":""},"class_list":["post-8327","page","type-page","status-publish","hentry"],"acf":[],"yoast_head":"<!-- This site is optimized with the Yoast SEO plugin v27.3 - https:\/\/yoast.com\/product\/yoast-seo-wordpress\/ -->\n<title>Wat is het ONVIF Protocol ? - RAS\/AIS CCTV Academy<\/title>\n<meta name=\"robots\" content=\"index, follow, max-snippet:-1, max-image-preview:large, max-video-preview:-1\" \/>\n<link rel=\"canonical\" href=\"https:\/\/cctvacademy.be\/fr\/wat-is-het-onvif-protocol\/\" \/>\n<meta property=\"og:locale\" content=\"fr_FR\" \/>\n<meta property=\"og:type\" content=\"article\" \/>\n<meta property=\"og:title\" content=\"Wat is het ONVIF Protocol ? - RAS\/AIS CCTV Academy\" \/>\n<meta property=\"og:description\" content=\"ONVIF en ONVIF-profielen: een korte uitleg ONVIF (Open Network Video Interface Forum) is een wereldwijd open standaardprotocol dat communicatie tussen IP-gebaseerde beveiligingsproducten zoals camera\u2019s, recorders en softwareplatforms mogelijk maakt \u2013 ongeacht het merk. Het doel van ONVIF is interoperabiliteit: producten van verschillende fabrikanten moeten probleemloos met elkaar kunnen samenwerken. Om die samenwerking te structureren, gebruikt [&hellip;]\" \/>\n<meta property=\"og:url\" content=\"https:\/\/cctvacademy.be\/fr\/wat-is-het-onvif-protocol\/\" \/>\n<meta property=\"og:site_name\" content=\"RAS\/AIS CCTV Academy\" \/>\n<meta property=\"article:publisher\" content=\"https:\/\/www.facebook.com\/profile.php?id=61576769152561\" \/>\n<meta property=\"article:modified_time\" content=\"2025-11-19T18:52:02+00:00\" \/>\n<meta property=\"og:image\" content=\"https:\/\/cctvacademy.be\/wp-content\/uploads\/2025\/11\/RAS-AIS-logo-v2-kopie.png\" \/>\n<meta name=\"twitter:card\" content=\"summary_large_image\" \/>\n<script type=\"application\/ld+json\" class=\"yoast-schema-graph\">{\"@context\":\"https:\\\/\\\/schema.org\",\"@graph\":[{\"@type\":\"WebPage\",\"@id\":\"https:\\\/\\\/cctvacademy.be\\\/wat-is-het-onvif-protocol\\\/\",\"url\":\"https:\\\/\\\/cctvacademy.be\\\/wat-is-het-onvif-protocol\\\/\",\"name\":\"Wat is het ONVIF Protocol ? - RAS\\\/AIS CCTV Academy\",\"isPartOf\":{\"@id\":\"https:\\\/\\\/cctvacademy.be\\\/#website\"},\"primaryImageOfPage\":{\"@id\":\"https:\\\/\\\/cctvacademy.be\\\/wat-is-het-onvif-protocol\\\/#primaryimage\"},\"image\":{\"@id\":\"https:\\\/\\\/cctvacademy.be\\\/wat-is-het-onvif-protocol\\\/#primaryimage\"},\"thumbnailUrl\":\"https:\\\/\\\/cctvacademy.be\\\/wp-content\\\/uploads\\\/2025\\\/11\\\/RAS-AIS-logo-v2-kopie.png\",\"datePublished\":\"2025-07-07T13:23:07+00:00\",\"dateModified\":\"2025-11-19T18:52:02+00:00\",\"breadcrumb\":{\"@id\":\"https:\\\/\\\/cctvacademy.be\\\/wat-is-het-onvif-protocol\\\/#breadcrumb\"},\"inLanguage\":\"fr-BE\",\"potentialAction\":[{\"@type\":\"ReadAction\",\"target\":[\"https:\\\/\\\/cctvacademy.be\\\/wat-is-het-onvif-protocol\\\/\"]}]},{\"@type\":\"ImageObject\",\"inLanguage\":\"fr-BE\",\"@id\":\"https:\\\/\\\/cctvacademy.be\\\/wat-is-het-onvif-protocol\\\/#primaryimage\",\"url\":\"https:\\\/\\\/cctvacademy.be\\\/wp-content\\\/uploads\\\/2025\\\/11\\\/RAS-AIS-logo-v2-kopie.png\",\"contentUrl\":\"https:\\\/\\\/cctvacademy.be\\\/wp-content\\\/uploads\\\/2025\\\/11\\\/RAS-AIS-logo-v2-kopie.png\"},{\"@type\":\"BreadcrumbList\",\"@id\":\"https:\\\/\\\/cctvacademy.be\\\/wat-is-het-onvif-protocol\\\/#breadcrumb\",\"itemListElement\":[{\"@type\":\"ListItem\",\"position\":1,\"name\":\"Home\",\"item\":\"https:\\\/\\\/cctvacademy.be\\\/\"},{\"@type\":\"ListItem\",\"position\":2,\"name\":\"Wat is het ONVIF Protocol ?\"}]},{\"@type\":\"WebSite\",\"@id\":\"https:\\\/\\\/cctvacademy.be\\\/#website\",\"url\":\"https:\\\/\\\/cctvacademy.be\\\/\",\"name\":\"CCTV Academy\",\"description\":\"CCTV Opleidingen en CCTV Micro Learning\",\"potentialAction\":[{\"@type\":\"SearchAction\",\"target\":{\"@type\":\"EntryPoint\",\"urlTemplate\":\"https:\\\/\\\/cctvacademy.be\\\/?s={search_term_string}\"},\"query-input\":{\"@type\":\"PropertyValueSpecification\",\"valueRequired\":true,\"valueName\":\"search_term_string\"}}],\"inLanguage\":\"fr-BE\"}]}<\/script>\n<!-- \/ Yoast SEO plugin. -->","yoast_head_json":{"title":"Wat is het ONVIF Protocol ? - RAS\/AIS CCTV Academy","robots":{"index":"index","follow":"follow","max-snippet":"max-snippet:-1","max-image-preview":"max-image-preview:large","max-video-preview":"max-video-preview:-1"},"canonical":"https:\/\/cctvacademy.be\/fr\/wat-is-het-onvif-protocol\/","og_locale":"fr_FR","og_type":"article","og_title":"Wat is het ONVIF Protocol ? - RAS\/AIS CCTV Academy","og_description":"ONVIF en ONVIF-profielen: een korte uitleg ONVIF (Open Network Video Interface Forum) is een wereldwijd open standaardprotocol dat communicatie tussen IP-gebaseerde beveiligingsproducten zoals camera\u2019s, recorders en softwareplatforms mogelijk maakt \u2013 ongeacht het merk. Het doel van ONVIF is interoperabiliteit: producten van verschillende fabrikanten moeten probleemloos met elkaar kunnen samenwerken. Om die samenwerking te structureren, gebruikt [&hellip;]","og_url":"https:\/\/cctvacademy.be\/fr\/wat-is-het-onvif-protocol\/","og_site_name":"RAS\/AIS CCTV Academy","article_publisher":"https:\/\/www.facebook.com\/profile.php?id=61576769152561","article_modified_time":"2025-11-19T18:52:02+00:00","og_image":[{"url":"https:\/\/cctvacademy.be\/wp-content\/uploads\/2025\/11\/RAS-AIS-logo-v2-kopie.png","type":"","width":"","height":""}],"twitter_card":"summary_large_image","schema":{"@context":"https:\/\/schema.org","@graph":[{"@type":"WebPage","@id":"https:\/\/cctvacademy.be\/wat-is-het-onvif-protocol\/","url":"https:\/\/cctvacademy.be\/wat-is-het-onvif-protocol\/","name":"Wat is het ONVIF Protocol ? - RAS\/AIS CCTV Academy","isPartOf":{"@id":"https:\/\/cctvacademy.be\/#website"},"primaryImageOfPage":{"@id":"https:\/\/cctvacademy.be\/wat-is-het-onvif-protocol\/#primaryimage"},"image":{"@id":"https:\/\/cctvacademy.be\/wat-is-het-onvif-protocol\/#primaryimage"},"thumbnailUrl":"https:\/\/cctvacademy.be\/wp-content\/uploads\/2025\/11\/RAS-AIS-logo-v2-kopie.png","datePublished":"2025-07-07T13:23:07+00:00","dateModified":"2025-11-19T18:52:02+00:00","breadcrumb":{"@id":"https:\/\/cctvacademy.be\/wat-is-het-onvif-protocol\/#breadcrumb"},"inLanguage":"fr-BE","potentialAction":[{"@type":"ReadAction","target":["https:\/\/cctvacademy.be\/wat-is-het-onvif-protocol\/"]}]},{"@type":"ImageObject","inLanguage":"fr-BE","@id":"https:\/\/cctvacademy.be\/wat-is-het-onvif-protocol\/#primaryimage","url":"https:\/\/cctvacademy.be\/wp-content\/uploads\/2025\/11\/RAS-AIS-logo-v2-kopie.png","contentUrl":"https:\/\/cctvacademy.be\/wp-content\/uploads\/2025\/11\/RAS-AIS-logo-v2-kopie.png"},{"@type":"BreadcrumbList","@id":"https:\/\/cctvacademy.be\/wat-is-het-onvif-protocol\/#breadcrumb","itemListElement":[{"@type":"ListItem","position":1,"name":"Home","item":"https:\/\/cctvacademy.be\/"},{"@type":"ListItem","position":2,"name":"Wat is het ONVIF Protocol ?"}]},{"@type":"WebSite","@id":"https:\/\/cctvacademy.be\/#website","url":"https:\/\/cctvacademy.be\/","name":"CCTV Academy","description":"Formation \u00e0 la vid\u00e9osurveillance et micro-apprentissage de la vid\u00e9osurveillance","potentialAction":[{"@type":"SearchAction","target":{"@type":"EntryPoint","urlTemplate":"https:\/\/cctvacademy.be\/?s={search_term_string}"},"query-input":{"@type":"PropertyValueSpecification","valueRequired":true,"valueName":"search_term_string"}}],"inLanguage":"fr-BE"}]}},"jetpack_sharing_enabled":true,"_links":{"self":[{"href":"https:\/\/cctvacademy.be\/fr\/wp-json\/wp\/v2\/pages\/8327","targetHints":{"allow":["GET"]}}],"collection":[{"href":"https:\/\/cctvacademy.be\/fr\/wp-json\/wp\/v2\/pages"}],"about":[{"href":"https:\/\/cctvacademy.be\/fr\/wp-json\/wp\/v2\/types\/page"}],"author":[{"embeddable":true,"href":"https:\/\/cctvacademy.be\/fr\/wp-json\/wp\/v2\/users\/1"}],"replies":[{"embeddable":true,"href":"https:\/\/cctvacademy.be\/fr\/wp-json\/wp\/v2\/comments?post=8327"}],"version-history":[{"count":0,"href":"https:\/\/cctvacademy.be\/fr\/wp-json\/wp\/v2\/pages\/8327\/revisions"}],"wp:attachment":[{"href":"https:\/\/cctvacademy.be\/fr\/wp-json\/wp\/v2\/media?parent=8327"}],"curies":[{"name":"wp","href":"https:\/\/api.w.org\/{rel}","templated":true}]}}