{"id":8262,"date":"2025-07-05T12:25:39","date_gmt":"2025-07-05T12:25:39","guid":{"rendered":"https:\/\/rasopleidingcamerabewakingcursuscctv.be\/?page_id=8262"},"modified":"2026-04-27T09:18:34","modified_gmt":"2026-04-27T08:18:34","slug":"hoe-gevaarlijk-kan-ai-zijn","status":"publish","type":"page","link":"https:\/\/cctvacademy.be\/fr\/hoe-gevaarlijk-kan-ai-zijn\/","title":{"rendered":"\u00c0 quel point l'IA peut-elle \u00eatre dangereuse ?"},"content":{"rendered":"\t\t<div data-elementor-type=\"masteriyo-course-archive-page\" data-elementor-id=\"8262\" class=\"elementor elementor-8262\">\n\t\t\t\t<div class=\"elementor-element elementor-element-6f9f82b e-flex e-con-boxed e-con e-parent\" data-id=\"6f9f82b\" data-element_type=\"container\">\n\t\t\t\t\t<div class=\"e-con-inner\">\n\t\t\t\t<div class=\"elementor-element elementor-element-77c3078 elementor-widget elementor-widget-spacer\" data-id=\"77c3078\" data-element_type=\"widget\" data-widget_type=\"spacer.default\">\n\t\t\t\t<div class=\"elementor-widget-container\">\n\t\t\t\t\t\t\t<div class=\"elementor-spacer\">\n\t\t\t<div class=\"elementor-spacer-inner\"><\/div>\n\t\t<\/div>\n\t\t\t\t\t\t<\/div>\n\t\t\t\t<\/div>\n\t\t\t\t\t<\/div>\n\t\t\t\t<\/div>\n\t\t<div class=\"elementor-element elementor-element-4f87675 e-flex e-con-boxed e-con e-parent\" data-id=\"4f87675\" data-element_type=\"container\">\n\t\t\t\t\t<div class=\"e-con-inner\">\n\t\t\t\t<div class=\"elementor-element elementor-element-c934f86 elementor-widget elementor-widget-image\" data-id=\"c934f86\" data-element_type=\"widget\" data-widget_type=\"image.default\">\n\t\t\t\t<div class=\"elementor-widget-container\">\n\t\t\t\t\t\t\t\t\t\t\t\t\t\t\t<img fetchpriority=\"high\" decoding=\"async\" width=\"768\" height=\"768\" src=\"https:\/\/i0.wp.com\/cctvacademy.be\/wp-content\/uploads\/2026\/04\/i-tried-to-warn-them-but-we-ve-already-lost-control.jpg?fit=768%2C768&amp;ssl=1\" class=\"attachment-medium_large size-medium_large wp-image-44777\" alt=\"i tried to warn them but we ve already lost control\" srcset=\"https:\/\/i0.wp.com\/cctvacademy.be\/wp-content\/uploads\/2026\/04\/i-tried-to-warn-them-but-we-ve-already-lost-control.jpg?w=1024&amp;ssl=1 1024w, https:\/\/i0.wp.com\/cctvacademy.be\/wp-content\/uploads\/2026\/04\/i-tried-to-warn-them-but-we-ve-already-lost-control.jpg?resize=300%2C300&amp;ssl=1 300w, https:\/\/i0.wp.com\/cctvacademy.be\/wp-content\/uploads\/2026\/04\/i-tried-to-warn-them-but-we-ve-already-lost-control.jpg?resize=150%2C150&amp;ssl=1 150w, https:\/\/i0.wp.com\/cctvacademy.be\/wp-content\/uploads\/2026\/04\/i-tried-to-warn-them-but-we-ve-already-lost-control.jpg?resize=768%2C768&amp;ssl=1 768w, https:\/\/i0.wp.com\/cctvacademy.be\/wp-content\/uploads\/2026\/04\/i-tried-to-warn-them-but-we-ve-already-lost-control.jpg?resize=12%2C12&amp;ssl=1 12w, https:\/\/i0.wp.com\/cctvacademy.be\/wp-content\/uploads\/2026\/04\/i-tried-to-warn-them-but-we-ve-already-lost-control.jpg?resize=600%2C600&amp;ssl=1 600w, https:\/\/i0.wp.com\/cctvacademy.be\/wp-content\/uploads\/2026\/04\/i-tried-to-warn-them-but-we-ve-already-lost-control.jpg?resize=160%2C160&amp;ssl=1 160w\" sizes=\"(max-width: 768px) 100vw, 768px\" \/>\t\t\t\t\t\t\t\t\t\t\t\t\t\t\t<\/div>\n\t\t\t\t<\/div>\n\t\t\t\t\t<\/div>\n\t\t\t\t<\/div>\n\t\t<div class=\"elementor-element elementor-element-8b7fb56 e-flex e-con-boxed e-con e-parent\" data-id=\"8b7fb56\" data-element_type=\"container\">\n\t\t\t\t\t<div class=\"e-con-inner\">\n\t\t\t\t<div class=\"elementor-element elementor-element-5af4202 elementor-widget elementor-widget-spacer\" data-id=\"5af4202\" data-element_type=\"widget\" data-widget_type=\"spacer.default\">\n\t\t\t\t<div class=\"elementor-widget-container\">\n\t\t\t\t\t\t\t<div class=\"elementor-spacer\">\n\t\t\t<div class=\"elementor-spacer-inner\"><\/div>\n\t\t<\/div>\n\t\t\t\t\t\t<\/div>\n\t\t\t\t<\/div>\n\t\t\t\t\t<\/div>\n\t\t\t\t<\/div>\n\t\t<div class=\"elementor-element elementor-element-145a7ee e-flex e-con-boxed e-con e-parent\" data-id=\"145a7ee\" data-element_type=\"container\">\n\t\t\t\t\t<div class=\"e-con-inner\">\n\t\t<div class=\"elementor-element elementor-element-3d0fd12 e-con-full e-flex e-con e-child\" data-id=\"3d0fd12\" data-element_type=\"container\" data-settings=\"{&quot;background_background&quot;:&quot;gradient&quot;}\">\n\t\t<div class=\"elementor-element elementor-element-0c99484 e-con-full e-flex e-con e-child\" data-id=\"0c99484\" data-element_type=\"container\">\n\t\t\t\t<div class=\"elementor-element elementor-element-9a6579b elementor-widget elementor-widget-text-editor\" data-id=\"9a6579b\" data-element_type=\"widget\" data-widget_type=\"text-editor.default\">\n\t\t\t\t<div class=\"elementor-widget-container\">\n\t\t\t\t\t\t\t\t\t<div class=\"min-h-8 text-message relative flex w-full flex-col items-end gap-2 text-start break-words whitespace-normal [.text-message+&amp;]:mt-1\" dir=\"auto\" data-message-author-role=\"assistant\" data-message-id=\"d436dcc2-9094-4169-89bd-a37ccd0369a6\" data-message-model-slug=\"gpt-5-1\"><div class=\"flex w-full flex-col gap-1 empty:hidden first:pt-[1px]\"><div class=\"markdown prose dark:prose-invert w-full break-words light markdown-new-styling\"><p data-start=\"231\" data-end=\"615\"><span style=\"color: #000000;\">Geoffrey Hinton is een vooraanstaand computerwetenschapper en cognitief psycholoog,<\/span><\/p><p data-start=\"231\" data-end=\"615\"><span style=\"color: #000000;\">wereldwijd erkend als de \u2018Godfather van AI\u2019 vanwege zijn baanbrekende werk<\/span><\/p><p data-start=\"231\" data-end=\"615\"><span style=\"color: #000000;\">op het gebied van neurale netwerken en deep learning.\u00a0<\/span><\/p><p data-start=\"231\" data-end=\"615\">\u00a0<\/p><p data-start=\"231\" data-end=\"615\"><span style=\"color: #000000;\">In 2018 ontving hij de Turing Award, ook wel de Nobelprijs voor informatica genoemd.\u00a0<\/span><\/p><p data-start=\"231\" data-end=\"615\"><span style=\"color: #000000;\">In 2023 verliet hij Google om mensen te waarschuwen voor de toenemende gevaren van AI.<\/span><\/p><\/div><\/div><\/div>\t\t\t\t\t\t\t\t<\/div>\n\t\t\t\t<\/div>\n\t\t\t\t<\/div>\n\t\t\t\t<\/div>\n\t\t\t\t\t<\/div>\n\t\t\t\t<\/div>\n\t\t<div class=\"elementor-element elementor-element-520fb20 e-flex e-con-boxed e-con e-parent\" data-id=\"520fb20\" data-element_type=\"container\">\n\t\t\t\t\t<div class=\"e-con-inner\">\n\t\t<div class=\"elementor-element elementor-element-37ba40a e-con-full e-flex e-con e-child\" data-id=\"37ba40a\" data-element_type=\"container\" data-settings=\"{&quot;background_background&quot;:&quot;gradient&quot;}\">\n\t\t<div class=\"elementor-element elementor-element-3d39eab e-con-full e-flex e-con e-child\" data-id=\"3d39eab\" data-element_type=\"container\">\n\t\t\t\t<div class=\"elementor-element elementor-element-8129cbe elementor-widget elementor-widget-text-editor\" data-id=\"8129cbe\" data-element_type=\"widget\" data-widget_type=\"text-editor.default\">\n\t\t\t\t<div class=\"elementor-widget-container\">\n\t\t\t\t\t\t\t\t\t<div class=\"min-h-8 text-message relative flex w-full flex-col items-end gap-2 text-start break-words whitespace-normal [.text-message+&amp;]:mt-1\" dir=\"auto\" data-message-author-role=\"assistant\" data-message-id=\"d436dcc2-9094-4169-89bd-a37ccd0369a6\" data-message-model-slug=\"gpt-5-1\"><div class=\"flex w-full flex-col gap-1 empty:hidden first:pt-[1px]\"><div class=\"markdown prose dark:prose-invert w-full break-words light markdown-new-styling\"><p data-start=\"122\" data-end=\"641\"><span style=\"color: #000000;\">Geoffrey Hinton, bekend als de &#8216;Godfather van AI&#8217;, heeft een belangrijke waarschuwing voor de wereld.<\/span><\/p><p data-start=\"122\" data-end=\"641\"><span style=\"color: #000000;\">Hij was een pionier in kunstmatige intelligentie, maar vreest nu dat we de controle over AI al verloren zijn.<\/span><\/p><p data-start=\"122\" data-end=\"641\">\u00a0<\/p><p data-start=\"122\" data-end=\"641\"><span style=\"color: #000000;\">In een openhartig interview vertelt hij over de gevaren van AI,<\/span><\/p><p data-start=\"122\" data-end=\"641\"><span style=\"color: #000000;\">waaronder een re\u00eble kans op menselijke uitsterving, het risico van misbruik<\/span><\/p><p data-start=\"122\" data-end=\"641\"><span style=\"color: #000000;\">en zijn persoonlijke spijt over zijn rol in de ontwikkeling ervan.\u00a0<\/span><\/p><p data-start=\"122\" data-end=\"641\">\u00a0<\/p><p data-start=\"122\" data-end=\"641\"><span style=\"color: #000000;\">Toch erkent hij ook het enorme potentieel van AI voor gezondheidszorg,<\/span><\/p><p data-start=\"122\" data-end=\"641\"><span style=\"color: #000000;\">onderwijs en productiviteit.<\/span><\/p><\/div><\/div><\/div>\t\t\t\t\t\t\t\t<\/div>\n\t\t\t\t<\/div>\n\t\t\t\t<\/div>\n\t\t\t\t<\/div>\n\t\t\t\t\t<\/div>\n\t\t\t\t<\/div>\n\t\t<div class=\"elementor-element elementor-element-af1a20b e-flex e-con-boxed e-con e-parent\" data-id=\"af1a20b\" data-element_type=\"container\">\n\t\t\t\t\t<div class=\"e-con-inner\">\n\t\t<div class=\"elementor-element elementor-element-2b8b0f2 e-con-full e-flex e-con e-child\" data-id=\"2b8b0f2\" data-element_type=\"container\" data-settings=\"{&quot;background_background&quot;:&quot;gradient&quot;}\">\n\t\t<div class=\"elementor-element elementor-element-49f91d9 e-con-full e-flex e-con e-child\" data-id=\"49f91d9\" data-element_type=\"container\">\n\t\t\t\t<div class=\"elementor-element elementor-element-24d0f9f elementor-widget elementor-widget-text-editor\" data-id=\"24d0f9f\" data-element_type=\"widget\" data-widget_type=\"text-editor.default\">\n\t\t\t\t<div class=\"elementor-widget-container\">\n\t\t\t\t\t\t\t\t\t<div class=\"min-h-8 text-message relative flex w-full flex-col items-end gap-2 text-start break-words whitespace-normal [.text-message+&amp;]:mt-1\" dir=\"auto\" data-message-author-role=\"assistant\" data-message-id=\"d436dcc2-9094-4169-89bd-a37ccd0369a6\" data-message-model-slug=\"gpt-5-1\"><div class=\"flex w-full flex-col gap-1 empty:hidden first:pt-[1px]\"><div class=\"markdown prose dark:prose-invert w-full break-words light markdown-new-styling\"><p data-start=\"61\" data-end=\"500\"><span style=\"color: #000000;\">Hij was een pionier op het gebied van AI,<\/span><\/p><p data-start=\"61\" data-end=\"500\"><span style=\"color: #000000;\">en nu waarschuwt hij de wereld.<\/span><\/p><p data-start=\"61\" data-end=\"500\">\u00a0<\/p><p data-start=\"61\" data-end=\"500\"><span style=\"color: #000000;\">\u2018Godfather van AI\u2019 Geoffrey Hinton doorbreekt zijn stilzwijgen<\/span><\/p><p data-start=\"61\" data-end=\"500\"><span style=\"color: #000000;\">over de dodelijke gevaren van AI waarvoor niemand voorbereid is.<\/span><\/p><\/div><\/div><\/div>\t\t\t\t\t\t\t\t<\/div>\n\t\t\t\t<\/div>\n\t\t\t\t<\/div>\n\t\t\t\t<\/div>\n\t\t\t\t\t<\/div>\n\t\t\t\t<\/div>\n\t\t<div class=\"elementor-element elementor-element-8c85f5f e-flex e-con-boxed e-con e-parent\" data-id=\"8c85f5f\" data-element_type=\"container\">\n\t\t\t\t\t<div class=\"e-con-inner\">\n\t\t\t\t<div class=\"elementor-element elementor-element-18c19da elementor-widget elementor-widget-spacer\" data-id=\"18c19da\" data-element_type=\"widget\" data-widget_type=\"spacer.default\">\n\t\t\t\t<div class=\"elementor-widget-container\">\n\t\t\t\t\t\t\t<div class=\"elementor-spacer\">\n\t\t\t<div class=\"elementor-spacer-inner\"><\/div>\n\t\t<\/div>\n\t\t\t\t\t\t<\/div>\n\t\t\t\t<\/div>\n\t\t\t\t\t<\/div>\n\t\t\t\t<\/div>\n\t\t<div class=\"elementor-element elementor-element-951b96d e-flex e-con-boxed e-con e-parent\" data-id=\"951b96d\" data-element_type=\"container\">\n\t\t\t\t\t<div class=\"e-con-inner\">\n\t\t\t\t<div class=\"elementor-element elementor-element-95adf82 elementor-widget elementor-widget-html\" data-id=\"95adf82\" data-element_type=\"widget\" data-widget_type=\"html.default\">\n\t\t\t\t<div class=\"elementor-widget-container\">\n\t\t\t\t\t<iframe width=\"1840\" height=\"1035\" src=\"https:\/\/www.youtube.com\/embed\/giT0ytynSqg\" title=\"Godfather of AI: They Keep Silencing Me But I\u2019m Trying to Warn Them!\" frameborder=\"0\" allow=\"accelerometer; autoplay; clipboard-write; encrypted-media; gyroscope; picture-in-picture; web-share\" referrerpolicy=\"strict-origin-when-cross-origin\" allowfullscreen><\/iframe>\t\t\t\t<\/div>\n\t\t\t\t<\/div>\n\t\t\t\t\t<\/div>\n\t\t\t\t<\/div>\n\t\t<div class=\"elementor-element elementor-element-4a69bd4 e-flex e-con-boxed e-con e-parent\" data-id=\"4a69bd4\" data-element_type=\"container\">\n\t\t\t\t\t<div class=\"e-con-inner\">\n\t\t\t\t<div class=\"elementor-element elementor-element-c67a223 elementor-widget elementor-widget-spacer\" data-id=\"c67a223\" data-element_type=\"widget\" data-widget_type=\"spacer.default\">\n\t\t\t\t<div class=\"elementor-widget-container\">\n\t\t\t\t\t\t\t<div class=\"elementor-spacer\">\n\t\t\t<div class=\"elementor-spacer-inner\"><\/div>\n\t\t<\/div>\n\t\t\t\t\t\t<\/div>\n\t\t\t\t<\/div>\n\t\t\t\t<div class=\"elementor-element elementor-element-5cf69c4 elementor-widget elementor-widget-image\" data-id=\"5cf69c4\" data-element_type=\"widget\" data-widget_type=\"image.default\">\n\t\t\t\t<div class=\"elementor-widget-container\">\n\t\t\t\t\t\t\t\t\t\t\t\t\t\t\t\t<a href=\"https:\/\/cctvacademy.be\/nl\/kunstmatige-intelligentie-ai\/\">\n\t\t\t\t\t\t\t<img decoding=\"async\" width=\"300\" height=\"169\" src=\"https:\/\/i0.wp.com\/cctvacademy.be\/wp-content\/uploads\/2026\/03\/overzicht.jpg?fit=300%2C169&amp;ssl=1\" class=\"attachment-medium size-medium wp-image-40499\" alt=\"\" srcset=\"https:\/\/i0.wp.com\/cctvacademy.be\/wp-content\/uploads\/2026\/03\/overzicht.jpg?w=1280&amp;ssl=1 1280w, https:\/\/i0.wp.com\/cctvacademy.be\/wp-content\/uploads\/2026\/03\/overzicht.jpg?resize=300%2C169&amp;ssl=1 300w, https:\/\/i0.wp.com\/cctvacademy.be\/wp-content\/uploads\/2026\/03\/overzicht.jpg?resize=1024%2C576&amp;ssl=1 1024w, https:\/\/i0.wp.com\/cctvacademy.be\/wp-content\/uploads\/2026\/03\/overzicht.jpg?resize=768%2C432&amp;ssl=1 768w, https:\/\/i0.wp.com\/cctvacademy.be\/wp-content\/uploads\/2026\/03\/overzicht.jpg?resize=18%2C10&amp;ssl=1 18w, https:\/\/i0.wp.com\/cctvacademy.be\/wp-content\/uploads\/2026\/03\/overzicht.jpg?resize=600%2C338&amp;ssl=1 600w, https:\/\/i0.wp.com\/cctvacademy.be\/wp-content\/uploads\/2026\/03\/overzicht.jpg?resize=280%2C158&amp;ssl=1 280w\" sizes=\"(max-width: 300px) 100vw, 300px\" \/>\t\t\t\t\t\t\t\t<\/a>\n\t\t\t\t\t\t\t\t\t\t\t\t\t\t\t<\/div>\n\t\t\t\t<\/div>\n\t\t\t\t\t<\/div>\n\t\t\t\t<\/div>\n\t\t<div class=\"elementor-element elementor-element-41a1cb8 e-flex e-con-boxed e-con e-parent\" data-id=\"41a1cb8\" data-element_type=\"container\">\n\t\t\t\t\t<div class=\"e-con-inner\">\n\t\t\t\t<div class=\"elementor-element elementor-element-a69d66e elementor-widget elementor-widget-spacer\" data-id=\"a69d66e\" data-element_type=\"widget\" data-widget_type=\"spacer.default\">\n\t\t\t\t<div class=\"elementor-widget-container\">\n\t\t\t\t\t\t\t<div class=\"elementor-spacer\">\n\t\t\t<div class=\"elementor-spacer-inner\"><\/div>\n\t\t<\/div>\n\t\t\t\t\t\t<\/div>\n\t\t\t\t<\/div>\n\t\t\t\t\t<\/div>\n\t\t\t\t<\/div>\n\t\t<div class=\"elementor-element elementor-element-972e3ac e-flex e-con-boxed e-con e-parent\" data-id=\"972e3ac\" data-element_type=\"container\">\n\t\t\t\t\t<div class=\"e-con-inner\">\n\t\t\t\t<div class=\"elementor-element elementor-element-de84d95 elementor-widget elementor-widget-image\" data-id=\"de84d95\" data-element_type=\"widget\" data-widget_type=\"image.default\">\n\t\t\t\t<div class=\"elementor-widget-container\">\n\t\t\t\t\t\t\t\t\t\t\t\t\t\t\t\t<a href=\"https:\/\/cctvacademy.be\">\n\t\t\t\t\t\t\t<img decoding=\"async\" width=\"60\" height=\"55\" src=\"https:\/\/i0.wp.com\/cctvacademy.be\/wp-content\/uploads\/2025\/11\/RAS-AIS-logo-v2-kopie.png?fit=60%2C55&amp;ssl=1\" class=\"elementor-animation-pulse attachment-large size-large wp-image-22808\" alt=\"RAS-AIS-logo-v2 kopie\" srcset=\"https:\/\/i0.wp.com\/cctvacademy.be\/wp-content\/uploads\/2025\/11\/RAS-AIS-logo-v2-kopie.png?w=60&amp;ssl=1 60w, https:\/\/i0.wp.com\/cctvacademy.be\/wp-content\/uploads\/2025\/11\/RAS-AIS-logo-v2-kopie.png?resize=13%2C12&amp;ssl=1 13w\" sizes=\"(max-width: 60px) 100vw, 60px\" \/>\t\t\t\t\t\t\t\t<\/a>\n\t\t\t\t\t\t\t\t\t\t\t\t\t\t\t<\/div>\n\t\t\t\t<\/div>\n\t\t\t\t\t<\/div>\n\t\t\t\t<\/div>\n\t\t<div class=\"elementor-element elementor-element-09789ca e-flex e-con-boxed e-con e-parent\" data-id=\"09789ca\" data-element_type=\"container\">\n\t\t\t\t\t<div class=\"e-con-inner\">\n\t\t\t\t<div class=\"elementor-element elementor-element-1201d27 elementor-widget elementor-widget-spacer\" data-id=\"1201d27\" data-element_type=\"widget\" data-widget_type=\"spacer.default\">\n\t\t\t\t<div class=\"elementor-widget-container\">\n\t\t\t\t\t\t\t<div class=\"elementor-spacer\">\n\t\t\t<div class=\"elementor-spacer-inner\"><\/div>\n\t\t<\/div>\n\t\t\t\t\t\t<\/div>\n\t\t\t\t<\/div>\n\t\t\t\t\t<\/div>\n\t\t\t\t<\/div>\n\t\t\t\t<\/div>\n\t\t","protected":false},"excerpt":{"rendered":"<p>Geoffrey Hinton is een vooraanstaand computerwetenschapper en cognitief psycholoog, wereldwijd erkend als de \u2018Godfather van AI\u2019 vanwege zijn baanbrekende werk op het gebied van neurale netwerken en deep learning.\u00a0 \u00a0 In 2018 ontving hij de Turing Award, ook wel de Nobelprijs voor informatica genoemd.\u00a0 In 2023 verliet hij Google om mensen te waarschuwen voor de [&hellip;]<\/p>\n","protected":false},"author":1,"featured_media":0,"parent":0,"menu_order":0,"comment_status":"closed","ping_status":"closed","template":"elementor_canvas","meta":{"_acf_changed":false,"zakra_page_container_layout":"customizer","zakra_page_sidebar_layout":"customizer","zakra_remove_content_margin":false,"zakra_sidebar":"customizer","zakra_transparent_header":"customizer","zakra_logo":0,"zakra_main_header_style":"default","zakra_menu_item_color":"","zakra_menu_item_hover_color":"","zakra_menu_item_active_color":"","zakra_menu_active_style":"","zakra_page_header":true,"postBodyCss":"","postBodyMargin":[],"postBodyPadding":[],"postBodyBackground":{"backgroundType":"classic","gradient":""},"h5ap_radio_sources":[],"_glsr_average":0,"_glsr_ranking":0,"_glsr_reviews":0,"footnotes":""},"class_list":["post-8262","page","type-page","status-publish","hentry"],"acf":[],"yoast_head":"<!-- This site is optimized with the Yoast SEO plugin v27.3 - https:\/\/yoast.com\/product\/yoast-seo-wordpress\/ -->\n<title>Hoe gevaarlijk kan AI zijn ? - RAS\/AIS CCTV Academy<\/title>\n<meta name=\"robots\" content=\"index, follow, max-snippet:-1, max-image-preview:large, max-video-preview:-1\" \/>\n<link rel=\"canonical\" href=\"https:\/\/cctvacademy.be\/fr\/hoe-gevaarlijk-kan-ai-zijn\/\" \/>\n<meta property=\"og:locale\" content=\"fr_FR\" \/>\n<meta property=\"og:type\" content=\"article\" \/>\n<meta property=\"og:title\" content=\"Hoe gevaarlijk kan AI zijn ? - RAS\/AIS CCTV Academy\" \/>\n<meta property=\"og:description\" content=\"Geoffrey Hinton is een vooraanstaand computerwetenschapper en cognitief psycholoog, wereldwijd erkend als de \u2018Godfather van AI\u2019 vanwege zijn baanbrekende werk op het gebied van neurale netwerken en deep learning.\u00a0 \u00a0 In 2018 ontving hij de Turing Award, ook wel de Nobelprijs voor informatica genoemd.\u00a0 In 2023 verliet hij Google om mensen te waarschuwen voor de [&hellip;]\" \/>\n<meta property=\"og:url\" content=\"https:\/\/cctvacademy.be\/fr\/hoe-gevaarlijk-kan-ai-zijn\/\" \/>\n<meta property=\"og:site_name\" content=\"RAS\/AIS CCTV Academy\" \/>\n<meta property=\"article:publisher\" content=\"https:\/\/www.facebook.com\/profile.php?id=61576769152561\" \/>\n<meta property=\"article:modified_time\" content=\"2026-04-27T08:18:34+00:00\" \/>\n<meta property=\"og:image\" content=\"https:\/\/cctvacademy.be\/wp-content\/uploads\/2026\/04\/i-tried-to-warn-them-but-we-ve-already-lost-control-768x768.jpg\" \/>\n<meta name=\"twitter:card\" content=\"summary_large_image\" \/>\n<script type=\"application\/ld+json\" class=\"yoast-schema-graph\">{\"@context\":\"https:\\\/\\\/schema.org\",\"@graph\":[{\"@type\":\"WebPage\",\"@id\":\"https:\\\/\\\/cctvacademy.be\\\/hoe-gevaarlijk-kan-ai-zijn\\\/\",\"url\":\"https:\\\/\\\/cctvacademy.be\\\/hoe-gevaarlijk-kan-ai-zijn\\\/\",\"name\":\"Hoe gevaarlijk kan AI zijn ? - RAS\\\/AIS CCTV Academy\",\"isPartOf\":{\"@id\":\"https:\\\/\\\/cctvacademy.be\\\/#website\"},\"primaryImageOfPage\":{\"@id\":\"https:\\\/\\\/cctvacademy.be\\\/hoe-gevaarlijk-kan-ai-zijn\\\/#primaryimage\"},\"image\":{\"@id\":\"https:\\\/\\\/cctvacademy.be\\\/hoe-gevaarlijk-kan-ai-zijn\\\/#primaryimage\"},\"thumbnailUrl\":\"https:\\\/\\\/cctvacademy.be\\\/wp-content\\\/uploads\\\/2026\\\/04\\\/i-tried-to-warn-them-but-we-ve-already-lost-control-768x768.jpg\",\"datePublished\":\"2025-07-05T12:25:39+00:00\",\"dateModified\":\"2026-04-27T08:18:34+00:00\",\"breadcrumb\":{\"@id\":\"https:\\\/\\\/cctvacademy.be\\\/hoe-gevaarlijk-kan-ai-zijn\\\/#breadcrumb\"},\"inLanguage\":\"fr-BE\",\"potentialAction\":[{\"@type\":\"ReadAction\",\"target\":[\"https:\\\/\\\/cctvacademy.be\\\/hoe-gevaarlijk-kan-ai-zijn\\\/\"]}]},{\"@type\":\"ImageObject\",\"inLanguage\":\"fr-BE\",\"@id\":\"https:\\\/\\\/cctvacademy.be\\\/hoe-gevaarlijk-kan-ai-zijn\\\/#primaryimage\",\"url\":\"https:\\\/\\\/cctvacademy.be\\\/wp-content\\\/uploads\\\/2026\\\/04\\\/i-tried-to-warn-them-but-we-ve-already-lost-control-768x768.jpg\",\"contentUrl\":\"https:\\\/\\\/cctvacademy.be\\\/wp-content\\\/uploads\\\/2026\\\/04\\\/i-tried-to-warn-them-but-we-ve-already-lost-control-768x768.jpg\"},{\"@type\":\"BreadcrumbList\",\"@id\":\"https:\\\/\\\/cctvacademy.be\\\/hoe-gevaarlijk-kan-ai-zijn\\\/#breadcrumb\",\"itemListElement\":[{\"@type\":\"ListItem\",\"position\":1,\"name\":\"Home\",\"item\":\"https:\\\/\\\/cctvacademy.be\\\/\"},{\"@type\":\"ListItem\",\"position\":2,\"name\":\"Hoe gevaarlijk kan AI zijn ?\"}]},{\"@type\":\"WebSite\",\"@id\":\"https:\\\/\\\/cctvacademy.be\\\/#website\",\"url\":\"https:\\\/\\\/cctvacademy.be\\\/\",\"name\":\"CCTV Academy\",\"description\":\"CCTV Opleidingen en CCTV Micro Learning\",\"potentialAction\":[{\"@type\":\"SearchAction\",\"target\":{\"@type\":\"EntryPoint\",\"urlTemplate\":\"https:\\\/\\\/cctvacademy.be\\\/?s={search_term_string}\"},\"query-input\":{\"@type\":\"PropertyValueSpecification\",\"valueRequired\":true,\"valueName\":\"search_term_string\"}}],\"inLanguage\":\"fr-BE\"}]}<\/script>\n<!-- \/ Yoast SEO plugin. -->","yoast_head_json":{"title":"Hoe gevaarlijk kan AI zijn ? - RAS\/AIS CCTV Academy","robots":{"index":"index","follow":"follow","max-snippet":"max-snippet:-1","max-image-preview":"max-image-preview:large","max-video-preview":"max-video-preview:-1"},"canonical":"https:\/\/cctvacademy.be\/fr\/hoe-gevaarlijk-kan-ai-zijn\/","og_locale":"fr_FR","og_type":"article","og_title":"Hoe gevaarlijk kan AI zijn ? - RAS\/AIS CCTV Academy","og_description":"Geoffrey Hinton is een vooraanstaand computerwetenschapper en cognitief psycholoog, wereldwijd erkend als de \u2018Godfather van AI\u2019 vanwege zijn baanbrekende werk op het gebied van neurale netwerken en deep learning.\u00a0 \u00a0 In 2018 ontving hij de Turing Award, ook wel de Nobelprijs voor informatica genoemd.\u00a0 In 2023 verliet hij Google om mensen te waarschuwen voor de [&hellip;]","og_url":"https:\/\/cctvacademy.be\/fr\/hoe-gevaarlijk-kan-ai-zijn\/","og_site_name":"RAS\/AIS CCTV Academy","article_publisher":"https:\/\/www.facebook.com\/profile.php?id=61576769152561","article_modified_time":"2026-04-27T08:18:34+00:00","og_image":[{"url":"https:\/\/cctvacademy.be\/wp-content\/uploads\/2026\/04\/i-tried-to-warn-them-but-we-ve-already-lost-control-768x768.jpg","type":"","width":"","height":""}],"twitter_card":"summary_large_image","schema":{"@context":"https:\/\/schema.org","@graph":[{"@type":"WebPage","@id":"https:\/\/cctvacademy.be\/hoe-gevaarlijk-kan-ai-zijn\/","url":"https:\/\/cctvacademy.be\/hoe-gevaarlijk-kan-ai-zijn\/","name":"Hoe gevaarlijk kan AI zijn ? - RAS\/AIS CCTV Academy","isPartOf":{"@id":"https:\/\/cctvacademy.be\/#website"},"primaryImageOfPage":{"@id":"https:\/\/cctvacademy.be\/hoe-gevaarlijk-kan-ai-zijn\/#primaryimage"},"image":{"@id":"https:\/\/cctvacademy.be\/hoe-gevaarlijk-kan-ai-zijn\/#primaryimage"},"thumbnailUrl":"https:\/\/cctvacademy.be\/wp-content\/uploads\/2026\/04\/i-tried-to-warn-them-but-we-ve-already-lost-control-768x768.jpg","datePublished":"2025-07-05T12:25:39+00:00","dateModified":"2026-04-27T08:18:34+00:00","breadcrumb":{"@id":"https:\/\/cctvacademy.be\/hoe-gevaarlijk-kan-ai-zijn\/#breadcrumb"},"inLanguage":"fr-BE","potentialAction":[{"@type":"ReadAction","target":["https:\/\/cctvacademy.be\/hoe-gevaarlijk-kan-ai-zijn\/"]}]},{"@type":"ImageObject","inLanguage":"fr-BE","@id":"https:\/\/cctvacademy.be\/hoe-gevaarlijk-kan-ai-zijn\/#primaryimage","url":"https:\/\/cctvacademy.be\/wp-content\/uploads\/2026\/04\/i-tried-to-warn-them-but-we-ve-already-lost-control-768x768.jpg","contentUrl":"https:\/\/cctvacademy.be\/wp-content\/uploads\/2026\/04\/i-tried-to-warn-them-but-we-ve-already-lost-control-768x768.jpg"},{"@type":"BreadcrumbList","@id":"https:\/\/cctvacademy.be\/hoe-gevaarlijk-kan-ai-zijn\/#breadcrumb","itemListElement":[{"@type":"ListItem","position":1,"name":"Home","item":"https:\/\/cctvacademy.be\/"},{"@type":"ListItem","position":2,"name":"Hoe gevaarlijk kan AI zijn ?"}]},{"@type":"WebSite","@id":"https:\/\/cctvacademy.be\/#website","url":"https:\/\/cctvacademy.be\/","name":"CCTV Academy","description":"Formation \u00e0 la vid\u00e9osurveillance et micro-apprentissage de la vid\u00e9osurveillance","potentialAction":[{"@type":"SearchAction","target":{"@type":"EntryPoint","urlTemplate":"https:\/\/cctvacademy.be\/?s={search_term_string}"},"query-input":{"@type":"PropertyValueSpecification","valueRequired":true,"valueName":"search_term_string"}}],"inLanguage":"fr-BE"}]}},"jetpack_sharing_enabled":true,"_links":{"self":[{"href":"https:\/\/cctvacademy.be\/fr\/wp-json\/wp\/v2\/pages\/8262","targetHints":{"allow":["GET"]}}],"collection":[{"href":"https:\/\/cctvacademy.be\/fr\/wp-json\/wp\/v2\/pages"}],"about":[{"href":"https:\/\/cctvacademy.be\/fr\/wp-json\/wp\/v2\/types\/page"}],"author":[{"embeddable":true,"href":"https:\/\/cctvacademy.be\/fr\/wp-json\/wp\/v2\/users\/1"}],"replies":[{"embeddable":true,"href":"https:\/\/cctvacademy.be\/fr\/wp-json\/wp\/v2\/comments?post=8262"}],"version-history":[{"count":0,"href":"https:\/\/cctvacademy.be\/fr\/wp-json\/wp\/v2\/pages\/8262\/revisions"}],"wp:attachment":[{"href":"https:\/\/cctvacademy.be\/fr\/wp-json\/wp\/v2\/media?parent=8262"}],"curies":[{"name":"wp","href":"https:\/\/api.w.org\/{rel}","templated":true}]}}