{"id":8246,"date":"2025-07-05T10:45:47","date_gmt":"2025-07-05T10:45:47","guid":{"rendered":"https:\/\/rasopleidingcamerabewakingcursuscctv.be\/?page_id=8246"},"modified":"2026-04-27T09:15:50","modified_gmt":"2026-04-27T08:15:50","slug":"wat-iedereen-verkeerd-begrijpt-over-ai-en-deep-learning","status":"publish","type":"page","link":"https:\/\/cctvacademy.be\/fr\/wat-iedereen-verkeerd-begrijpt-over-ai-en-deep-learning\/","title":{"rendered":"Wat iedereen verkeerd begrijpt over AI en Deep Learning"},"content":{"rendered":"\t\t<div data-elementor-type=\"masteriyo-course-archive-page\" data-elementor-id=\"8246\" class=\"elementor elementor-8246\">\n\t\t\t\t<div class=\"elementor-element elementor-element-3785c77 e-flex e-con-boxed e-con e-parent\" data-id=\"3785c77\" data-element_type=\"container\">\n\t\t\t\t\t<div class=\"e-con-inner\">\n\t\t\t\t<div class=\"elementor-element elementor-element-88a9530 elementor-widget elementor-widget-spacer\" data-id=\"88a9530\" data-element_type=\"widget\" data-widget_type=\"spacer.default\">\n\t\t\t\t<div class=\"elementor-widget-container\">\n\t\t\t\t\t\t\t<div class=\"elementor-spacer\">\n\t\t\t<div class=\"elementor-spacer-inner\"><\/div>\n\t\t<\/div>\n\t\t\t\t\t\t<\/div>\n\t\t\t\t<\/div>\n\t\t\t\t\t<\/div>\n\t\t\t\t<\/div>\n\t\t<div class=\"elementor-element elementor-element-7de82d8 e-flex e-con-boxed e-con e-parent\" data-id=\"7de82d8\" data-element_type=\"container\">\n\t\t\t\t\t<div class=\"e-con-inner\">\n\t\t\t\t<div class=\"elementor-element elementor-element-bf9bcb8 elementor-widget elementor-widget-image\" data-id=\"bf9bcb8\" data-element_type=\"widget\" data-widget_type=\"image.default\">\n\t\t\t\t<div class=\"elementor-widget-container\">\n\t\t\t\t\t\t\t\t\t\t\t\t\t\t\t<img fetchpriority=\"high\" decoding=\"async\" width=\"768\" height=\"768\" src=\"https:\/\/i0.wp.com\/cctvacademy.be\/wp-content\/uploads\/2026\/04\/WAT-IEDEREEN-VERKEERD-BEGRIJPT-OVER-AI-EN-DEEP-LEARNING.jpg?fit=768%2C768&amp;ssl=1\" class=\"attachment-medium_large size-medium_large wp-image-44781\" alt=\"WAT IEDEREEN VERKEERD BEGRIJPT OVER AI EN DEEP LEARNING\" srcset=\"https:\/\/i0.wp.com\/cctvacademy.be\/wp-content\/uploads\/2026\/04\/WAT-IEDEREEN-VERKEERD-BEGRIJPT-OVER-AI-EN-DEEP-LEARNING.jpg?w=1024&amp;ssl=1 1024w, https:\/\/i0.wp.com\/cctvacademy.be\/wp-content\/uploads\/2026\/04\/WAT-IEDEREEN-VERKEERD-BEGRIJPT-OVER-AI-EN-DEEP-LEARNING.jpg?resize=300%2C300&amp;ssl=1 300w, https:\/\/i0.wp.com\/cctvacademy.be\/wp-content\/uploads\/2026\/04\/WAT-IEDEREEN-VERKEERD-BEGRIJPT-OVER-AI-EN-DEEP-LEARNING.jpg?resize=150%2C150&amp;ssl=1 150w, https:\/\/i0.wp.com\/cctvacademy.be\/wp-content\/uploads\/2026\/04\/WAT-IEDEREEN-VERKEERD-BEGRIJPT-OVER-AI-EN-DEEP-LEARNING.jpg?resize=768%2C768&amp;ssl=1 768w, https:\/\/i0.wp.com\/cctvacademy.be\/wp-content\/uploads\/2026\/04\/WAT-IEDEREEN-VERKEERD-BEGRIJPT-OVER-AI-EN-DEEP-LEARNING.jpg?resize=12%2C12&amp;ssl=1 12w, https:\/\/i0.wp.com\/cctvacademy.be\/wp-content\/uploads\/2026\/04\/WAT-IEDEREEN-VERKEERD-BEGRIJPT-OVER-AI-EN-DEEP-LEARNING.jpg?resize=600%2C600&amp;ssl=1 600w, https:\/\/i0.wp.com\/cctvacademy.be\/wp-content\/uploads\/2026\/04\/WAT-IEDEREEN-VERKEERD-BEGRIJPT-OVER-AI-EN-DEEP-LEARNING.jpg?resize=160%2C160&amp;ssl=1 160w\" sizes=\"(max-width: 768px) 100vw, 768px\" \/>\t\t\t\t\t\t\t\t\t\t\t\t\t\t\t<\/div>\n\t\t\t\t<\/div>\n\t\t\t\t\t<\/div>\n\t\t\t\t<\/div>\n\t\t<div class=\"elementor-element elementor-element-96857da e-flex e-con-boxed e-con e-parent\" data-id=\"96857da\" data-element_type=\"container\">\n\t\t\t\t\t<div class=\"e-con-inner\">\n\t\t\t\t<div class=\"elementor-element elementor-element-0a64a06 elementor-widget elementor-widget-spacer\" data-id=\"0a64a06\" data-element_type=\"widget\" data-widget_type=\"spacer.default\">\n\t\t\t\t<div class=\"elementor-widget-container\">\n\t\t\t\t\t\t\t<div class=\"elementor-spacer\">\n\t\t\t<div class=\"elementor-spacer-inner\"><\/div>\n\t\t<\/div>\n\t\t\t\t\t\t<\/div>\n\t\t\t\t<\/div>\n\t\t\t\t\t<\/div>\n\t\t\t\t<\/div>\n\t\t<div class=\"elementor-element elementor-element-f3bca29 e-flex e-con-boxed e-con e-parent\" data-id=\"f3bca29\" data-element_type=\"container\">\n\t\t\t\t\t<div class=\"e-con-inner\">\n\t\t<div class=\"elementor-element elementor-element-2ef8572 e-con-full e-flex e-con e-child\" data-id=\"2ef8572\" data-element_type=\"container\" data-settings=\"{&quot;background_background&quot;:&quot;gradient&quot;}\">\n\t\t<div class=\"elementor-element elementor-element-7b8f414 e-con-full e-flex e-con e-child\" data-id=\"7b8f414\" data-element_type=\"container\">\n\t\t\t\t<div class=\"elementor-element elementor-element-669ec19 elementor-widget elementor-widget-text-editor\" data-id=\"669ec19\" data-element_type=\"widget\" data-widget_type=\"text-editor.default\">\n\t\t\t\t<div class=\"elementor-widget-container\">\n\t\t\t\t\t\t\t\t\t<div class=\"min-h-8 text-message relative flex w-full flex-col items-end gap-2 text-start break-words whitespace-normal [.text-message+&amp;]:mt-1\" dir=\"auto\" data-message-author-role=\"assistant\" data-message-id=\"d436dcc2-9094-4169-89bd-a37ccd0369a6\" data-message-model-slug=\"gpt-5-1\"><p data-start=\"0\" data-end=\"87\">\u00a0<\/p><p data-start=\"0\" data-end=\"87\"><span style=\"color: #000000;\"><strong>Wat Iedereen Verkeerd Begrijpt over AI en Deep Learning.<\/strong><\/span><\/p><p data-start=\"0\" data-end=\"87\">\u00a0<\/p><div class=\"flex w-full flex-col gap-1 empty:hidden first:pt-[1px]\"><div class=\"markdown prose dark:prose-invert w-full break-words light markdown-new-styling\"><p data-start=\"89\" data-end=\"382\"><span style=\"color: #000000;\">In een boeiende livestream van het Perimeter Institute for Theoretical Physics bespreekt Derek Muller (@Veritasium) hoe kunstmatige intelligentie het onderwijs ingrijpend kan veranderen.\u00a0AI ontwikkelt zich sneller dan verwacht en be\u00efnvloedt al wereldwijd industrie\u00ebn.<\/span><\/p><p data-start=\"384\" data-end=\"785\"><span style=\"color: #000000;\">\u00a0<\/span><\/p><p data-start=\"384\" data-end=\"785\"><span style=\"color: #000000;\">Maar wat betekent dat voor hoe we leren en lesgeven?\u00a0<\/span><\/p><p data-start=\"384\" data-end=\"785\"><span style=\"color: #000000;\">Derek Muller onderzoekt deze vraag aan de hand van eerdere technologische verschuivingen <\/span><\/p><p data-start=\"384\" data-end=\"785\"><span style=\"color: #000000;\">en inzichten uit de cognitieve wetenschappen.<\/span><\/p><p data-start=\"384\" data-end=\"785\">\u00a0<\/p><p data-start=\"384\" data-end=\"785\"><span style=\"color: #000000;\">Hij benadrukt zowel de kansen als de risico\u2019s van AI\u2014vooral wat betreft de manier <\/span><\/p><p data-start=\"384\" data-end=\"785\"><span style=\"color: #000000;\">waarop onze hersenen kennis en expertise opbouwen.<\/span><\/p><p data-start=\"384\" data-end=\"785\">\u00a0<\/p><\/div><\/div><\/div>\t\t\t\t\t\t\t\t<\/div>\n\t\t\t\t<\/div>\n\t\t\t\t<\/div>\n\t\t\t\t<\/div>\n\t\t\t\t\t<\/div>\n\t\t\t\t<\/div>\n\t\t<div class=\"elementor-element elementor-element-feecc82 e-flex e-con-boxed e-con e-parent\" data-id=\"feecc82\" data-element_type=\"container\">\n\t\t\t\t\t<div class=\"e-con-inner\">\n\t\t<div class=\"elementor-element elementor-element-eca6f4f e-con-full e-flex e-con e-child\" data-id=\"eca6f4f\" data-element_type=\"container\" data-settings=\"{&quot;background_background&quot;:&quot;gradient&quot;}\">\n\t\t<div class=\"elementor-element elementor-element-655480e e-con-full e-flex e-con e-child\" data-id=\"655480e\" data-element_type=\"container\">\n\t\t\t\t<div class=\"elementor-element elementor-element-ba268d7 elementor-widget elementor-widget-text-editor\" data-id=\"ba268d7\" data-element_type=\"widget\" data-widget_type=\"text-editor.default\">\n\t\t\t\t<div class=\"elementor-widget-container\">\n\t\t\t\t\t\t\t\t\t<div class=\"min-h-8 text-message relative flex w-full flex-col items-end gap-2 text-start break-words whitespace-normal [.text-message+&amp;]:mt-1\" dir=\"auto\" data-message-author-role=\"assistant\" data-message-id=\"d436dcc2-9094-4169-89bd-a37ccd0369a6\" data-message-model-slug=\"gpt-5-1\"><p data-start=\"787\" data-end=\"1228\">\u00a0<\/p><p data-start=\"787\" data-end=\"1228\"><span style=\"color: #000000;\"><strong>Over de spreker.<\/strong><\/span><\/p><p data-start=\"787\" data-end=\"1228\">\u00a0<\/p><p data-start=\"787\" data-end=\"1228\"><span style=\"color: #000000;\">Derek Muller is een wetenschapscommunicator, filmmaker <\/span><\/p><p data-start=\"787\" data-end=\"1228\"><span style=\"color: #000000;\">en de bedenker van het populaire YouTube-kanaal <em data-start=\"912\" data-end=\"924\">Veritasium<\/em>.<\/span><\/p><p data-start=\"787\" data-end=\"1228\">\u00a0<\/p><p data-start=\"787\" data-end=\"1228\"><span style=\"color: #000000;\">Met een PhD in natuurkundedidactiek maakt hij al meer dan tien jaar video&#8217;s <\/span><\/p><p data-start=\"787\" data-end=\"1228\"><span style=\"color: #000000;\">die wetenschappelijke misvattingen corrigeren en complexe concepten begrijpelijk maken.\u00a0<\/span><\/p><p data-start=\"787\" data-end=\"1228\">\u00a0<\/p><p data-start=\"1230\" data-end=\"1321\" data-is-last-node=\"\" data-is-only-node=\"\"><span style=\"color: #000000;\">Een aanrader voor iedereen die nadenkt over de toekomst van onderwijs in een wereld vol AI.<\/span><\/p><p data-start=\"1230\" data-end=\"1321\" data-is-last-node=\"\" data-is-only-node=\"\">\u00a0<\/p><\/div>\t\t\t\t\t\t\t\t<\/div>\n\t\t\t\t<\/div>\n\t\t\t\t<\/div>\n\t\t\t\t<\/div>\n\t\t\t\t\t<\/div>\n\t\t\t\t<\/div>\n\t\t<div class=\"elementor-element elementor-element-265c4f7 e-flex e-con-boxed e-con e-parent\" data-id=\"265c4f7\" data-element_type=\"container\">\n\t\t\t\t\t<div class=\"e-con-inner\">\n\t\t\t\t<div class=\"elementor-element elementor-element-9d26e9d elementor-widget elementor-widget-spacer\" data-id=\"9d26e9d\" data-element_type=\"widget\" data-widget_type=\"spacer.default\">\n\t\t\t\t<div class=\"elementor-widget-container\">\n\t\t\t\t\t\t\t<div class=\"elementor-spacer\">\n\t\t\t<div class=\"elementor-spacer-inner\"><\/div>\n\t\t<\/div>\n\t\t\t\t\t\t<\/div>\n\t\t\t\t<\/div>\n\t\t\t\t\t<\/div>\n\t\t\t\t<\/div>\n\t\t<div class=\"elementor-element elementor-element-5433670 e-flex e-con-boxed e-con e-parent\" data-id=\"5433670\" data-element_type=\"container\">\n\t\t\t\t\t<div class=\"e-con-inner\">\n\t\t\t\t<div class=\"elementor-element elementor-element-448e594 elementor-widget elementor-widget-html\" data-id=\"448e594\" data-element_type=\"widget\" data-widget_type=\"html.default\">\n\t\t\t\t<div class=\"elementor-widget-container\">\n\t\t\t\t\t<iframe width=\"1840\" height=\"1035\" src=\"https:\/\/www.youtube.com\/embed\/0xS68sl2D70\" title=\"Veritasium: What Everyone Gets Wrong About AI and Learning \u2013 Derek Muller Explains\" frameborder=\"0\" allow=\"accelerometer; autoplay; clipboard-write; encrypted-media; gyroscope; picture-in-picture; web-share\" referrerpolicy=\"strict-origin-when-cross-origin\" allowfullscreen><\/iframe>\t\t\t\t<\/div>\n\t\t\t\t<\/div>\n\t\t\t\t\t<\/div>\n\t\t\t\t<\/div>\n\t\t<div class=\"elementor-element elementor-element-5f71d8a e-flex e-con-boxed e-con e-parent\" data-id=\"5f71d8a\" data-element_type=\"container\">\n\t\t\t\t\t<div class=\"e-con-inner\">\n\t\t\t\t<div class=\"elementor-element elementor-element-81c6237 elementor-widget elementor-widget-spacer\" data-id=\"81c6237\" data-element_type=\"widget\" data-widget_type=\"spacer.default\">\n\t\t\t\t<div class=\"elementor-widget-container\">\n\t\t\t\t\t\t\t<div class=\"elementor-spacer\">\n\t\t\t<div class=\"elementor-spacer-inner\"><\/div>\n\t\t<\/div>\n\t\t\t\t\t\t<\/div>\n\t\t\t\t<\/div>\n\t\t\t\t\t<\/div>\n\t\t\t\t<\/div>\n\t\t<div class=\"elementor-element elementor-element-b43ba86 e-flex e-con-boxed e-con e-parent\" data-id=\"b43ba86\" data-element_type=\"container\">\n\t\t\t\t\t<div class=\"e-con-inner\">\n\t\t\t\t<div class=\"elementor-element elementor-element-d838201 elementor-widget elementor-widget-image\" data-id=\"d838201\" data-element_type=\"widget\" data-widget_type=\"image.default\">\n\t\t\t\t<div class=\"elementor-widget-container\">\n\t\t\t\t\t\t\t\t\t\t\t\t\t\t\t\t<a href=\"https:\/\/cctvacademy.be\/nl\/kunstmatige-intelligentie-ai\/\">\n\t\t\t\t\t\t\t<img decoding=\"async\" width=\"300\" height=\"169\" src=\"https:\/\/i0.wp.com\/cctvacademy.be\/wp-content\/uploads\/2026\/03\/overzicht.jpg?fit=300%2C169&amp;ssl=1\" class=\"attachment-medium size-medium wp-image-40499\" alt=\"\" srcset=\"https:\/\/i0.wp.com\/cctvacademy.be\/wp-content\/uploads\/2026\/03\/overzicht.jpg?w=1280&amp;ssl=1 1280w, https:\/\/i0.wp.com\/cctvacademy.be\/wp-content\/uploads\/2026\/03\/overzicht.jpg?resize=300%2C169&amp;ssl=1 300w, https:\/\/i0.wp.com\/cctvacademy.be\/wp-content\/uploads\/2026\/03\/overzicht.jpg?resize=1024%2C576&amp;ssl=1 1024w, https:\/\/i0.wp.com\/cctvacademy.be\/wp-content\/uploads\/2026\/03\/overzicht.jpg?resize=768%2C432&amp;ssl=1 768w, https:\/\/i0.wp.com\/cctvacademy.be\/wp-content\/uploads\/2026\/03\/overzicht.jpg?resize=18%2C10&amp;ssl=1 18w, https:\/\/i0.wp.com\/cctvacademy.be\/wp-content\/uploads\/2026\/03\/overzicht.jpg?resize=600%2C338&amp;ssl=1 600w, https:\/\/i0.wp.com\/cctvacademy.be\/wp-content\/uploads\/2026\/03\/overzicht.jpg?resize=280%2C158&amp;ssl=1 280w\" sizes=\"(max-width: 300px) 100vw, 300px\" \/>\t\t\t\t\t\t\t\t<\/a>\n\t\t\t\t\t\t\t\t\t\t\t\t\t\t\t<\/div>\n\t\t\t\t<\/div>\n\t\t\t\t\t<\/div>\n\t\t\t\t<\/div>\n\t\t<div class=\"elementor-element elementor-element-0cd31a0 e-flex e-con-boxed e-con e-parent\" data-id=\"0cd31a0\" data-element_type=\"container\">\n\t\t\t\t\t<div class=\"e-con-inner\">\n\t\t\t\t<div class=\"elementor-element elementor-element-bf61f94 elementor-widget elementor-widget-spacer\" data-id=\"bf61f94\" data-element_type=\"widget\" data-widget_type=\"spacer.default\">\n\t\t\t\t<div class=\"elementor-widget-container\">\n\t\t\t\t\t\t\t<div class=\"elementor-spacer\">\n\t\t\t<div class=\"elementor-spacer-inner\"><\/div>\n\t\t<\/div>\n\t\t\t\t\t\t<\/div>\n\t\t\t\t<\/div>\n\t\t\t\t\t<\/div>\n\t\t\t\t<\/div>\n\t\t<div class=\"elementor-element elementor-element-211f1ca e-flex e-con-boxed e-con e-parent\" data-id=\"211f1ca\" data-element_type=\"container\">\n\t\t\t\t\t<div class=\"e-con-inner\">\n\t\t\t\t<div class=\"elementor-element elementor-element-bb10beb elementor-widget elementor-widget-image\" data-id=\"bb10beb\" data-element_type=\"widget\" data-widget_type=\"image.default\">\n\t\t\t\t<div class=\"elementor-widget-container\">\n\t\t\t\t\t\t\t\t\t\t\t\t\t\t\t\t<a href=\"https:\/\/cctvacademy.be\">\n\t\t\t\t\t\t\t<img decoding=\"async\" width=\"60\" height=\"55\" src=\"https:\/\/i0.wp.com\/cctvacademy.be\/wp-content\/uploads\/2025\/11\/RAS-AIS-logo-v2-kopie.png?fit=60%2C55&amp;ssl=1\" class=\"elementor-animation-pulse attachment-large size-large wp-image-22808\" alt=\"RAS-AIS-logo-v2 kopie\" srcset=\"https:\/\/i0.wp.com\/cctvacademy.be\/wp-content\/uploads\/2025\/11\/RAS-AIS-logo-v2-kopie.png?w=60&amp;ssl=1 60w, https:\/\/i0.wp.com\/cctvacademy.be\/wp-content\/uploads\/2025\/11\/RAS-AIS-logo-v2-kopie.png?resize=13%2C12&amp;ssl=1 13w\" sizes=\"(max-width: 60px) 100vw, 60px\" \/>\t\t\t\t\t\t\t\t<\/a>\n\t\t\t\t\t\t\t\t\t\t\t\t\t\t\t<\/div>\n\t\t\t\t<\/div>\n\t\t\t\t\t<\/div>\n\t\t\t\t<\/div>\n\t\t<div class=\"elementor-element elementor-element-edf1f50 e-flex e-con-boxed e-con e-parent\" data-id=\"edf1f50\" data-element_type=\"container\">\n\t\t\t\t\t<div class=\"e-con-inner\">\n\t\t\t\t<div class=\"elementor-element elementor-element-2f04bdf elementor-widget elementor-widget-spacer\" data-id=\"2f04bdf\" data-element_type=\"widget\" data-widget_type=\"spacer.default\">\n\t\t\t\t<div class=\"elementor-widget-container\">\n\t\t\t\t\t\t\t<div class=\"elementor-spacer\">\n\t\t\t<div class=\"elementor-spacer-inner\"><\/div>\n\t\t<\/div>\n\t\t\t\t\t\t<\/div>\n\t\t\t\t<\/div>\n\t\t\t\t\t<\/div>\n\t\t\t\t<\/div>\n\t\t\t\t<\/div>\n\t\t","protected":false},"excerpt":{"rendered":"<p>\u00a0 Wat Iedereen Verkeerd Begrijpt over AI en Deep Learning. \u00a0 In een boeiende livestream van het Perimeter Institute for Theoretical Physics bespreekt Derek Muller (@Veritasium) hoe kunstmatige intelligentie het onderwijs ingrijpend kan veranderen.\u00a0AI ontwikkelt zich sneller dan verwacht en be\u00efnvloedt al wereldwijd industrie\u00ebn. \u00a0 Maar wat betekent dat voor hoe we leren en lesgeven?\u00a0 [&hellip;]<\/p>\n","protected":false},"author":1,"featured_media":0,"parent":0,"menu_order":0,"comment_status":"closed","ping_status":"closed","template":"elementor_canvas","meta":{"_acf_changed":false,"zakra_page_container_layout":"customizer","zakra_page_sidebar_layout":"customizer","zakra_remove_content_margin":false,"zakra_sidebar":"customizer","zakra_transparent_header":"customizer","zakra_logo":0,"zakra_main_header_style":"default","zakra_menu_item_color":"","zakra_menu_item_hover_color":"","zakra_menu_item_active_color":"","zakra_menu_active_style":"","zakra_page_header":true,"postBodyCss":"","postBodyMargin":[],"postBodyPadding":[],"postBodyBackground":{"backgroundType":"classic","gradient":""},"h5ap_radio_sources":[],"_glsr_average":0,"_glsr_ranking":0,"_glsr_reviews":0,"footnotes":""},"class_list":["post-8246","page","type-page","status-publish","hentry"],"acf":[],"yoast_head":"<!-- This site is optimized with the Yoast SEO plugin v27.3 - https:\/\/yoast.com\/product\/yoast-seo-wordpress\/ -->\n<title>Wat iedereen verkeerd begrijpt over AI en Deep Learning - RAS\/AIS CCTV Academy<\/title>\n<meta name=\"robots\" content=\"index, follow, max-snippet:-1, max-image-preview:large, max-video-preview:-1\" \/>\n<link rel=\"canonical\" href=\"https:\/\/cctvacademy.be\/fr\/wat-iedereen-verkeerd-begrijpt-over-ai-en-deep-learning\/\" \/>\n<meta property=\"og:locale\" content=\"fr_FR\" \/>\n<meta property=\"og:type\" content=\"article\" \/>\n<meta property=\"og:title\" content=\"Wat iedereen verkeerd begrijpt over AI en Deep Learning - RAS\/AIS CCTV Academy\" \/>\n<meta property=\"og:description\" content=\"\u00a0 Wat Iedereen Verkeerd Begrijpt over AI en Deep Learning. \u00a0 In een boeiende livestream van het Perimeter Institute for Theoretical Physics bespreekt Derek Muller (@Veritasium) hoe kunstmatige intelligentie het onderwijs ingrijpend kan veranderen.\u00a0AI ontwikkelt zich sneller dan verwacht en be\u00efnvloedt al wereldwijd industrie\u00ebn. \u00a0 Maar wat betekent dat voor hoe we leren en lesgeven?\u00a0 [&hellip;]\" \/>\n<meta property=\"og:url\" content=\"https:\/\/cctvacademy.be\/fr\/wat-iedereen-verkeerd-begrijpt-over-ai-en-deep-learning\/\" \/>\n<meta property=\"og:site_name\" content=\"RAS\/AIS CCTV Academy\" \/>\n<meta property=\"article:publisher\" content=\"https:\/\/www.facebook.com\/profile.php?id=61576769152561\" \/>\n<meta property=\"article:modified_time\" content=\"2026-04-27T08:15:50+00:00\" \/>\n<meta property=\"og:image\" content=\"https:\/\/cctvacademy.be\/wp-content\/uploads\/2026\/04\/WAT-IEDEREEN-VERKEERD-BEGRIJPT-OVER-AI-EN-DEEP-LEARNING-768x768.jpg\" \/>\n<meta name=\"twitter:card\" content=\"summary_large_image\" \/>\n<script type=\"application\/ld+json\" class=\"yoast-schema-graph\">{\"@context\":\"https:\\\/\\\/schema.org\",\"@graph\":[{\"@type\":\"WebPage\",\"@id\":\"https:\\\/\\\/cctvacademy.be\\\/wat-iedereen-verkeerd-begrijpt-over-ai-en-deep-learning\\\/\",\"url\":\"https:\\\/\\\/cctvacademy.be\\\/wat-iedereen-verkeerd-begrijpt-over-ai-en-deep-learning\\\/\",\"name\":\"Wat iedereen verkeerd begrijpt over AI en Deep Learning - RAS\\\/AIS CCTV Academy\",\"isPartOf\":{\"@id\":\"https:\\\/\\\/cctvacademy.be\\\/#website\"},\"primaryImageOfPage\":{\"@id\":\"https:\\\/\\\/cctvacademy.be\\\/wat-iedereen-verkeerd-begrijpt-over-ai-en-deep-learning\\\/#primaryimage\"},\"image\":{\"@id\":\"https:\\\/\\\/cctvacademy.be\\\/wat-iedereen-verkeerd-begrijpt-over-ai-en-deep-learning\\\/#primaryimage\"},\"thumbnailUrl\":\"https:\\\/\\\/cctvacademy.be\\\/wp-content\\\/uploads\\\/2026\\\/04\\\/WAT-IEDEREEN-VERKEERD-BEGRIJPT-OVER-AI-EN-DEEP-LEARNING-768x768.jpg\",\"datePublished\":\"2025-07-05T10:45:47+00:00\",\"dateModified\":\"2026-04-27T08:15:50+00:00\",\"breadcrumb\":{\"@id\":\"https:\\\/\\\/cctvacademy.be\\\/wat-iedereen-verkeerd-begrijpt-over-ai-en-deep-learning\\\/#breadcrumb\"},\"inLanguage\":\"fr-BE\",\"potentialAction\":[{\"@type\":\"ReadAction\",\"target\":[\"https:\\\/\\\/cctvacademy.be\\\/wat-iedereen-verkeerd-begrijpt-over-ai-en-deep-learning\\\/\"]}]},{\"@type\":\"ImageObject\",\"inLanguage\":\"fr-BE\",\"@id\":\"https:\\\/\\\/cctvacademy.be\\\/wat-iedereen-verkeerd-begrijpt-over-ai-en-deep-learning\\\/#primaryimage\",\"url\":\"https:\\\/\\\/cctvacademy.be\\\/wp-content\\\/uploads\\\/2026\\\/04\\\/WAT-IEDEREEN-VERKEERD-BEGRIJPT-OVER-AI-EN-DEEP-LEARNING-768x768.jpg\",\"contentUrl\":\"https:\\\/\\\/cctvacademy.be\\\/wp-content\\\/uploads\\\/2026\\\/04\\\/WAT-IEDEREEN-VERKEERD-BEGRIJPT-OVER-AI-EN-DEEP-LEARNING-768x768.jpg\"},{\"@type\":\"BreadcrumbList\",\"@id\":\"https:\\\/\\\/cctvacademy.be\\\/wat-iedereen-verkeerd-begrijpt-over-ai-en-deep-learning\\\/#breadcrumb\",\"itemListElement\":[{\"@type\":\"ListItem\",\"position\":1,\"name\":\"Home\",\"item\":\"https:\\\/\\\/cctvacademy.be\\\/\"},{\"@type\":\"ListItem\",\"position\":2,\"name\":\"Wat iedereen verkeerd begrijpt over AI en Deep Learning\"}]},{\"@type\":\"WebSite\",\"@id\":\"https:\\\/\\\/cctvacademy.be\\\/#website\",\"url\":\"https:\\\/\\\/cctvacademy.be\\\/\",\"name\":\"CCTV Academy\",\"description\":\"CCTV Opleidingen en CCTV Micro Learning\",\"potentialAction\":[{\"@type\":\"SearchAction\",\"target\":{\"@type\":\"EntryPoint\",\"urlTemplate\":\"https:\\\/\\\/cctvacademy.be\\\/?s={search_term_string}\"},\"query-input\":{\"@type\":\"PropertyValueSpecification\",\"valueRequired\":true,\"valueName\":\"search_term_string\"}}],\"inLanguage\":\"fr-BE\"}]}<\/script>\n<!-- \/ Yoast SEO plugin. -->","yoast_head_json":{"title":"Wat iedereen verkeerd begrijpt over AI en Deep Learning - RAS\/AIS CCTV Academy","robots":{"index":"index","follow":"follow","max-snippet":"max-snippet:-1","max-image-preview":"max-image-preview:large","max-video-preview":"max-video-preview:-1"},"canonical":"https:\/\/cctvacademy.be\/fr\/wat-iedereen-verkeerd-begrijpt-over-ai-en-deep-learning\/","og_locale":"fr_FR","og_type":"article","og_title":"Wat iedereen verkeerd begrijpt over AI en Deep Learning - RAS\/AIS CCTV Academy","og_description":"\u00a0 Wat Iedereen Verkeerd Begrijpt over AI en Deep Learning. \u00a0 In een boeiende livestream van het Perimeter Institute for Theoretical Physics bespreekt Derek Muller (@Veritasium) hoe kunstmatige intelligentie het onderwijs ingrijpend kan veranderen.\u00a0AI ontwikkelt zich sneller dan verwacht en be\u00efnvloedt al wereldwijd industrie\u00ebn. \u00a0 Maar wat betekent dat voor hoe we leren en lesgeven?\u00a0 [&hellip;]","og_url":"https:\/\/cctvacademy.be\/fr\/wat-iedereen-verkeerd-begrijpt-over-ai-en-deep-learning\/","og_site_name":"RAS\/AIS CCTV Academy","article_publisher":"https:\/\/www.facebook.com\/profile.php?id=61576769152561","article_modified_time":"2026-04-27T08:15:50+00:00","og_image":[{"url":"https:\/\/cctvacademy.be\/wp-content\/uploads\/2026\/04\/WAT-IEDEREEN-VERKEERD-BEGRIJPT-OVER-AI-EN-DEEP-LEARNING-768x768.jpg","type":"","width":"","height":""}],"twitter_card":"summary_large_image","schema":{"@context":"https:\/\/schema.org","@graph":[{"@type":"WebPage","@id":"https:\/\/cctvacademy.be\/wat-iedereen-verkeerd-begrijpt-over-ai-en-deep-learning\/","url":"https:\/\/cctvacademy.be\/wat-iedereen-verkeerd-begrijpt-over-ai-en-deep-learning\/","name":"Wat iedereen verkeerd begrijpt over AI en Deep Learning - RAS\/AIS CCTV Academy","isPartOf":{"@id":"https:\/\/cctvacademy.be\/#website"},"primaryImageOfPage":{"@id":"https:\/\/cctvacademy.be\/wat-iedereen-verkeerd-begrijpt-over-ai-en-deep-learning\/#primaryimage"},"image":{"@id":"https:\/\/cctvacademy.be\/wat-iedereen-verkeerd-begrijpt-over-ai-en-deep-learning\/#primaryimage"},"thumbnailUrl":"https:\/\/cctvacademy.be\/wp-content\/uploads\/2026\/04\/WAT-IEDEREEN-VERKEERD-BEGRIJPT-OVER-AI-EN-DEEP-LEARNING-768x768.jpg","datePublished":"2025-07-05T10:45:47+00:00","dateModified":"2026-04-27T08:15:50+00:00","breadcrumb":{"@id":"https:\/\/cctvacademy.be\/wat-iedereen-verkeerd-begrijpt-over-ai-en-deep-learning\/#breadcrumb"},"inLanguage":"fr-BE","potentialAction":[{"@type":"ReadAction","target":["https:\/\/cctvacademy.be\/wat-iedereen-verkeerd-begrijpt-over-ai-en-deep-learning\/"]}]},{"@type":"ImageObject","inLanguage":"fr-BE","@id":"https:\/\/cctvacademy.be\/wat-iedereen-verkeerd-begrijpt-over-ai-en-deep-learning\/#primaryimage","url":"https:\/\/cctvacademy.be\/wp-content\/uploads\/2026\/04\/WAT-IEDEREEN-VERKEERD-BEGRIJPT-OVER-AI-EN-DEEP-LEARNING-768x768.jpg","contentUrl":"https:\/\/cctvacademy.be\/wp-content\/uploads\/2026\/04\/WAT-IEDEREEN-VERKEERD-BEGRIJPT-OVER-AI-EN-DEEP-LEARNING-768x768.jpg"},{"@type":"BreadcrumbList","@id":"https:\/\/cctvacademy.be\/wat-iedereen-verkeerd-begrijpt-over-ai-en-deep-learning\/#breadcrumb","itemListElement":[{"@type":"ListItem","position":1,"name":"Home","item":"https:\/\/cctvacademy.be\/"},{"@type":"ListItem","position":2,"name":"Wat iedereen verkeerd begrijpt over AI en Deep Learning"}]},{"@type":"WebSite","@id":"https:\/\/cctvacademy.be\/#website","url":"https:\/\/cctvacademy.be\/","name":"CCTV Academy","description":"Formation \u00e0 la vid\u00e9osurveillance et micro-apprentissage de la vid\u00e9osurveillance","potentialAction":[{"@type":"SearchAction","target":{"@type":"EntryPoint","urlTemplate":"https:\/\/cctvacademy.be\/?s={search_term_string}"},"query-input":{"@type":"PropertyValueSpecification","valueRequired":true,"valueName":"search_term_string"}}],"inLanguage":"fr-BE"}]}},"jetpack_sharing_enabled":true,"_links":{"self":[{"href":"https:\/\/cctvacademy.be\/fr\/wp-json\/wp\/v2\/pages\/8246","targetHints":{"allow":["GET"]}}],"collection":[{"href":"https:\/\/cctvacademy.be\/fr\/wp-json\/wp\/v2\/pages"}],"about":[{"href":"https:\/\/cctvacademy.be\/fr\/wp-json\/wp\/v2\/types\/page"}],"author":[{"embeddable":true,"href":"https:\/\/cctvacademy.be\/fr\/wp-json\/wp\/v2\/users\/1"}],"replies":[{"embeddable":true,"href":"https:\/\/cctvacademy.be\/fr\/wp-json\/wp\/v2\/comments?post=8246"}],"version-history":[{"count":0,"href":"https:\/\/cctvacademy.be\/fr\/wp-json\/wp\/v2\/pages\/8246\/revisions"}],"wp:attachment":[{"href":"https:\/\/cctvacademy.be\/fr\/wp-json\/wp\/v2\/media?parent=8246"}],"curies":[{"name":"wp","href":"https:\/\/api.w.org\/{rel}","templated":true}]}}