{"id":8161,"date":"2025-07-05T07:11:17","date_gmt":"2025-07-05T07:11:17","guid":{"rendered":"https:\/\/rasopleidingcamerabewakingcursuscctv.be\/?page_id=8161"},"modified":"2026-04-27T08:58:20","modified_gmt":"2026-04-27T07:58:20","slug":"ai-voor-dummies","status":"publish","type":"page","link":"https:\/\/cctvacademy.be\/fr\/ai-voor-dummies\/","title":{"rendered":"Wat is een Neuraal Netwerk"},"content":{"rendered":"\t\t<div data-elementor-type=\"masteriyo-course-archive-page\" data-elementor-id=\"8161\" class=\"elementor elementor-8161\">\n\t\t\t\t<div class=\"elementor-element elementor-element-034fc25 e-flex e-con-boxed e-con e-parent\" data-id=\"034fc25\" data-element_type=\"container\">\n\t\t\t\t\t<div class=\"e-con-inner\">\n\t\t\t\t<div class=\"elementor-element elementor-element-2a494bb elementor-widget elementor-widget-spacer\" data-id=\"2a494bb\" data-element_type=\"widget\" data-widget_type=\"spacer.default\">\n\t\t\t\t<div class=\"elementor-widget-container\">\n\t\t\t\t\t\t\t<div class=\"elementor-spacer\">\n\t\t\t<div class=\"elementor-spacer-inner\"><\/div>\n\t\t<\/div>\n\t\t\t\t\t\t<\/div>\n\t\t\t\t<\/div>\n\t\t\t\t\t<\/div>\n\t\t\t\t<\/div>\n\t\t<div class=\"elementor-element elementor-element-f5ec51c e-flex e-con-boxed e-con e-parent\" data-id=\"f5ec51c\" data-element_type=\"container\">\n\t\t\t\t\t<div class=\"e-con-inner\">\n\t\t\t\t<div class=\"elementor-element elementor-element-208d81c elementor-widget elementor-widget-image\" data-id=\"208d81c\" data-element_type=\"widget\" data-widget_type=\"image.default\">\n\t\t\t\t<div class=\"elementor-widget-container\">\n\t\t\t\t\t\t\t\t\t\t\t\t\t\t\t<img fetchpriority=\"high\" decoding=\"async\" width=\"768\" height=\"768\" src=\"https:\/\/i0.wp.com\/cctvacademy.be\/wp-content\/uploads\/2026\/04\/ai-machine-learning-en-kunstmatige-intelligentie.jpg?fit=768%2C768&amp;ssl=1\" class=\"attachment-medium_large size-medium_large wp-image-44775\" alt=\"ai machine learning en kunstmatige intelligentie\" srcset=\"https:\/\/i0.wp.com\/cctvacademy.be\/wp-content\/uploads\/2026\/04\/ai-machine-learning-en-kunstmatige-intelligentie.jpg?w=1024&amp;ssl=1 1024w, https:\/\/i0.wp.com\/cctvacademy.be\/wp-content\/uploads\/2026\/04\/ai-machine-learning-en-kunstmatige-intelligentie.jpg?resize=300%2C300&amp;ssl=1 300w, https:\/\/i0.wp.com\/cctvacademy.be\/wp-content\/uploads\/2026\/04\/ai-machine-learning-en-kunstmatige-intelligentie.jpg?resize=150%2C150&amp;ssl=1 150w, https:\/\/i0.wp.com\/cctvacademy.be\/wp-content\/uploads\/2026\/04\/ai-machine-learning-en-kunstmatige-intelligentie.jpg?resize=768%2C768&amp;ssl=1 768w, https:\/\/i0.wp.com\/cctvacademy.be\/wp-content\/uploads\/2026\/04\/ai-machine-learning-en-kunstmatige-intelligentie.jpg?resize=12%2C12&amp;ssl=1 12w, https:\/\/i0.wp.com\/cctvacademy.be\/wp-content\/uploads\/2026\/04\/ai-machine-learning-en-kunstmatige-intelligentie.jpg?resize=600%2C600&amp;ssl=1 600w, https:\/\/i0.wp.com\/cctvacademy.be\/wp-content\/uploads\/2026\/04\/ai-machine-learning-en-kunstmatige-intelligentie.jpg?resize=160%2C160&amp;ssl=1 160w\" sizes=\"(max-width: 768px) 100vw, 768px\" \/>\t\t\t\t\t\t\t\t\t\t\t\t\t\t\t<\/div>\n\t\t\t\t<\/div>\n\t\t\t\t\t<\/div>\n\t\t\t\t<\/div>\n\t\t<div class=\"elementor-element elementor-element-218b86a e-flex e-con-boxed e-con e-parent\" data-id=\"218b86a\" data-element_type=\"container\">\n\t\t\t\t\t<div class=\"e-con-inner\">\n\t\t\t\t<div class=\"elementor-element elementor-element-507c698 elementor-widget elementor-widget-spacer\" data-id=\"507c698\" data-element_type=\"widget\" data-widget_type=\"spacer.default\">\n\t\t\t\t<div class=\"elementor-widget-container\">\n\t\t\t\t\t\t\t<div class=\"elementor-spacer\">\n\t\t\t<div class=\"elementor-spacer-inner\"><\/div>\n\t\t<\/div>\n\t\t\t\t\t\t<\/div>\n\t\t\t\t<\/div>\n\t\t\t\t\t<\/div>\n\t\t\t\t<\/div>\n\t\t<div class=\"elementor-element elementor-element-c81e0ee e-flex e-con-boxed e-con e-parent\" data-id=\"c81e0ee\" data-element_type=\"container\">\n\t\t\t\t\t<div class=\"e-con-inner\">\n\t\t<div class=\"elementor-element elementor-element-f907e04 e-con-full e-flex e-con e-child\" data-id=\"f907e04\" data-element_type=\"container\" data-settings=\"{&quot;background_background&quot;:&quot;gradient&quot;}\">\n\t\t<div class=\"elementor-element elementor-element-bd62ad1 e-con-full e-flex e-con e-child\" data-id=\"bd62ad1\" data-element_type=\"container\">\n\t\t\t\t<div class=\"elementor-element elementor-element-80bbfc1 elementor-widget__width-initial elementor-widget elementor-widget-text-editor\" data-id=\"80bbfc1\" data-element_type=\"widget\" data-widget_type=\"text-editor.default\">\n\t\t\t\t<div class=\"elementor-widget-container\">\n\t\t\t\t\t\t\t\t\t<div class=\"min-h-8 text-message relative flex w-full flex-col items-end gap-2 text-start break-words whitespace-normal [.text-message+&amp;]:mt-1\" dir=\"auto\" data-message-author-role=\"assistant\" data-message-id=\"d436dcc2-9094-4169-89bd-a37ccd0369a6\" data-message-model-slug=\"gpt-5-1\"><div class=\"flex w-full flex-col gap-1 empty:hidden first:pt-[1px]\"><div class=\"markdown prose dark:prose-invert w-full break-words light markdown-new-styling\"><p>\u00a0<\/p><p><strong><span style=\"color: #000000;\"><span style=\"font-size: 18px; font-style: inherit; letter-spacing: 0.01em;\">Deel 1\/2:<\/span><\/span><\/strong><\/p><p>\u00a0<\/p><p><span style=\"color: #000000;\"><span style=\"font-size: 18px; font-style: inherit; font-weight: inherit; letter-spacing: 0.01em;\">In onderstaande video wordt het complexe landschap <\/span><\/span><\/p><p><span style=\"color: #000000;\"><span style=\"font-size: 18px; font-style: inherit; font-weight: inherit; letter-spacing: 0.01em;\">van <\/span><strong style=\"font-size: 18px; font-style: inherit; letter-spacing: 0.01em;\">&#8220;machine learning&#8221;<\/strong><span style=\"font-size: 18px; font-style: inherit; font-weight: inherit; letter-spacing: 0.01em;\"> en <\/span><strong style=\"font-size: 18px; font-style: inherit; letter-spacing: 0.01em;\">&#8220;kunstmatige intelligentie&#8221;<\/strong> <\/span><\/p><p><span style=\"color: #000000;\"><span style=\"font-size: 18px; font-style: inherit; font-weight: inherit; letter-spacing: 0.01em;\">uitgelegd aan de hand van \u00e9\u00e9n voorbeeld <\/span><\/span><span style=\"font-size: 18px; font-style: inherit; font-weight: inherit; letter-spacing: 0.01em; color: #000000;\">uit het domein van computervisie:<\/span><\/p><p>\u00a0<\/p><p><span style=\"color: #000000;\"><span style=\"font-size: 18px; font-style: inherit; font-weight: inherit; letter-spacing: 0.01em;\">Het tellen van het aantal vingers op een afbeelding <\/span><\/span><\/p><p><span style=\"color: #000000;\"><span style=\"font-size: 18px; font-style: inherit; font-weight: inherit; letter-spacing: 0.01em;\">met behulp van een beslissingsboom.<\/span><\/span><\/p><p>\u00a0<\/p><\/div><\/div><\/div>\t\t\t\t\t\t\t\t<\/div>\n\t\t\t\t<\/div>\n\t\t\t\t<\/div>\n\t\t\t\t<\/div>\n\t\t\t\t\t<\/div>\n\t\t\t\t<\/div>\n\t\t<div class=\"elementor-element elementor-element-45e1afa e-flex e-con-boxed e-con e-parent\" data-id=\"45e1afa\" data-element_type=\"container\">\n\t\t\t\t\t<div class=\"e-con-inner\">\n\t\t\t\t<div class=\"elementor-element elementor-element-30ff223 elementor-widget elementor-widget-spacer\" data-id=\"30ff223\" data-element_type=\"widget\" data-widget_type=\"spacer.default\">\n\t\t\t\t<div class=\"elementor-widget-container\">\n\t\t\t\t\t\t\t<div class=\"elementor-spacer\">\n\t\t\t<div class=\"elementor-spacer-inner\"><\/div>\n\t\t<\/div>\n\t\t\t\t\t\t<\/div>\n\t\t\t\t<\/div>\n\t\t\t\t\t<\/div>\n\t\t\t\t<\/div>\n\t\t<div class=\"elementor-element elementor-element-0e94365 e-flex e-con-boxed e-con e-parent\" data-id=\"0e94365\" data-element_type=\"container\">\n\t\t\t\t\t<div class=\"e-con-inner\">\n\t\t\t\t<div class=\"elementor-element elementor-element-d9734b8 elementor-widget elementor-widget-html\" data-id=\"d9734b8\" data-element_type=\"widget\" data-widget_type=\"html.default\">\n\t\t\t\t<div class=\"elementor-widget-container\">\n\t\t\t\t\t<iframe width=\"1840\" height=\"1035\" src=\"https:\/\/www.youtube.com\/embed\/i8D90DkCLhI\" title=\"Learning To See [Part 1: Introduction]\" frameborder=\"0\" allow=\"accelerometer; autoplay; clipboard-write; encrypted-media; gyroscope; picture-in-picture; web-share\" referrerpolicy=\"strict-origin-when-cross-origin\" allowfullscreen><\/iframe>\t\t\t\t<\/div>\n\t\t\t\t<\/div>\n\t\t\t\t\t<\/div>\n\t\t\t\t<\/div>\n\t\t<div class=\"elementor-element elementor-element-60fbf7b e-flex e-con-boxed e-con e-parent\" data-id=\"60fbf7b\" data-element_type=\"container\">\n\t\t\t\t\t<div class=\"e-con-inner\">\n\t\t\t\t<div class=\"elementor-element elementor-element-0a4c754 elementor-widget elementor-widget-spacer\" data-id=\"0a4c754\" data-element_type=\"widget\" data-widget_type=\"spacer.default\">\n\t\t\t\t<div class=\"elementor-widget-container\">\n\t\t\t\t\t\t\t<div class=\"elementor-spacer\">\n\t\t\t<div class=\"elementor-spacer-inner\"><\/div>\n\t\t<\/div>\n\t\t\t\t\t\t<\/div>\n\t\t\t\t<\/div>\n\t\t\t\t\t<\/div>\n\t\t\t\t<\/div>\n\t\t<div class=\"elementor-element elementor-element-3c6f86a e-flex e-con-boxed e-con e-parent\" data-id=\"3c6f86a\" data-element_type=\"container\">\n\t\t\t\t\t<div class=\"e-con-inner\">\n\t\t<div class=\"elementor-element elementor-element-6642d47 e-con-full e-flex e-con e-child\" data-id=\"6642d47\" data-element_type=\"container\" data-settings=\"{&quot;background_background&quot;:&quot;gradient&quot;}\">\n\t\t<div class=\"elementor-element elementor-element-95de459 e-con-full e-flex e-con e-child\" data-id=\"95de459\" data-element_type=\"container\">\n\t\t\t\t<div class=\"elementor-element elementor-element-df4eb75 elementor-widget elementor-widget-text-editor\" data-id=\"df4eb75\" data-element_type=\"widget\" data-widget_type=\"text-editor.default\">\n\t\t\t\t<div class=\"elementor-widget-container\">\n\t\t\t\t\t\t\t\t\t<div class=\"min-h-8 text-message relative flex w-full flex-col items-end gap-2 text-start break-words whitespace-normal [.text-message+&amp;]:mt-1\" dir=\"auto\" data-message-author-role=\"assistant\" data-message-id=\"d436dcc2-9094-4169-89bd-a37ccd0369a6\" data-message-model-slug=\"gpt-5-1\"><div class=\"flex w-full flex-col gap-1 empty:hidden first:pt-[1px]\"><div class=\"markdown prose dark:prose-invert w-full break-words light markdown-new-styling\"><p>\u00a0<\/p><p><strong><span style=\"color: #000000;\"><span style=\"font-size: 18px; font-style: inherit; letter-spacing: 0.01em;\">Deel 2\/2:<\/span><\/span><\/strong><\/p><p>\u00a0<\/p><p><span style=\"color: #000000;\"><span style=\"font-size: 18px; font-style: inherit; font-weight: inherit; letter-spacing: 0.01em;\">Het tellen van het aantal vingers op een afbeelding <\/span><\/span><\/p><p><span style=\"color: #000000;\"><span style=\"font-size: 18px; font-style: inherit; font-weight: inherit; letter-spacing: 0.01em;\">met behulp van een beslissingsboom.<\/span><\/span><\/p><p>\u00a0<\/p><\/div><\/div><\/div>\t\t\t\t\t\t\t\t<\/div>\n\t\t\t\t<\/div>\n\t\t\t\t<\/div>\n\t\t\t\t<\/div>\n\t\t\t\t\t<\/div>\n\t\t\t\t<\/div>\n\t\t<div class=\"elementor-element elementor-element-55bb881 e-flex e-con-boxed e-con e-parent\" data-id=\"55bb881\" data-element_type=\"container\">\n\t\t\t\t\t<div class=\"e-con-inner\">\n\t\t\t\t<div class=\"elementor-element elementor-element-c53fe0b elementor-widget elementor-widget-spacer\" data-id=\"c53fe0b\" data-element_type=\"widget\" data-widget_type=\"spacer.default\">\n\t\t\t\t<div class=\"elementor-widget-container\">\n\t\t\t\t\t\t\t<div class=\"elementor-spacer\">\n\t\t\t<div class=\"elementor-spacer-inner\"><\/div>\n\t\t<\/div>\n\t\t\t\t\t\t<\/div>\n\t\t\t\t<\/div>\n\t\t\t\t\t<\/div>\n\t\t\t\t<\/div>\n\t\t<div class=\"elementor-element elementor-element-52933fa e-flex e-con-boxed e-con e-parent\" data-id=\"52933fa\" data-element_type=\"container\">\n\t\t\t\t\t<div class=\"e-con-inner\">\n\t\t\t\t<div class=\"elementor-element elementor-element-b0bda58 elementor-widget elementor-widget-html\" data-id=\"b0bda58\" data-element_type=\"widget\" data-widget_type=\"html.default\">\n\t\t\t\t<div class=\"elementor-widget-container\">\n\t\t\t\t\t<iframe width=\"1840\" height=\"1035\" src=\"https:\/\/www.youtube.com\/embed\/2ZhQkD1QKFw\" title=\"Learning To See [Part 2: Rules on Rules on Rules]\" frameborder=\"0\" allow=\"accelerometer; autoplay; clipboard-write; encrypted-media; gyroscope; picture-in-picture; web-share\" referrerpolicy=\"strict-origin-when-cross-origin\" allowfullscreen><\/iframe>\t\t\t\t<\/div>\n\t\t\t\t<\/div>\n\t\t\t\t\t<\/div>\n\t\t\t\t<\/div>\n\t\t<div class=\"elementor-element elementor-element-f5c4794 e-flex e-con-boxed e-con e-parent\" data-id=\"f5c4794\" data-element_type=\"container\">\n\t\t\t\t\t<div class=\"e-con-inner\">\n\t\t\t\t<div class=\"elementor-element elementor-element-7bf058a elementor-widget elementor-widget-spacer\" data-id=\"7bf058a\" data-element_type=\"widget\" data-widget_type=\"spacer.default\">\n\t\t\t\t<div class=\"elementor-widget-container\">\n\t\t\t\t\t\t\t<div class=\"elementor-spacer\">\n\t\t\t<div class=\"elementor-spacer-inner\"><\/div>\n\t\t<\/div>\n\t\t\t\t\t\t<\/div>\n\t\t\t\t<\/div>\n\t\t\t\t\t<\/div>\n\t\t\t\t<\/div>\n\t\t<div class=\"elementor-element elementor-element-c5fb346 e-flex e-con-boxed e-con e-parent\" data-id=\"c5fb346\" data-element_type=\"container\">\n\t\t\t\t\t<div class=\"e-con-inner\">\n\t\t\t\t<div class=\"elementor-element elementor-element-631f5f9 elementor-widget elementor-widget-image\" data-id=\"631f5f9\" data-element_type=\"widget\" data-widget_type=\"image.default\">\n\t\t\t\t<div class=\"elementor-widget-container\">\n\t\t\t\t\t\t\t\t\t\t\t\t\t\t\t\t<a href=\"https:\/\/cctvacademy.be\/nl\/kunstmatige-intelligentie-ai\/\">\n\t\t\t\t\t\t\t<img decoding=\"async\" width=\"300\" height=\"169\" src=\"https:\/\/i0.wp.com\/cctvacademy.be\/wp-content\/uploads\/2026\/03\/overzicht.jpg?fit=300%2C169&amp;ssl=1\" class=\"attachment-medium size-medium wp-image-40499\" alt=\"\" srcset=\"https:\/\/i0.wp.com\/cctvacademy.be\/wp-content\/uploads\/2026\/03\/overzicht.jpg?w=1280&amp;ssl=1 1280w, https:\/\/i0.wp.com\/cctvacademy.be\/wp-content\/uploads\/2026\/03\/overzicht.jpg?resize=300%2C169&amp;ssl=1 300w, https:\/\/i0.wp.com\/cctvacademy.be\/wp-content\/uploads\/2026\/03\/overzicht.jpg?resize=1024%2C576&amp;ssl=1 1024w, https:\/\/i0.wp.com\/cctvacademy.be\/wp-content\/uploads\/2026\/03\/overzicht.jpg?resize=768%2C432&amp;ssl=1 768w, https:\/\/i0.wp.com\/cctvacademy.be\/wp-content\/uploads\/2026\/03\/overzicht.jpg?resize=18%2C10&amp;ssl=1 18w, https:\/\/i0.wp.com\/cctvacademy.be\/wp-content\/uploads\/2026\/03\/overzicht.jpg?resize=600%2C338&amp;ssl=1 600w, https:\/\/i0.wp.com\/cctvacademy.be\/wp-content\/uploads\/2026\/03\/overzicht.jpg?resize=280%2C158&amp;ssl=1 280w\" sizes=\"(max-width: 300px) 100vw, 300px\" \/>\t\t\t\t\t\t\t\t<\/a>\n\t\t\t\t\t\t\t\t\t\t\t\t\t\t\t<\/div>\n\t\t\t\t<\/div>\n\t\t\t\t\t<\/div>\n\t\t\t\t<\/div>\n\t\t<div class=\"elementor-element elementor-element-cd8c399 e-flex e-con-boxed e-con e-parent\" data-id=\"cd8c399\" data-element_type=\"container\">\n\t\t\t\t\t<div class=\"e-con-inner\">\n\t\t\t\t<div class=\"elementor-element elementor-element-5206b54 elementor-widget elementor-widget-spacer\" data-id=\"5206b54\" data-element_type=\"widget\" data-widget_type=\"spacer.default\">\n\t\t\t\t<div class=\"elementor-widget-container\">\n\t\t\t\t\t\t\t<div class=\"elementor-spacer\">\n\t\t\t<div class=\"elementor-spacer-inner\"><\/div>\n\t\t<\/div>\n\t\t\t\t\t\t<\/div>\n\t\t\t\t<\/div>\n\t\t\t\t\t<\/div>\n\t\t\t\t<\/div>\n\t\t<div class=\"elementor-element elementor-element-ea2a3f4 e-flex e-con-boxed e-con e-parent\" data-id=\"ea2a3f4\" data-element_type=\"container\">\n\t\t\t\t\t<div class=\"e-con-inner\">\n\t\t\t\t<div class=\"elementor-element elementor-element-bd23f00 elementor-widget elementor-widget-image\" data-id=\"bd23f00\" data-element_type=\"widget\" data-widget_type=\"image.default\">\n\t\t\t\t<div class=\"elementor-widget-container\">\n\t\t\t\t\t\t\t\t\t\t\t\t\t\t\t\t<a href=\"https:\/\/cctvacademy.be\">\n\t\t\t\t\t\t\t<img decoding=\"async\" width=\"60\" height=\"55\" src=\"https:\/\/i0.wp.com\/cctvacademy.be\/wp-content\/uploads\/2025\/11\/RAS-AIS-logo-v2-kopie.png?fit=60%2C55&amp;ssl=1\" class=\"elementor-animation-pulse attachment-large size-large wp-image-22808\" alt=\"RAS-AIS-logo-v2 kopie\" srcset=\"https:\/\/i0.wp.com\/cctvacademy.be\/wp-content\/uploads\/2025\/11\/RAS-AIS-logo-v2-kopie.png?w=60&amp;ssl=1 60w, https:\/\/i0.wp.com\/cctvacademy.be\/wp-content\/uploads\/2025\/11\/RAS-AIS-logo-v2-kopie.png?resize=13%2C12&amp;ssl=1 13w\" sizes=\"(max-width: 60px) 100vw, 60px\" \/>\t\t\t\t\t\t\t\t<\/a>\n\t\t\t\t\t\t\t\t\t\t\t\t\t\t\t<\/div>\n\t\t\t\t<\/div>\n\t\t\t\t\t<\/div>\n\t\t\t\t<\/div>\n\t\t<div class=\"elementor-element elementor-element-cfa95c2 e-flex e-con-boxed e-con e-parent\" data-id=\"cfa95c2\" data-element_type=\"container\">\n\t\t\t\t\t<div class=\"e-con-inner\">\n\t\t\t\t<div class=\"elementor-element elementor-element-57a5b88 elementor-widget elementor-widget-spacer\" data-id=\"57a5b88\" data-element_type=\"widget\" data-widget_type=\"spacer.default\">\n\t\t\t\t<div class=\"elementor-widget-container\">\n\t\t\t\t\t\t\t<div class=\"elementor-spacer\">\n\t\t\t<div class=\"elementor-spacer-inner\"><\/div>\n\t\t<\/div>\n\t\t\t\t\t\t<\/div>\n\t\t\t\t<\/div>\n\t\t\t\t\t<\/div>\n\t\t\t\t<\/div>\n\t\t\t\t<\/div>\n\t\t","protected":false},"excerpt":{"rendered":"<p>\u00a0 Deel 1\/2: \u00a0 In onderstaande video wordt het complexe landschap van &#8220;machine learning&#8221; en &#8220;kunstmatige intelligentie&#8221; uitgelegd aan de hand van \u00e9\u00e9n voorbeeld uit het domein van computervisie: \u00a0 Het tellen van het aantal vingers op een afbeelding met behulp van een beslissingsboom. \u00a0 \u00a0 Deel 2\/2: \u00a0 Het tellen van het aantal vingers [&hellip;]<\/p>\n","protected":false},"author":1,"featured_media":0,"parent":0,"menu_order":0,"comment_status":"closed","ping_status":"closed","template":"elementor_canvas","meta":{"_acf_changed":false,"zakra_page_container_layout":"customizer","zakra_page_sidebar_layout":"customizer","zakra_remove_content_margin":false,"zakra_sidebar":"customizer","zakra_transparent_header":"customizer","zakra_logo":0,"zakra_main_header_style":"default","zakra_menu_item_color":"","zakra_menu_item_hover_color":"","zakra_menu_item_active_color":"","zakra_menu_active_style":"","zakra_page_header":true,"postBodyCss":"","postBodyMargin":[],"postBodyPadding":[],"postBodyBackground":{"backgroundType":"classic","gradient":""},"h5ap_radio_sources":[],"_glsr_average":0,"_glsr_ranking":0,"_glsr_reviews":0,"footnotes":""},"class_list":["post-8161","page","type-page","status-publish","hentry"],"acf":[],"yoast_head":"<!-- This site is optimized with the Yoast SEO plugin v27.3 - https:\/\/yoast.com\/product\/yoast-seo-wordpress\/ -->\n<title>Wat is een Neuraal Netwerk - RAS\/AIS CCTV Academy<\/title>\n<meta name=\"robots\" content=\"index, follow, max-snippet:-1, max-image-preview:large, max-video-preview:-1\" \/>\n<link rel=\"canonical\" href=\"https:\/\/cctvacademy.be\/fr\/ai-voor-dummies\/\" \/>\n<meta property=\"og:locale\" content=\"fr_FR\" \/>\n<meta property=\"og:type\" content=\"article\" \/>\n<meta property=\"og:title\" content=\"Wat is een Neuraal Netwerk - RAS\/AIS CCTV Academy\" \/>\n<meta property=\"og:description\" content=\"\u00a0 Deel 1\/2: \u00a0 In onderstaande video wordt het complexe landschap van &#8220;machine learning&#8221; en &#8220;kunstmatige intelligentie&#8221; uitgelegd aan de hand van \u00e9\u00e9n voorbeeld uit het domein van computervisie: \u00a0 Het tellen van het aantal vingers op een afbeelding met behulp van een beslissingsboom. \u00a0 \u00a0 Deel 2\/2: \u00a0 Het tellen van het aantal vingers [&hellip;]\" \/>\n<meta property=\"og:url\" content=\"https:\/\/cctvacademy.be\/fr\/ai-voor-dummies\/\" \/>\n<meta property=\"og:site_name\" content=\"RAS\/AIS CCTV Academy\" \/>\n<meta property=\"article:publisher\" content=\"https:\/\/www.facebook.com\/profile.php?id=61576769152561\" \/>\n<meta property=\"article:modified_time\" content=\"2026-04-27T07:58:20+00:00\" \/>\n<meta property=\"og:image\" content=\"https:\/\/cctvacademy.be\/wp-content\/uploads\/2026\/04\/ai-machine-learning-en-kunstmatige-intelligentie-768x768.jpg\" \/>\n<meta name=\"twitter:card\" content=\"summary_large_image\" \/>\n<script type=\"application\/ld+json\" class=\"yoast-schema-graph\">{\"@context\":\"https:\\\/\\\/schema.org\",\"@graph\":[{\"@type\":\"WebPage\",\"@id\":\"https:\\\/\\\/cctvacademy.be\\\/ai-voor-dummies\\\/\",\"url\":\"https:\\\/\\\/cctvacademy.be\\\/ai-voor-dummies\\\/\",\"name\":\"Wat is een Neuraal Netwerk - RAS\\\/AIS CCTV Academy\",\"isPartOf\":{\"@id\":\"https:\\\/\\\/cctvacademy.be\\\/#website\"},\"primaryImageOfPage\":{\"@id\":\"https:\\\/\\\/cctvacademy.be\\\/ai-voor-dummies\\\/#primaryimage\"},\"image\":{\"@id\":\"https:\\\/\\\/cctvacademy.be\\\/ai-voor-dummies\\\/#primaryimage\"},\"thumbnailUrl\":\"https:\\\/\\\/cctvacademy.be\\\/wp-content\\\/uploads\\\/2026\\\/04\\\/ai-machine-learning-en-kunstmatige-intelligentie-768x768.jpg\",\"datePublished\":\"2025-07-05T07:11:17+00:00\",\"dateModified\":\"2026-04-27T07:58:20+00:00\",\"breadcrumb\":{\"@id\":\"https:\\\/\\\/cctvacademy.be\\\/ai-voor-dummies\\\/#breadcrumb\"},\"inLanguage\":\"fr-BE\",\"potentialAction\":[{\"@type\":\"ReadAction\",\"target\":[\"https:\\\/\\\/cctvacademy.be\\\/ai-voor-dummies\\\/\"]}]},{\"@type\":\"ImageObject\",\"inLanguage\":\"fr-BE\",\"@id\":\"https:\\\/\\\/cctvacademy.be\\\/ai-voor-dummies\\\/#primaryimage\",\"url\":\"https:\\\/\\\/cctvacademy.be\\\/wp-content\\\/uploads\\\/2026\\\/04\\\/ai-machine-learning-en-kunstmatige-intelligentie-768x768.jpg\",\"contentUrl\":\"https:\\\/\\\/cctvacademy.be\\\/wp-content\\\/uploads\\\/2026\\\/04\\\/ai-machine-learning-en-kunstmatige-intelligentie-768x768.jpg\"},{\"@type\":\"BreadcrumbList\",\"@id\":\"https:\\\/\\\/cctvacademy.be\\\/ai-voor-dummies\\\/#breadcrumb\",\"itemListElement\":[{\"@type\":\"ListItem\",\"position\":1,\"name\":\"Home\",\"item\":\"https:\\\/\\\/cctvacademy.be\\\/\"},{\"@type\":\"ListItem\",\"position\":2,\"name\":\"Wat is een Neuraal Netwerk\"}]},{\"@type\":\"WebSite\",\"@id\":\"https:\\\/\\\/cctvacademy.be\\\/#website\",\"url\":\"https:\\\/\\\/cctvacademy.be\\\/\",\"name\":\"CCTV Academy\",\"description\":\"CCTV Opleidingen en CCTV Micro Learning\",\"potentialAction\":[{\"@type\":\"SearchAction\",\"target\":{\"@type\":\"EntryPoint\",\"urlTemplate\":\"https:\\\/\\\/cctvacademy.be\\\/?s={search_term_string}\"},\"query-input\":{\"@type\":\"PropertyValueSpecification\",\"valueRequired\":true,\"valueName\":\"search_term_string\"}}],\"inLanguage\":\"fr-BE\"}]}<\/script>\n<!-- \/ Yoast SEO plugin. -->","yoast_head_json":{"title":"Wat is een Neuraal Netwerk - RAS\/AIS CCTV Academy","robots":{"index":"index","follow":"follow","max-snippet":"max-snippet:-1","max-image-preview":"max-image-preview:large","max-video-preview":"max-video-preview:-1"},"canonical":"https:\/\/cctvacademy.be\/fr\/ai-voor-dummies\/","og_locale":"fr_FR","og_type":"article","og_title":"Wat is een Neuraal Netwerk - RAS\/AIS CCTV Academy","og_description":"\u00a0 Deel 1\/2: \u00a0 In onderstaande video wordt het complexe landschap van &#8220;machine learning&#8221; en &#8220;kunstmatige intelligentie&#8221; uitgelegd aan de hand van \u00e9\u00e9n voorbeeld uit het domein van computervisie: \u00a0 Het tellen van het aantal vingers op een afbeelding met behulp van een beslissingsboom. \u00a0 \u00a0 Deel 2\/2: \u00a0 Het tellen van het aantal vingers [&hellip;]","og_url":"https:\/\/cctvacademy.be\/fr\/ai-voor-dummies\/","og_site_name":"RAS\/AIS CCTV Academy","article_publisher":"https:\/\/www.facebook.com\/profile.php?id=61576769152561","article_modified_time":"2026-04-27T07:58:20+00:00","og_image":[{"url":"https:\/\/cctvacademy.be\/wp-content\/uploads\/2026\/04\/ai-machine-learning-en-kunstmatige-intelligentie-768x768.jpg","type":"","width":"","height":""}],"twitter_card":"summary_large_image","schema":{"@context":"https:\/\/schema.org","@graph":[{"@type":"WebPage","@id":"https:\/\/cctvacademy.be\/ai-voor-dummies\/","url":"https:\/\/cctvacademy.be\/ai-voor-dummies\/","name":"Wat is een Neuraal Netwerk - RAS\/AIS CCTV Academy","isPartOf":{"@id":"https:\/\/cctvacademy.be\/#website"},"primaryImageOfPage":{"@id":"https:\/\/cctvacademy.be\/ai-voor-dummies\/#primaryimage"},"image":{"@id":"https:\/\/cctvacademy.be\/ai-voor-dummies\/#primaryimage"},"thumbnailUrl":"https:\/\/cctvacademy.be\/wp-content\/uploads\/2026\/04\/ai-machine-learning-en-kunstmatige-intelligentie-768x768.jpg","datePublished":"2025-07-05T07:11:17+00:00","dateModified":"2026-04-27T07:58:20+00:00","breadcrumb":{"@id":"https:\/\/cctvacademy.be\/ai-voor-dummies\/#breadcrumb"},"inLanguage":"fr-BE","potentialAction":[{"@type":"ReadAction","target":["https:\/\/cctvacademy.be\/ai-voor-dummies\/"]}]},{"@type":"ImageObject","inLanguage":"fr-BE","@id":"https:\/\/cctvacademy.be\/ai-voor-dummies\/#primaryimage","url":"https:\/\/cctvacademy.be\/wp-content\/uploads\/2026\/04\/ai-machine-learning-en-kunstmatige-intelligentie-768x768.jpg","contentUrl":"https:\/\/cctvacademy.be\/wp-content\/uploads\/2026\/04\/ai-machine-learning-en-kunstmatige-intelligentie-768x768.jpg"},{"@type":"BreadcrumbList","@id":"https:\/\/cctvacademy.be\/ai-voor-dummies\/#breadcrumb","itemListElement":[{"@type":"ListItem","position":1,"name":"Home","item":"https:\/\/cctvacademy.be\/"},{"@type":"ListItem","position":2,"name":"Wat is een Neuraal Netwerk"}]},{"@type":"WebSite","@id":"https:\/\/cctvacademy.be\/#website","url":"https:\/\/cctvacademy.be\/","name":"CCTV Academy","description":"Formation \u00e0 la vid\u00e9osurveillance et micro-apprentissage de la vid\u00e9osurveillance","potentialAction":[{"@type":"SearchAction","target":{"@type":"EntryPoint","urlTemplate":"https:\/\/cctvacademy.be\/?s={search_term_string}"},"query-input":{"@type":"PropertyValueSpecification","valueRequired":true,"valueName":"search_term_string"}}],"inLanguage":"fr-BE"}]}},"jetpack_sharing_enabled":true,"_links":{"self":[{"href":"https:\/\/cctvacademy.be\/fr\/wp-json\/wp\/v2\/pages\/8161","targetHints":{"allow":["GET"]}}],"collection":[{"href":"https:\/\/cctvacademy.be\/fr\/wp-json\/wp\/v2\/pages"}],"about":[{"href":"https:\/\/cctvacademy.be\/fr\/wp-json\/wp\/v2\/types\/page"}],"author":[{"embeddable":true,"href":"https:\/\/cctvacademy.be\/fr\/wp-json\/wp\/v2\/users\/1"}],"replies":[{"embeddable":true,"href":"https:\/\/cctvacademy.be\/fr\/wp-json\/wp\/v2\/comments?post=8161"}],"version-history":[{"count":0,"href":"https:\/\/cctvacademy.be\/fr\/wp-json\/wp\/v2\/pages\/8161\/revisions"}],"wp:attachment":[{"href":"https:\/\/cctvacademy.be\/fr\/wp-json\/wp\/v2\/media?parent=8161"}],"curies":[{"name":"wp","href":"https:\/\/api.w.org\/{rel}","templated":true}]}}