{"id":34469,"date":"2025-12-30T01:45:01","date_gmt":"2025-12-30T00:45:01","guid":{"rendered":"https:\/\/cctvacademy.be\/?page_id=34469"},"modified":"2025-12-30T13:10:07","modified_gmt":"2025-12-30T12:10:07","slug":"basis-cctv-opleidingen","status":"publish","type":"page","link":"https:\/\/cctvacademy.be\/fr\/basis-cctv-opleidingen\/","title":{"rendered":"Basis CCTV opleidingen"},"content":{"rendered":"<div data-elementor-type=\"masteriyo-course-archive-page\" data-elementor-id=\"34469\" class=\"elementor elementor-34469\">\n\t\t\t\t<div class=\"elementor-element elementor-element-4c477bf e-flex e-con-boxed e-con e-parent\" data-id=\"4c477bf\" data-element_type=\"container\">\n\t\t\t\t\t<div class=\"e-con-inner\">\n\t\t\t\t<div class=\"elementor-element elementor-element-efb8d1e elementor-widget elementor-widget-spacer\" data-id=\"efb8d1e\" data-element_type=\"widget\" data-widget_type=\"spacer.default\">\n\t\t\t\t<div class=\"elementor-widget-container\">\n\t\t\t\t\t\t\t<div class=\"elementor-spacer\">\n\t\t\t<div class=\"elementor-spacer-inner\"><\/div>\n\t\t<\/div>\n\t\t\t\t\t\t<\/div>\n\t\t\t\t<\/div>\n\t\t\t\t\t<\/div>\n\t\t\t\t<\/div>\n\t\t<div class=\"elementor-element elementor-element-22facd6 e-flex e-con-boxed e-con e-parent\" data-id=\"22facd6\" data-element_type=\"container\">\n\t\t\t\t\t<div class=\"e-con-inner\">\n\t\t\t\t<div class=\"elementor-element elementor-element-5003c3b elementor-widget elementor-widget-image\" data-id=\"5003c3b\" data-element_type=\"widget\" data-widget_type=\"image.default\">\n\t\t\t\t<div class=\"elementor-widget-container\">\n\t\t\t\t\t\t\t\t\t\t\t\t\t\t\t\t<a href=\"https:\/\/www.CCTVACADEMY.BE\">\n\t\t\t\t\t\t\t<img decoding=\"async\" width=\"258\" height=\"55\" src=\"https:\/\/i0.wp.com\/cctvacademy.be\/wp-content\/uploads\/2025\/05\/RAS-AIS-logo-v2.png?fit=258%2C55&amp;ssl=1\" class=\"attachment-large size-large wp-image-1955\" alt=\"Opleiding CCTV camerabewaking bij groothandel camerabewaking RAS Security\" \/>\t\t\t\t\t\t\t\t<\/a>\n\t\t\t\t\t\t\t\t\t\t\t\t\t\t\t<\/div>\n\t\t\t\t<\/div>\n\t\t\t\t\t<\/div>\n\t\t\t\t<\/div>\n\t\t<div class=\"elementor-element elementor-element-97f17e2 e-flex e-con-boxed e-con e-parent\" data-id=\"97f17e2\" data-element_type=\"container\">\n\t\t\t\t\t<div class=\"e-con-inner\">\n\t\t\t\t<div class=\"elementor-element elementor-element-2762567 elementor-widget elementor-widget-spacer\" data-id=\"2762567\" data-element_type=\"widget\" data-widget_type=\"spacer.default\">\n\t\t\t\t<div class=\"elementor-widget-container\">\n\t\t\t\t\t\t\t<div class=\"elementor-spacer\">\n\t\t\t<div class=\"elementor-spacer-inner\"><\/div>\n\t\t<\/div>\n\t\t\t\t\t\t<\/div>\n\t\t\t\t<\/div>\n\t\t\t\t\t<\/div>\n\t\t\t\t<\/div>\n\t\t<div class=\"elementor-element elementor-element-928a7b8 e-flex e-con-boxed e-con e-parent\" data-id=\"928a7b8\" data-element_type=\"container\">\n\t\t\t\t\t<div class=\"e-con-inner\">\n\t\t<div class=\"elementor-element elementor-element-f368684 e-con-full e-flex e-con e-child\" data-id=\"f368684\" data-element_type=\"container\" data-settings=\"{&quot;background_background&quot;:&quot;classic&quot;}\">\n\t\t<div class=\"elementor-element elementor-element-49ccc05 e-con-full e-flex e-con e-child\" data-id=\"49ccc05\" data-element_type=\"container\">\n\t\t\t\t<div class=\"elementor-element elementor-element-1da1bb4 elementor-widget elementor-widget-text-editor\" data-id=\"1da1bb4\" data-element_type=\"widget\" data-widget_type=\"text-editor.default\">\n\t\t\t\t<div class=\"elementor-widget-container\">\n\t\t\t\t\t\t\t\t\t<p><span style=\"color: #000000;\">De d\u00e9butant complet \u00e0 installateur CCTV avec des connaissances avanc\u00e9es en mati\u00e8re de vid\u00e9osurveillance <\/span><\/p><p><span style=\"color: #000000;\">et cela <strong>en une seule demi-journ\u00e9e classique, formation CCTV :<\/strong><\/span><\/p>\t\t\t\t\t\t\t\t<\/div>\n\t\t\t\t<\/div>\n\t\t\t\t<\/div>\n\t\t<div class=\"elementor-element elementor-element-22e780e e-con-full e-grid e-con e-child\" data-id=\"22e780e\" data-element_type=\"container\">\n\t\t<div class=\"elementor-element elementor-element-cb3f89e e-con-full e-flex e-con e-child\" data-id=\"cb3f89e\" data-element_type=\"container\">\n\t\t<div class=\"elementor-element elementor-element-e940860 e-con-full e-flex e-con e-child\" data-id=\"e940860\" data-element_type=\"container\">\n\t\t\t\t<div class=\"elementor-element elementor-element-aaed631 elementor-widget elementor-widget-text-editor\" data-id=\"aaed631\" data-element_type=\"widget\" data-widget_type=\"text-editor.default\">\n\t\t\t\t<div class=\"elementor-widget-container\">\n\t\t\t\t\t\t\t\t\t<p><span style=\"color: #000000;\">Plus d'informations ? Cliquez sur l'affiche bleue.<\/span><\/p>\t\t\t\t\t\t\t\t<\/div>\n\t\t\t\t<\/div>\n\t\t\t\t<\/div>\n\t\t\t\t<div class=\"elementor-element elementor-element-9e9255b elementor-widget elementor-widget-image\" data-id=\"9e9255b\" data-element_type=\"widget\" data-widget_type=\"image.default\">\n\t\t\t\t<div class=\"elementor-widget-container\">\n\t\t\t\t\t\t\t\t\t\t\t\t\t\t\t\t<a href=\"https:\/\/cctvacademy.be\/fr\/de-cctv-componenten\/\">\n\t\t\t\t\t\t\t<img fetchpriority=\"high\" decoding=\"async\" width=\"400\" height=\"600\" src=\"https:\/\/i0.wp.com\/cctvacademy.be\/wp-content\/uploads\/2025\/05\/OPLEIDINGSTRAJECT-BASIS-CCTV.jpg?fit=400%2C600&amp;ssl=1\" class=\"attachment-classic-grid-listing size-classic-grid-listing wp-image-4468\" alt=\"\" srcset=\"https:\/\/i0.wp.com\/cctvacademy.be\/wp-content\/uploads\/2025\/05\/OPLEIDINGSTRAJECT-BASIS-CCTV.jpg?w=1186&amp;ssl=1 1186w, https:\/\/i0.wp.com\/cctvacademy.be\/wp-content\/uploads\/2025\/05\/OPLEIDINGSTRAJECT-BASIS-CCTV.jpg?resize=200%2C300&amp;ssl=1 200w, https:\/\/i0.wp.com\/cctvacademy.be\/wp-content\/uploads\/2025\/05\/OPLEIDINGSTRAJECT-BASIS-CCTV.jpg?resize=683%2C1024&amp;ssl=1 683w, https:\/\/i0.wp.com\/cctvacademy.be\/wp-content\/uploads\/2025\/05\/OPLEIDINGSTRAJECT-BASIS-CCTV.jpg?resize=768%2C1151&amp;ssl=1 768w, https:\/\/i0.wp.com\/cctvacademy.be\/wp-content\/uploads\/2025\/05\/OPLEIDINGSTRAJECT-BASIS-CCTV.jpg?resize=1025%2C1536&amp;ssl=1 1025w, https:\/\/i0.wp.com\/cctvacademy.be\/wp-content\/uploads\/2025\/05\/OPLEIDINGSTRAJECT-BASIS-CCTV.jpg?resize=400%2C600&amp;ssl=1 400w, https:\/\/i0.wp.com\/cctvacademy.be\/wp-content\/uploads\/2025\/05\/OPLEIDINGSTRAJECT-BASIS-CCTV.jpg?resize=107%2C160&amp;ssl=1 107w\" sizes=\"(max-width: 400px) 100vw, 400px\" \/>\t\t\t\t\t\t\t\t<\/a>\n\t\t\t\t\t\t\t\t\t\t\t\t\t\t\t<\/div>\n\t\t\t\t<\/div>\n\t\t<div class=\"elementor-element elementor-element-0ecbe67 e-con-full e-flex e-con e-child\" data-id=\"0ecbe67\" data-element_type=\"container\">\n\t\t\t\t<div class=\"elementor-element elementor-element-c40da4a elementor-widget elementor-widget-text-editor\" data-id=\"c40da4a\" data-element_type=\"widget\" data-widget_type=\"text-editor.default\">\n\t\t\t\t<div class=\"elementor-widget-container\">\n\t\t\t\t\t\t\t\t\t<p><span style=\"color: #000000;\">de 9h00 \u00e0 10h45.<\/span><\/p>\t\t\t\t\t\t\t\t<\/div>\n\t\t\t\t<\/div>\n\t\t\t\t<\/div>\n\t\t<div class=\"elementor-element elementor-element-7aec256 e-con-full e-flex e-con e-child\" data-id=\"7aec256\" data-element_type=\"container\">\n\t\t\t\t<div class=\"elementor-element elementor-element-bd16ae0 elementor-widget elementor-widget-text-editor\" data-id=\"bd16ae0\" data-element_type=\"widget\" data-widget_type=\"text-editor.default\">\n\t\t\t\t<div class=\"elementor-widget-container\">\n\t\t\t\t\t\t\t\t\t<p>\u00ab Un aper\u00e7u pratique et compr\u00e9hensible des cam\u00e9ras de s\u00e9curit\u00e9 et des syst\u00e8mes d'enregistrement, avec les accessoires les plus importants pour chaque installation. \u00bb<\/p><p>\u00ab Chaque cam\u00e9ra est diff\u00e9rent : d\u00e9couvrez celui qui vous convient le mieux. \u00bb<\/p>\t\t\t\t\t\t\t\t<\/div>\n\t\t\t\t<\/div>\n\t\t\t\t<\/div>\n\t\t\t\t<\/div>\n\t\t<div class=\"elementor-element elementor-element-eb42e25 e-con-full e-flex e-con e-child\" data-id=\"eb42e25\" data-element_type=\"container\">\n\t\t<div class=\"elementor-element elementor-element-3d9e52d e-con-full e-flex e-con e-child\" data-id=\"3d9e52d\" data-element_type=\"container\">\n\t\t\t\t<div class=\"elementor-element elementor-element-4b18553 elementor-widget elementor-widget-text-editor\" data-id=\"4b18553\" data-element_type=\"widget\" data-widget_type=\"text-editor.default\">\n\t\t\t\t<div class=\"elementor-widget-container\">\n\t\t\t\t\t\t\t\t\t<p><span style=\"color: #000000;\">Plus d'informations ? Cliquez sur l'affiche bleue.<\/span><\/p>\t\t\t\t\t\t\t\t<\/div>\n\t\t\t\t<\/div>\n\t\t\t\t<\/div>\n\t\t\t\t<div class=\"elementor-element elementor-element-65bce22 elementor-widget elementor-widget-image\" data-id=\"65bce22\" data-element_type=\"widget\" data-widget_type=\"image.default\">\n\t\t\t\t<div class=\"elementor-widget-container\">\n\t\t\t\t\t\t\t\t\t\t\t\t\t\t\t\t<a href=\"https:\/\/cctvacademy.be\/fr\/de-tien-meest-gemaakte-beginnersfouten-in-cctv\/\">\n\t\t\t\t\t\t\t<img decoding=\"async\" width=\"400\" height=\"600\" src=\"https:\/\/i0.wp.com\/cctvacademy.be\/wp-content\/uploads\/2025\/05\/OPLEIDINGSTRAJECT-TOP-10-FOUTEN.jpg?fit=400%2C600&amp;ssl=1\" class=\"attachment-classic-grid-listing size-classic-grid-listing wp-image-4470\" alt=\"\" srcset=\"https:\/\/i0.wp.com\/cctvacademy.be\/wp-content\/uploads\/2025\/05\/OPLEIDINGSTRAJECT-TOP-10-FOUTEN.jpg?w=1186&amp;ssl=1 1186w, https:\/\/i0.wp.com\/cctvacademy.be\/wp-content\/uploads\/2025\/05\/OPLEIDINGSTRAJECT-TOP-10-FOUTEN.jpg?resize=200%2C300&amp;ssl=1 200w, https:\/\/i0.wp.com\/cctvacademy.be\/wp-content\/uploads\/2025\/05\/OPLEIDINGSTRAJECT-TOP-10-FOUTEN.jpg?resize=683%2C1024&amp;ssl=1 683w, https:\/\/i0.wp.com\/cctvacademy.be\/wp-content\/uploads\/2025\/05\/OPLEIDINGSTRAJECT-TOP-10-FOUTEN.jpg?resize=768%2C1151&amp;ssl=1 768w, https:\/\/i0.wp.com\/cctvacademy.be\/wp-content\/uploads\/2025\/05\/OPLEIDINGSTRAJECT-TOP-10-FOUTEN.jpg?resize=1025%2C1536&amp;ssl=1 1025w, https:\/\/i0.wp.com\/cctvacademy.be\/wp-content\/uploads\/2025\/05\/OPLEIDINGSTRAJECT-TOP-10-FOUTEN.jpg?resize=400%2C600&amp;ssl=1 400w, https:\/\/i0.wp.com\/cctvacademy.be\/wp-content\/uploads\/2025\/05\/OPLEIDINGSTRAJECT-TOP-10-FOUTEN.jpg?resize=107%2C160&amp;ssl=1 107w\" sizes=\"(max-width: 400px) 100vw, 400px\" \/>\t\t\t\t\t\t\t\t<\/a>\n\t\t\t\t\t\t\t\t\t\t\t\t\t\t\t<\/div>\n\t\t\t\t<\/div>\n\t\t<div class=\"elementor-element elementor-element-d83fb9e e-con-full e-flex e-con e-child\" data-id=\"d83fb9e\" data-element_type=\"container\">\n\t\t<div class=\"elementor-element elementor-element-b4ca7a1 e-con-full e-flex e-con e-child\" data-id=\"b4ca7a1\" data-element_type=\"container\">\n\t\t\t\t<div class=\"elementor-element elementor-element-5eaeb66 elementor-widget elementor-widget-text-editor\" data-id=\"5eaeb66\" data-element_type=\"widget\" data-widget_type=\"text-editor.default\">\n\t\t\t\t<div class=\"elementor-widget-container\">\n\t\t\t\t\t\t\t\t\t<p><span style=\"color: #000000;\">de 11h00 \u00e0 12h00.<\/span><\/p>\t\t\t\t\t\t\t\t<\/div>\n\t\t\t\t<\/div>\n\t\t\t\t<\/div>\n\t\t\t\t<div class=\"elementor-element elementor-element-2eeac78 elementor-widget elementor-widget-text-editor\" data-id=\"2eeac78\" data-element_type=\"widget\" data-widget_type=\"text-editor.default\">\n\t\t\t\t<div class=\"elementor-widget-container\">\n\t\t\t\t\t\t\t\t\t<p>\u00ab Chaque plainte concernant les images de vid\u00e9osurveillance est une occasion d'am\u00e9liorer notre installation, notre r\u00e9glage ou nos explications. \u00bb<\/p><p>\u00ab Dans la plupart des cas, le probl\u00e8me ne vient pas de la cam\u00e9ra, mais de la fa\u00e7on dont elle est plac\u00e9e, r\u00e9gl\u00e9e ou utilis\u00e9e. \u00bb<\/p>\t\t\t\t\t\t\t\t<\/div>\n\t\t\t\t<\/div>\n\t\t\t\t<\/div>\n\t\t\t\t<\/div>\n\t\t\t\t<\/div>\n\t\t\t\t<\/div>\n\t\t\t\t\t<\/div>\n\t\t\t\t<\/div>\n\t\t<div class=\"elementor-element elementor-element-4a88606 e-grid e-con-full e-con e-parent\" data-id=\"4a88606\" data-element_type=\"container\">\n\t\t<div class=\"elementor-element elementor-element-ddbd216 e-con-full e-flex e-con e-child\" data-id=\"ddbd216\" data-element_type=\"container\">\n\t\t\t\t<div class=\"elementor-element elementor-element-979be0c elementor-align-center elementor-widget elementor-widget-button\" data-id=\"979be0c\" data-element_type=\"widget\" data-widget_type=\"button.default\">\n\t\t\t\t<div class=\"elementor-widget-container\">\n\t\t\t\t\t\t\t\t\t<div class=\"elementor-button-wrapper\">\n\t\t\t\t\t<a class=\"elementor-button elementor-button-link elementor-size-sm\" href=\"https:\/\/cctvacademy.be\/fr\/inschrijven-starters-ai-cctv\/\">\n\t\t\t\t\t\t<span class=\"elementor-button-content-wrapper\">\n\t\t\t\t\t\t\t\t\t<span class=\"elementor-button-text\">Inscrivez-vous ici.<\/span>\n\t\t\t\t\t<\/span>\n\t\t\t\t\t<\/a>\n\t\t\t\t<\/div>\n\t\t\t\t\t\t\t\t<\/div>\n\t\t\t\t<\/div>\n\t\t\t\t<\/div>\n\t\t\t\t<\/div>\n\t\t<div class=\"elementor-element elementor-element-068a949 e-flex e-con-boxed e-con e-parent\" data-id=\"068a949\" data-element_type=\"container\">\n\t\t\t\t\t<div class=\"e-con-inner\">\n\t\t\t\t<div class=\"elementor-element elementor-element-89f3e8e elementor-widget elementor-widget-spacer\" data-id=\"89f3e8e\" data-element_type=\"widget\" data-widget_type=\"spacer.default\">\n\t\t\t\t<div class=\"elementor-widget-container\">\n\t\t\t\t\t\t\t<div class=\"elementor-spacer\">\n\t\t\t<div class=\"elementor-spacer-inner\"><\/div>\n\t\t<\/div>\n\t\t\t\t\t\t<\/div>\n\t\t\t\t<\/div>\n\t\t\t\t\t<\/div>\n\t\t\t\t<\/div>\n\t\t<div class=\"elementor-element elementor-element-8df8d5a e-flex e-con-boxed e-con e-parent\" data-id=\"8df8d5a\" data-element_type=\"container\">\n\t\t\t\t\t<div class=\"e-con-inner\">\n\t\t\t\t<div class=\"elementor-element elementor-element-8e1c2a9 elementor-widget elementor-widget-image\" data-id=\"8e1c2a9\" data-element_type=\"widget\" data-widget_type=\"image.default\">\n\t\t\t\t<div class=\"elementor-widget-container\">\n\t\t\t\t\t\t\t\t\t\t\t\t\t\t\t\t<a href=\"https:\/\/cctvacademy.be\/fr\/\">\n\t\t\t\t\t\t\t<img loading=\"lazy\" decoding=\"async\" width=\"98\" height=\"91\" src=\"https:\/\/i0.wp.com\/cctvacademy.be\/wp-content\/uploads\/2025\/12\/RAS-logo-schild.png?resize=98%2C91&amp;ssl=1\" class=\"elementor-animation-pulse attachment-thumbnail size-thumbnail wp-image-29277\" alt=\"\" srcset=\"https:\/\/i0.wp.com\/cctvacademy.be\/wp-content\/uploads\/2025\/12\/RAS-logo-schild.png?w=98&amp;ssl=1 98w, https:\/\/i0.wp.com\/cctvacademy.be\/wp-content\/uploads\/2025\/12\/RAS-logo-schild.png?resize=13%2C12&amp;ssl=1 13w\" sizes=\"(max-width: 98px) 100vw, 98px\" \/>\t\t\t\t\t\t\t\t<\/a>\n\t\t\t\t\t\t\t\t\t\t\t\t\t\t\t<\/div>\n\t\t\t\t<\/div>\n\t\t\t\t\t<\/div>\n\t\t\t\t<\/div>\n\t\t<div class=\"elementor-element elementor-element-b8081dc e-flex e-con-boxed e-con e-parent\" data-id=\"b8081dc\" data-element_type=\"container\">\n\t\t\t\t\t<div class=\"e-con-inner\">\n\t\t\t\t<div class=\"elementor-element elementor-element-bb48b61 elementor-widget elementor-widget-spacer\" data-id=\"bb48b61\" data-element_type=\"widget\" data-widget_type=\"spacer.default\">\n\t\t\t\t<div class=\"elementor-widget-container\">\n\t\t\t\t\t\t\t<div class=\"elementor-spacer\">\n\t\t\t<div class=\"elementor-spacer-inner\"><\/div>\n\t\t<\/div>\n\t\t\t\t\t\t<\/div>\n\t\t\t\t<\/div>\n\t\t\t\t\t<\/div>\n\t\t\t\t<\/div>\n\t\t\t\t<\/div>","protected":false},"excerpt":{"rendered":"<p>Van complete beginner tot CCTV-installateur met gevorderde camerabewakingskennis en dat in slechts \u00e9\u00e9n klassieke, halve dag, CCTV opleiding: Meer info? Klik op de blauwe affiche. van 9.00u. tot 10.45u. \u201cEen praktisch en begrijpelijk overzicht van securitycamera\u2019s en opnamesystemen, compleet met de belangrijkste accessoires voor elke installatie.\u201d \u201cElke camera voelt anders \u2014 ontdek welke kwaliteit bij [&hellip;]<\/p>\n","protected":false},"author":1,"featured_media":0,"parent":0,"menu_order":0,"comment_status":"closed","ping_status":"closed","template":"elementor_canvas","meta":{"_acf_changed":false,"zakra_page_container_layout":"customizer","zakra_page_sidebar_layout":"customizer","zakra_remove_content_margin":false,"zakra_sidebar":"customizer","zakra_transparent_header":"customizer","zakra_logo":0,"zakra_main_header_style":"default","zakra_menu_item_color":"","zakra_menu_item_hover_color":"","zakra_menu_item_active_color":"","zakra_menu_active_style":"","zakra_page_header":true,"postBodyCss":"","postBodyMargin":[],"postBodyPadding":[],"postBodyBackground":{"backgroundType":"classic","gradient":""},"h5ap_radio_sources":[],"_glsr_average":0,"_glsr_ranking":0,"_glsr_reviews":0,"footnotes":""},"class_list":["post-34469","page","type-page","status-publish","hentry"],"acf":[],"yoast_head":"<!-- This site is optimized with the Yoast SEO plugin v27.3 - https:\/\/yoast.com\/product\/yoast-seo-wordpress\/ -->\n<title>Basis CCTV opleidingen - RAS\/AIS CCTV Academy<\/title>\n<meta name=\"robots\" content=\"index, follow, max-snippet:-1, max-image-preview:large, max-video-preview:-1\" \/>\n<link rel=\"canonical\" href=\"https:\/\/cctvacademy.be\/fr\/basis-cctv-opleidingen\/\" \/>\n<meta property=\"og:locale\" content=\"fr_FR\" \/>\n<meta property=\"og:type\" content=\"article\" \/>\n<meta property=\"og:title\" content=\"Basis CCTV opleidingen - RAS\/AIS CCTV Academy\" \/>\n<meta property=\"og:description\" content=\"Van complete beginner tot CCTV-installateur met gevorderde camerabewakingskennis en dat in slechts \u00e9\u00e9n klassieke, halve dag, CCTV opleiding: Meer info? Klik op de blauwe affiche. van 9.00u. tot 10.45u. \u201cEen praktisch en begrijpelijk overzicht van securitycamera\u2019s en opnamesystemen, compleet met de belangrijkste accessoires voor elke installatie.\u201d \u201cElke camera voelt anders \u2014 ontdek welke kwaliteit bij [&hellip;]\" \/>\n<meta property=\"og:url\" content=\"https:\/\/cctvacademy.be\/fr\/basis-cctv-opleidingen\/\" \/>\n<meta property=\"og:site_name\" content=\"RAS\/AIS CCTV Academy\" \/>\n<meta property=\"article:publisher\" content=\"https:\/\/www.facebook.com\/profile.php?id=61576769152561\" \/>\n<meta property=\"article:modified_time\" content=\"2025-12-30T12:10:07+00:00\" \/>\n<meta property=\"og:image\" content=\"https:\/\/cctvacademy.be\/wp-content\/uploads\/2025\/05\/RAS-AIS-logo-v2.png\" \/>\n<meta name=\"twitter:card\" content=\"summary_large_image\" \/>\n<script type=\"application\/ld+json\" class=\"yoast-schema-graph\">{\"@context\":\"https:\\\/\\\/schema.org\",\"@graph\":[{\"@type\":\"WebPage\",\"@id\":\"https:\\\/\\\/cctvacademy.be\\\/basis-cctv-opleidingen\\\/\",\"url\":\"https:\\\/\\\/cctvacademy.be\\\/basis-cctv-opleidingen\\\/\",\"name\":\"Basis CCTV opleidingen - RAS\\\/AIS CCTV Academy\",\"isPartOf\":{\"@id\":\"https:\\\/\\\/cctvacademy.be\\\/#website\"},\"primaryImageOfPage\":{\"@id\":\"https:\\\/\\\/cctvacademy.be\\\/basis-cctv-opleidingen\\\/#primaryimage\"},\"image\":{\"@id\":\"https:\\\/\\\/cctvacademy.be\\\/basis-cctv-opleidingen\\\/#primaryimage\"},\"thumbnailUrl\":\"https:\\\/\\\/cctvacademy.be\\\/wp-content\\\/uploads\\\/2025\\\/05\\\/RAS-AIS-logo-v2.png\",\"datePublished\":\"2025-12-30T00:45:01+00:00\",\"dateModified\":\"2025-12-30T12:10:07+00:00\",\"breadcrumb\":{\"@id\":\"https:\\\/\\\/cctvacademy.be\\\/basis-cctv-opleidingen\\\/#breadcrumb\"},\"inLanguage\":\"fr-BE\",\"potentialAction\":[{\"@type\":\"ReadAction\",\"target\":[\"https:\\\/\\\/cctvacademy.be\\\/basis-cctv-opleidingen\\\/\"]}]},{\"@type\":\"ImageObject\",\"inLanguage\":\"fr-BE\",\"@id\":\"https:\\\/\\\/cctvacademy.be\\\/basis-cctv-opleidingen\\\/#primaryimage\",\"url\":\"https:\\\/\\\/cctvacademy.be\\\/wp-content\\\/uploads\\\/2025\\\/05\\\/RAS-AIS-logo-v2.png\",\"contentUrl\":\"https:\\\/\\\/cctvacademy.be\\\/wp-content\\\/uploads\\\/2025\\\/05\\\/RAS-AIS-logo-v2.png\"},{\"@type\":\"BreadcrumbList\",\"@id\":\"https:\\\/\\\/cctvacademy.be\\\/basis-cctv-opleidingen\\\/#breadcrumb\",\"itemListElement\":[{\"@type\":\"ListItem\",\"position\":1,\"name\":\"Home\",\"item\":\"https:\\\/\\\/cctvacademy.be\\\/\"},{\"@type\":\"ListItem\",\"position\":2,\"name\":\"Basis CCTV opleidingen\"}]},{\"@type\":\"WebSite\",\"@id\":\"https:\\\/\\\/cctvacademy.be\\\/#website\",\"url\":\"https:\\\/\\\/cctvacademy.be\\\/\",\"name\":\"CCTV Academy\",\"description\":\"CCTV Opleidingen en CCTV Micro Learning\",\"potentialAction\":[{\"@type\":\"SearchAction\",\"target\":{\"@type\":\"EntryPoint\",\"urlTemplate\":\"https:\\\/\\\/cctvacademy.be\\\/?s={search_term_string}\"},\"query-input\":{\"@type\":\"PropertyValueSpecification\",\"valueRequired\":true,\"valueName\":\"search_term_string\"}}],\"inLanguage\":\"fr-BE\"}]}<\/script>\n<!-- \/ Yoast SEO plugin. -->","yoast_head_json":{"title":"Basis CCTV opleidingen - RAS\/AIS CCTV Academy","robots":{"index":"index","follow":"follow","max-snippet":"max-snippet:-1","max-image-preview":"max-image-preview:large","max-video-preview":"max-video-preview:-1"},"canonical":"https:\/\/cctvacademy.be\/fr\/basis-cctv-opleidingen\/","og_locale":"fr_FR","og_type":"article","og_title":"Basis CCTV opleidingen - RAS\/AIS CCTV Academy","og_description":"Van complete beginner tot CCTV-installateur met gevorderde camerabewakingskennis en dat in slechts \u00e9\u00e9n klassieke, halve dag, CCTV opleiding: Meer info? Klik op de blauwe affiche. van 9.00u. tot 10.45u. \u201cEen praktisch en begrijpelijk overzicht van securitycamera\u2019s en opnamesystemen, compleet met de belangrijkste accessoires voor elke installatie.\u201d \u201cElke camera voelt anders \u2014 ontdek welke kwaliteit bij [&hellip;]","og_url":"https:\/\/cctvacademy.be\/fr\/basis-cctv-opleidingen\/","og_site_name":"RAS\/AIS CCTV Academy","article_publisher":"https:\/\/www.facebook.com\/profile.php?id=61576769152561","article_modified_time":"2025-12-30T12:10:07+00:00","og_image":[{"url":"https:\/\/cctvacademy.be\/wp-content\/uploads\/2025\/05\/RAS-AIS-logo-v2.png","type":"","width":"","height":""}],"twitter_card":"summary_large_image","schema":{"@context":"https:\/\/schema.org","@graph":[{"@type":"WebPage","@id":"https:\/\/cctvacademy.be\/basis-cctv-opleidingen\/","url":"https:\/\/cctvacademy.be\/basis-cctv-opleidingen\/","name":"Basis CCTV opleidingen - RAS\/AIS CCTV Academy","isPartOf":{"@id":"https:\/\/cctvacademy.be\/#website"},"primaryImageOfPage":{"@id":"https:\/\/cctvacademy.be\/basis-cctv-opleidingen\/#primaryimage"},"image":{"@id":"https:\/\/cctvacademy.be\/basis-cctv-opleidingen\/#primaryimage"},"thumbnailUrl":"https:\/\/cctvacademy.be\/wp-content\/uploads\/2025\/05\/RAS-AIS-logo-v2.png","datePublished":"2025-12-30T00:45:01+00:00","dateModified":"2025-12-30T12:10:07+00:00","breadcrumb":{"@id":"https:\/\/cctvacademy.be\/basis-cctv-opleidingen\/#breadcrumb"},"inLanguage":"fr-BE","potentialAction":[{"@type":"ReadAction","target":["https:\/\/cctvacademy.be\/basis-cctv-opleidingen\/"]}]},{"@type":"ImageObject","inLanguage":"fr-BE","@id":"https:\/\/cctvacademy.be\/basis-cctv-opleidingen\/#primaryimage","url":"https:\/\/cctvacademy.be\/wp-content\/uploads\/2025\/05\/RAS-AIS-logo-v2.png","contentUrl":"https:\/\/cctvacademy.be\/wp-content\/uploads\/2025\/05\/RAS-AIS-logo-v2.png"},{"@type":"BreadcrumbList","@id":"https:\/\/cctvacademy.be\/basis-cctv-opleidingen\/#breadcrumb","itemListElement":[{"@type":"ListItem","position":1,"name":"Home","item":"https:\/\/cctvacademy.be\/"},{"@type":"ListItem","position":2,"name":"Basis CCTV opleidingen"}]},{"@type":"WebSite","@id":"https:\/\/cctvacademy.be\/#website","url":"https:\/\/cctvacademy.be\/","name":"CCTV Academy","description":"Formation \u00e0 la vid\u00e9osurveillance et micro-apprentissage de la vid\u00e9osurveillance","potentialAction":[{"@type":"SearchAction","target":{"@type":"EntryPoint","urlTemplate":"https:\/\/cctvacademy.be\/?s={search_term_string}"},"query-input":{"@type":"PropertyValueSpecification","valueRequired":true,"valueName":"search_term_string"}}],"inLanguage":"fr-BE"}]}},"jetpack_sharing_enabled":true,"_links":{"self":[{"href":"https:\/\/cctvacademy.be\/fr\/wp-json\/wp\/v2\/pages\/34469","targetHints":{"allow":["GET"]}}],"collection":[{"href":"https:\/\/cctvacademy.be\/fr\/wp-json\/wp\/v2\/pages"}],"about":[{"href":"https:\/\/cctvacademy.be\/fr\/wp-json\/wp\/v2\/types\/page"}],"author":[{"embeddable":true,"href":"https:\/\/cctvacademy.be\/fr\/wp-json\/wp\/v2\/users\/1"}],"replies":[{"embeddable":true,"href":"https:\/\/cctvacademy.be\/fr\/wp-json\/wp\/v2\/comments?post=34469"}],"version-history":[{"count":0,"href":"https:\/\/cctvacademy.be\/fr\/wp-json\/wp\/v2\/pages\/34469\/revisions"}],"wp:attachment":[{"href":"https:\/\/cctvacademy.be\/fr\/wp-json\/wp\/v2\/media?parent=34469"}],"curies":[{"name":"wp","href":"https:\/\/api.w.org\/{rel}","templated":true}]}}