{"id":34455,"date":"2025-12-30T01:32:03","date_gmt":"2025-12-30T00:32:03","guid":{"rendered":"https:\/\/cctvacademy.be\/?page_id=34455"},"modified":"2026-02-09T09:31:26","modified_gmt":"2026-02-09T08:31:26","slug":"klassieke-cctv-opleidingen","status":"publish","type":"page","link":"https:\/\/cctvacademy.be\/fr\/klassieke-cctv-opleidingen\/","title":{"rendered":"Klassieke CCTV Opleidingen"},"content":{"rendered":"<div data-elementor-type=\"masteriyo-course-archive-page\" data-elementor-id=\"34455\" class=\"elementor elementor-34455\">\n\t\t\t\t<div class=\"elementor-element elementor-element-2e03e8b e-flex e-con-boxed e-con e-parent\" data-id=\"2e03e8b\" data-element_type=\"container\">\n\t\t\t\t\t<div class=\"e-con-inner\">\n\t\t\t\t<div class=\"elementor-element elementor-element-b411776 elementor-widget elementor-widget-spacer\" data-id=\"b411776\" data-element_type=\"widget\" data-widget_type=\"spacer.default\">\n\t\t\t\t<div class=\"elementor-widget-container\">\n\t\t\t\t\t\t\t<div class=\"elementor-spacer\">\n\t\t\t<div class=\"elementor-spacer-inner\"><\/div>\n\t\t<\/div>\n\t\t\t\t\t\t<\/div>\n\t\t\t\t<\/div>\n\t\t\t\t\t<\/div>\n\t\t\t\t<\/div>\n\t\t<div class=\"elementor-element elementor-element-9b96b8e e-flex e-con-boxed e-con e-parent\" data-id=\"9b96b8e\" data-element_type=\"container\">\n\t\t\t\t\t<div class=\"e-con-inner\">\n\t\t\t\t<div class=\"elementor-element elementor-element-3e98b23 elementor-widget elementor-widget-image\" data-id=\"3e98b23\" data-element_type=\"widget\" data-widget_type=\"image.default\">\n\t\t\t\t<div class=\"elementor-widget-container\">\n\t\t\t\t\t\t\t\t\t\t\t\t\t\t\t\t<a href=\"https:\/\/www.CCTVACADEMY.BE\">\n\t\t\t\t\t\t\t<img decoding=\"async\" width=\"258\" height=\"55\" src=\"https:\/\/i0.wp.com\/cctvacademy.be\/wp-content\/uploads\/2025\/05\/RAS-AIS-logo-v2.png?fit=258%2C55&amp;ssl=1\" class=\"attachment-large size-large wp-image-1955\" alt=\"Opleiding CCTV camerabewaking bij groothandel camerabewaking RAS Security\" \/>\t\t\t\t\t\t\t\t<\/a>\n\t\t\t\t\t\t\t\t\t\t\t\t\t\t\t<\/div>\n\t\t\t\t<\/div>\n\t\t\t\t\t<\/div>\n\t\t\t\t<\/div>\n\t\t<div class=\"elementor-element elementor-element-69395a5 e-flex e-con-boxed e-con e-parent\" data-id=\"69395a5\" data-element_type=\"container\">\n\t\t\t\t\t<div class=\"e-con-inner\">\n\t\t\t\t<div class=\"elementor-element elementor-element-0a34694 elementor-widget elementor-widget-spacer\" data-id=\"0a34694\" data-element_type=\"widget\" data-widget_type=\"spacer.default\">\n\t\t\t\t<div class=\"elementor-widget-container\">\n\t\t\t\t\t\t\t<div class=\"elementor-spacer\">\n\t\t\t<div class=\"elementor-spacer-inner\"><\/div>\n\t\t<\/div>\n\t\t\t\t\t\t<\/div>\n\t\t\t\t<\/div>\n\t\t\t\t\t<\/div>\n\t\t\t\t<\/div>\n\t\t<div class=\"elementor-element elementor-element-d5b97b9 e-flex e-con-boxed e-con e-parent\" data-id=\"d5b97b9\" data-element_type=\"container\" data-settings=\"{&quot;background_background&quot;:&quot;classic&quot;}\">\n\t\t\t\t\t<div class=\"e-con-inner\">\n\t\t\t\t<div class=\"elementor-element elementor-element-ff11f02 elementor-widget elementor-widget-text-editor\" data-id=\"ff11f02\" data-element_type=\"widget\" data-widget_type=\"text-editor.default\">\n\t\t\t\t<div class=\"elementor-widget-container\">\n\t\t\t\t\t\t\t\t\t<p><strong>&nbsp;<\/strong><\/p>\n<p><br><\/p><p>We bieden volgende Klassieke CCTV Opleidingen aan :<\/p><p><br><\/p><p><br><\/p><p><br><\/p>\n<p><\/p>\n<p><\/p>\n<p><strong>1. Basisopleiding CCTV<\/strong><\/p>\n<p><strong>&nbsp;<\/strong><\/p>\n<p>Deze opleiding biedt de <strong>noodzakelijke basiskennis<\/strong> voor iedereen die wil starten met camerabewaking.<br>Ideaal voor wie een <strong>sterke en correcte fundering<\/strong> wil v\u00f3\u00f3r hij pr<span style=\"font-style: inherit; font-weight: inherit; letter-spacing: 0.01em;\">ofessioneel aan de slag gaat.<\/span><\/p><p><br><\/p><p><br><\/p><p><br><\/p>\n<p><\/p>\n<p><strong>2. AI Skills, A Must-Have ( Lachen, je wordt gefilmd in Kortrijk\u2026 mag dat wel? )<\/strong><\/p>\n<p><strong>&nbsp;<\/strong><\/p>\n<p>Avec l' <strong>AI-revolutie in de camerawereld<\/strong> is deze voorstelling een <strong>absolute must<\/strong> voor iedereen&nbsp;<\/p>\n<p>die ook in de toekomst <strong>professioneel en juridisch correct<\/strong> wil blijven werken.<\/p>\n<div>&nbsp;<\/div>\n<div>&nbsp;<\/div>\n<div><b>&nbsp;<\/b><\/div>\n<p>Geen droge theorie, maar <strong>duidelijke inzichten<\/strong> die je meteen kan toepassen in de praktijk.<\/p>\n<p>Klik op onderstaande afbeelding voor meer info over de opleiding.<\/p><p><br><\/p><p><br><\/p>\t\t\t\t\t\t\t\t<\/div>\n\t\t\t\t<\/div>\n\t\t\t\t\t<\/div>\n\t\t\t\t<\/div>\n\t\t<div class=\"elementor-element elementor-element-228583e e-flex e-con-boxed e-con e-parent\" data-id=\"228583e\" data-element_type=\"container\">\n\t\t\t\t\t<div class=\"e-con-inner\">\n\t\t\t\t<div class=\"elementor-element elementor-element-56c65f0 elementor-widget elementor-widget-spacer\" data-id=\"56c65f0\" data-element_type=\"widget\" data-widget_type=\"spacer.default\">\n\t\t\t\t<div class=\"elementor-widget-container\">\n\t\t\t\t\t\t\t<div class=\"elementor-spacer\">\n\t\t\t<div class=\"elementor-spacer-inner\"><\/div>\n\t\t<\/div>\n\t\t\t\t\t\t<\/div>\n\t\t\t\t<\/div>\n\t\t\t\t\t<\/div>\n\t\t\t\t<\/div>\n\t\t<div class=\"elementor-element elementor-element-9ca18f5 e-grid e-con-boxed e-con e-parent\" data-id=\"9ca18f5\" data-element_type=\"container\">\n\t\t\t\t\t<div class=\"e-con-inner\">\n\t\t\t\t<div class=\"elementor-element elementor-element-1808585 elementor-widget elementor-widget-image\" data-id=\"1808585\" data-element_type=\"widget\" data-widget_type=\"image.default\">\n\t\t\t\t<div class=\"elementor-widget-container\">\n\t\t\t\t\t\t\t\t\t\t\t\t\t\t\t\t<a href=\"https:\/\/cctvacademy.be\/fr\/ai-skills-een-absolute-must-try-out\/\">\n\t\t\t\t\t\t\t<img fetchpriority=\"high\" decoding=\"async\" width=\"541\" height=\"545\" src=\"https:\/\/i0.wp.com\/cctvacademy.be\/wp-content\/uploads\/2026\/01\/AI-SKILLS-A-MUST-HAVE.png?fit=541%2C545&amp;ssl=1\" class=\"attachment-large size-large wp-image-35169\" alt=\"AI SKILLS A MUST HAVE\" srcset=\"https:\/\/i0.wp.com\/cctvacademy.be\/wp-content\/uploads\/2026\/01\/AI-SKILLS-A-MUST-HAVE.png?w=541&amp;ssl=1 541w, https:\/\/i0.wp.com\/cctvacademy.be\/wp-content\/uploads\/2026\/01\/AI-SKILLS-A-MUST-HAVE.png?resize=298%2C300&amp;ssl=1 298w, https:\/\/i0.wp.com\/cctvacademy.be\/wp-content\/uploads\/2026\/01\/AI-SKILLS-A-MUST-HAVE.png?resize=150%2C150&amp;ssl=1 150w, https:\/\/i0.wp.com\/cctvacademy.be\/wp-content\/uploads\/2026\/01\/AI-SKILLS-A-MUST-HAVE.png?resize=12%2C12&amp;ssl=1 12w, https:\/\/i0.wp.com\/cctvacademy.be\/wp-content\/uploads\/2026\/01\/AI-SKILLS-A-MUST-HAVE.png?resize=159%2C160&amp;ssl=1 159w\" sizes=\"(max-width: 541px) 100vw, 541px\" \/>\t\t\t\t\t\t\t\t<\/a>\n\t\t\t\t\t\t\t\t\t\t\t\t\t\t\t<\/div>\n\t\t\t\t<\/div>\n\t\t\t\t<div class=\"elementor-element elementor-element-7c29e5f elementor-widget elementor-widget-image\" data-id=\"7c29e5f\" data-element_type=\"widget\" data-widget_type=\"image.default\">\n\t\t\t\t<div class=\"elementor-widget-container\">\n\t\t\t\t\t\t\t\t\t\t\t\t\t\t\t\t<a href=\"https:\/\/cctvacademy.be\/fr\/basis-cctv-opleidingen\/\">\n\t\t\t\t\t\t\t<img decoding=\"async\" width=\"541\" height=\"545\" src=\"https:\/\/i0.wp.com\/cctvacademy.be\/wp-content\/uploads\/2026\/01\/BASIS-CCTV.png?fit=541%2C545&amp;ssl=1\" class=\"attachment-large size-large wp-image-35170\" alt=\"\" srcset=\"https:\/\/i0.wp.com\/cctvacademy.be\/wp-content\/uploads\/2026\/01\/BASIS-CCTV.png?w=541&amp;ssl=1 541w, https:\/\/i0.wp.com\/cctvacademy.be\/wp-content\/uploads\/2026\/01\/BASIS-CCTV.png?resize=298%2C300&amp;ssl=1 298w, https:\/\/i0.wp.com\/cctvacademy.be\/wp-content\/uploads\/2026\/01\/BASIS-CCTV.png?resize=150%2C150&amp;ssl=1 150w, https:\/\/i0.wp.com\/cctvacademy.be\/wp-content\/uploads\/2026\/01\/BASIS-CCTV.png?resize=12%2C12&amp;ssl=1 12w, https:\/\/i0.wp.com\/cctvacademy.be\/wp-content\/uploads\/2026\/01\/BASIS-CCTV.png?resize=159%2C160&amp;ssl=1 159w\" sizes=\"(max-width: 541px) 100vw, 541px\" \/>\t\t\t\t\t\t\t\t<\/a>\n\t\t\t\t\t\t\t\t\t\t\t\t\t\t\t<\/div>\n\t\t\t\t<\/div>\n\t\t\t\t\t<\/div>\n\t\t\t\t<\/div>\n\t\t<div class=\"elementor-element elementor-element-d15a89b e-flex e-con-boxed e-con e-parent\" data-id=\"d15a89b\" data-element_type=\"container\">\n\t\t\t\t\t<div class=\"e-con-inner\">\n\t\t\t\t<div class=\"elementor-element elementor-element-d6eceb7 elementor-widget elementor-widget-spacer\" data-id=\"d6eceb7\" data-element_type=\"widget\" data-widget_type=\"spacer.default\">\n\t\t\t\t<div class=\"elementor-widget-container\">\n\t\t\t\t\t\t\t<div class=\"elementor-spacer\">\n\t\t\t<div class=\"elementor-spacer-inner\"><\/div>\n\t\t<\/div>\n\t\t\t\t\t\t<\/div>\n\t\t\t\t<\/div>\n\t\t\t\t\t<\/div>\n\t\t\t\t<\/div>\n\t\t<div class=\"elementor-element elementor-element-e66da11 e-con-full e-flex e-con e-parent\" data-id=\"e66da11\" data-element_type=\"container\">\n\t\t<div class=\"elementor-element elementor-element-5938711 e-con-full e-flex e-con e-child\" data-id=\"5938711\" data-element_type=\"container\" data-settings=\"{&quot;background_background&quot;:&quot;classic&quot;}\">\n\t\t\t\t<div class=\"elementor-element elementor-element-03eb91d elementor-widget elementor-widget-text-editor\" data-id=\"03eb91d\" data-element_type=\"widget\" data-widget_type=\"text-editor.default\">\n\t\t\t\t<div class=\"elementor-widget-container\">\n\t\t\t\t\t\t\t\t\t<p><a href=\"https:\/\/cctvacademy.be\/fr\/combo-cctv-opleidingen\/\">Combo CCTV Opleidingen<\/a><\/p>\t\t\t\t\t\t\t\t<\/div>\n\t\t\t\t<\/div>\n\t\t\t\t<\/div>\n\t\t<div class=\"elementor-element elementor-element-8334ffb e-con-full e-flex e-con e-child\" data-id=\"8334ffb\" data-element_type=\"container\" data-settings=\"{&quot;background_background&quot;:&quot;classic&quot;}\">\n\t\t\t\t<div class=\"elementor-element elementor-element-56b861a elementor-widget elementor-widget-text-editor\" data-id=\"56b861a\" data-element_type=\"widget\" data-widget_type=\"text-editor.default\">\n\t\t\t\t<div class=\"elementor-widget-container\">\n\t\t\t\t\t\t\t\t\t<p><a href=\"https:\/\/cctvacademy.be\/fr\/cctv-micro-learning\/\">CCTV Micro-Learning<\/a><\/p>\t\t\t\t\t\t\t\t<\/div>\n\t\t\t\t<\/div>\n\t\t\t\t<\/div>\n\t\t\t\t<\/div>\n\t\t<div class=\"elementor-element elementor-element-d56f092 e-flex e-con-boxed e-con e-parent\" data-id=\"d56f092\" data-element_type=\"container\">\n\t\t\t\t\t<div class=\"e-con-inner\">\n\t\t\t\t<div class=\"elementor-element elementor-element-d4d0513 elementor-widget elementor-widget-spacer\" data-id=\"d4d0513\" data-element_type=\"widget\" data-widget_type=\"spacer.default\">\n\t\t\t\t<div class=\"elementor-widget-container\">\n\t\t\t\t\t\t\t<div class=\"elementor-spacer\">\n\t\t\t<div class=\"elementor-spacer-inner\"><\/div>\n\t\t<\/div>\n\t\t\t\t\t\t<\/div>\n\t\t\t\t<\/div>\n\t\t\t\t\t<\/div>\n\t\t\t\t<\/div>\n\t\t<div class=\"elementor-element elementor-element-2eaa930 e-grid e-con-boxed e-con e-parent\" data-id=\"2eaa930\" data-element_type=\"container\">\n\t\t\t\t\t<div class=\"e-con-inner\">\n\t\t\t\t<div class=\"elementor-element elementor-element-d058a40 elementor-align-center elementor-widget elementor-widget-button\" data-id=\"d058a40\" data-element_type=\"widget\" data-widget_type=\"button.default\">\n\t\t\t\t<div class=\"elementor-widget-container\">\n\t\t\t\t\t\t\t\t\t<div class=\"elementor-button-wrapper\">\n\t\t\t\t\t<a class=\"elementor-button elementor-button-link elementor-size-sm\" href=\"https:\/\/cctvacademy.be\/fr\/inschrijven-starters-ai-cctv\/\">\n\t\t\t\t\t\t<span class=\"elementor-button-content-wrapper\">\n\t\t\t\t\t\t\t\t\t<span class=\"elementor-button-text\">Inscrivez-vous ici.<\/span>\n\t\t\t\t\t<\/span>\n\t\t\t\t\t<\/a>\n\t\t\t\t<\/div>\n\t\t\t\t\t\t\t\t<\/div>\n\t\t\t\t<\/div>\n\t\t\t\t<div class=\"elementor-element elementor-element-e857978 elementor-align-center elementor-widget elementor-widget-button\" data-id=\"e857978\" data-element_type=\"widget\" data-widget_type=\"button.default\">\n\t\t\t\t<div class=\"elementor-widget-container\">\n\t\t\t\t\t\t\t\t\t<div class=\"elementor-button-wrapper\">\n\t\t\t\t\t<a class=\"elementor-button elementor-button-link elementor-size-sm\" href=\"https:\/\/www.linkedin.com\/public-profile\/settings?trk=d_flagship3_profile_self_view_public_profile\" target=\"_blank\">\n\t\t\t\t\t\t<span class=\"elementor-button-content-wrapper\">\n\t\t\t\t\t\t\t\t\t<span class=\"elementor-button-text\">Blijf op de hoogte.<\/span>\n\t\t\t\t\t<\/span>\n\t\t\t\t\t<\/a>\n\t\t\t\t<\/div>\n\t\t\t\t\t\t\t\t<\/div>\n\t\t\t\t<\/div>\n\t\t\t\t\t<\/div>\n\t\t\t\t<\/div>\n\t\t<div class=\"elementor-element elementor-element-38b7b1c e-flex e-con-boxed e-con e-parent\" data-id=\"38b7b1c\" data-element_type=\"container\">\n\t\t\t\t\t<div class=\"e-con-inner\">\n\t\t\t\t<div class=\"elementor-element elementor-element-08d0eba elementor-widget elementor-widget-spacer\" data-id=\"08d0eba\" data-element_type=\"widget\" data-widget_type=\"spacer.default\">\n\t\t\t\t<div class=\"elementor-widget-container\">\n\t\t\t\t\t\t\t<div class=\"elementor-spacer\">\n\t\t\t<div class=\"elementor-spacer-inner\"><\/div>\n\t\t<\/div>\n\t\t\t\t\t\t<\/div>\n\t\t\t\t<\/div>\n\t\t\t\t\t<\/div>\n\t\t\t\t<\/div>\n\t\t<div class=\"elementor-element elementor-element-f7c5e6c e-flex e-con-boxed e-con e-parent\" data-id=\"f7c5e6c\" data-element_type=\"container\">\n\t\t\t\t\t<div class=\"e-con-inner\">\n\t\t\t\t<div class=\"elementor-element elementor-element-90e09a8 elementor-widget elementor-widget-image\" data-id=\"90e09a8\" data-element_type=\"widget\" data-widget_type=\"image.default\">\n\t\t\t\t<div class=\"elementor-widget-container\">\n\t\t\t\t\t\t\t\t\t\t\t\t\t\t\t\t<a href=\"https:\/\/cctvacademy.be\/fr\/\">\n\t\t\t\t\t\t\t<img loading=\"lazy\" decoding=\"async\" width=\"98\" height=\"91\" src=\"https:\/\/i0.wp.com\/cctvacademy.be\/wp-content\/uploads\/2025\/12\/RAS-logo-schild.png?resize=98%2C91&amp;ssl=1\" class=\"elementor-animation-pulse attachment-thumbnail size-thumbnail wp-image-29277\" alt=\"\" srcset=\"https:\/\/i0.wp.com\/cctvacademy.be\/wp-content\/uploads\/2025\/12\/RAS-logo-schild.png?w=98&amp;ssl=1 98w, https:\/\/i0.wp.com\/cctvacademy.be\/wp-content\/uploads\/2025\/12\/RAS-logo-schild.png?resize=13%2C12&amp;ssl=1 13w\" sizes=\"(max-width: 98px) 100vw, 98px\" \/>\t\t\t\t\t\t\t\t<\/a>\n\t\t\t\t\t\t\t\t\t\t\t\t\t\t\t<\/div>\n\t\t\t\t<\/div>\n\t\t\t\t\t<\/div>\n\t\t\t\t<\/div>\n\t\t<div class=\"elementor-element elementor-element-f008521 e-flex e-con-boxed e-con e-parent\" data-id=\"f008521\" data-element_type=\"container\">\n\t\t\t\t\t<div class=\"e-con-inner\">\n\t\t\t\t<div class=\"elementor-element elementor-element-9eb2d06 elementor-widget elementor-widget-spacer\" data-id=\"9eb2d06\" data-element_type=\"widget\" data-widget_type=\"spacer.default\">\n\t\t\t\t<div class=\"elementor-widget-container\">\n\t\t\t\t\t\t\t<div class=\"elementor-spacer\">\n\t\t\t<div class=\"elementor-spacer-inner\"><\/div>\n\t\t<\/div>\n\t\t\t\t\t\t<\/div>\n\t\t\t\t<\/div>\n\t\t\t\t\t<\/div>\n\t\t\t\t<\/div>\n\t\t\t\t<\/div>","protected":false},"excerpt":{"rendered":"<p>&nbsp; We bieden volgende Klassieke CCTV Opleidingen aan : 1. Basisopleiding CCTV &nbsp; Deze opleiding biedt de noodzakelijke basiskennis voor iedereen die wil starten met camerabewaking.Ideaal voor wie een sterke en correcte fundering wil v\u00f3\u00f3r hij professioneel aan de slag gaat. 2. AI Skills, A Must-Have ( Lachen, je wordt gefilmd in Kortrijk\u2026 mag dat [&hellip;]<\/p>\n","protected":false},"author":1,"featured_media":0,"parent":0,"menu_order":0,"comment_status":"closed","ping_status":"closed","template":"elementor_canvas","meta":{"_acf_changed":false,"zakra_page_container_layout":"customizer","zakra_page_sidebar_layout":"customizer","zakra_remove_content_margin":false,"zakra_sidebar":"customizer","zakra_transparent_header":"customizer","zakra_logo":0,"zakra_main_header_style":"default","zakra_menu_item_color":"","zakra_menu_item_hover_color":"","zakra_menu_item_active_color":"","zakra_menu_active_style":"","zakra_page_header":true,"postBodyCss":"","postBodyMargin":[],"postBodyPadding":[],"postBodyBackground":{"backgroundType":"classic","gradient":""},"h5ap_radio_sources":[],"_glsr_average":0,"_glsr_ranking":0,"_glsr_reviews":0,"footnotes":""},"class_list":["post-34455","page","type-page","status-publish","hentry"],"acf":[],"yoast_head":"<!-- This site is optimized with the Yoast SEO plugin v27.3 - https:\/\/yoast.com\/product\/yoast-seo-wordpress\/ -->\n<title>Klassieke CCTV Opleidingen - RAS\/AIS CCTV Academy<\/title>\n<meta name=\"robots\" content=\"index, follow, max-snippet:-1, max-image-preview:large, max-video-preview:-1\" \/>\n<link rel=\"canonical\" href=\"https:\/\/cctvacademy.be\/fr\/klassieke-cctv-opleidingen\/\" \/>\n<meta property=\"og:locale\" content=\"fr_FR\" \/>\n<meta property=\"og:type\" content=\"article\" \/>\n<meta property=\"og:title\" content=\"Klassieke CCTV Opleidingen - RAS\/AIS CCTV Academy\" \/>\n<meta property=\"og:description\" content=\"&nbsp; We bieden volgende Klassieke CCTV Opleidingen aan : 1. Basisopleiding CCTV &nbsp; Deze opleiding biedt de noodzakelijke basiskennis voor iedereen die wil starten met camerabewaking.Ideaal voor wie een sterke en correcte fundering wil v\u00f3\u00f3r hij professioneel aan de slag gaat. 2. AI Skills, A Must-Have ( Lachen, je wordt gefilmd in Kortrijk\u2026 mag dat [&hellip;]\" \/>\n<meta property=\"og:url\" content=\"https:\/\/cctvacademy.be\/fr\/klassieke-cctv-opleidingen\/\" \/>\n<meta property=\"og:site_name\" content=\"RAS\/AIS CCTV Academy\" \/>\n<meta property=\"article:publisher\" content=\"https:\/\/www.facebook.com\/profile.php?id=61576769152561\" \/>\n<meta property=\"article:modified_time\" content=\"2026-02-09T08:31:26+00:00\" \/>\n<meta property=\"og:image\" content=\"https:\/\/cctvacademy.be\/wp-content\/uploads\/2025\/05\/RAS-AIS-logo-v2.png\" \/>\n<meta name=\"twitter:card\" content=\"summary_large_image\" \/>\n<script type=\"application\/ld+json\" class=\"yoast-schema-graph\">{\"@context\":\"https:\\\/\\\/schema.org\",\"@graph\":[{\"@type\":\"WebPage\",\"@id\":\"https:\\\/\\\/cctvacademy.be\\\/klassieke-cctv-opleidingen\\\/\",\"url\":\"https:\\\/\\\/cctvacademy.be\\\/klassieke-cctv-opleidingen\\\/\",\"name\":\"Klassieke CCTV Opleidingen - RAS\\\/AIS CCTV Academy\",\"isPartOf\":{\"@id\":\"https:\\\/\\\/cctvacademy.be\\\/#website\"},\"primaryImageOfPage\":{\"@id\":\"https:\\\/\\\/cctvacademy.be\\\/klassieke-cctv-opleidingen\\\/#primaryimage\"},\"image\":{\"@id\":\"https:\\\/\\\/cctvacademy.be\\\/klassieke-cctv-opleidingen\\\/#primaryimage\"},\"thumbnailUrl\":\"https:\\\/\\\/cctvacademy.be\\\/wp-content\\\/uploads\\\/2025\\\/05\\\/RAS-AIS-logo-v2.png\",\"datePublished\":\"2025-12-30T00:32:03+00:00\",\"dateModified\":\"2026-02-09T08:31:26+00:00\",\"breadcrumb\":{\"@id\":\"https:\\\/\\\/cctvacademy.be\\\/klassieke-cctv-opleidingen\\\/#breadcrumb\"},\"inLanguage\":\"fr-BE\",\"potentialAction\":[{\"@type\":\"ReadAction\",\"target\":[\"https:\\\/\\\/cctvacademy.be\\\/klassieke-cctv-opleidingen\\\/\"]}]},{\"@type\":\"ImageObject\",\"inLanguage\":\"fr-BE\",\"@id\":\"https:\\\/\\\/cctvacademy.be\\\/klassieke-cctv-opleidingen\\\/#primaryimage\",\"url\":\"https:\\\/\\\/cctvacademy.be\\\/wp-content\\\/uploads\\\/2025\\\/05\\\/RAS-AIS-logo-v2.png\",\"contentUrl\":\"https:\\\/\\\/cctvacademy.be\\\/wp-content\\\/uploads\\\/2025\\\/05\\\/RAS-AIS-logo-v2.png\"},{\"@type\":\"BreadcrumbList\",\"@id\":\"https:\\\/\\\/cctvacademy.be\\\/klassieke-cctv-opleidingen\\\/#breadcrumb\",\"itemListElement\":[{\"@type\":\"ListItem\",\"position\":1,\"name\":\"Home\",\"item\":\"https:\\\/\\\/cctvacademy.be\\\/\"},{\"@type\":\"ListItem\",\"position\":2,\"name\":\"Klassieke CCTV Opleidingen\"}]},{\"@type\":\"WebSite\",\"@id\":\"https:\\\/\\\/cctvacademy.be\\\/#website\",\"url\":\"https:\\\/\\\/cctvacademy.be\\\/\",\"name\":\"CCTV Academy\",\"description\":\"CCTV Opleidingen en CCTV Micro Learning\",\"potentialAction\":[{\"@type\":\"SearchAction\",\"target\":{\"@type\":\"EntryPoint\",\"urlTemplate\":\"https:\\\/\\\/cctvacademy.be\\\/?s={search_term_string}\"},\"query-input\":{\"@type\":\"PropertyValueSpecification\",\"valueRequired\":true,\"valueName\":\"search_term_string\"}}],\"inLanguage\":\"fr-BE\"}]}<\/script>\n<!-- \/ Yoast SEO plugin. -->","yoast_head_json":{"title":"Klassieke CCTV Opleidingen - RAS\/AIS CCTV Academy","robots":{"index":"index","follow":"follow","max-snippet":"max-snippet:-1","max-image-preview":"max-image-preview:large","max-video-preview":"max-video-preview:-1"},"canonical":"https:\/\/cctvacademy.be\/fr\/klassieke-cctv-opleidingen\/","og_locale":"fr_FR","og_type":"article","og_title":"Klassieke CCTV Opleidingen - RAS\/AIS CCTV Academy","og_description":"&nbsp; We bieden volgende Klassieke CCTV Opleidingen aan : 1. Basisopleiding CCTV &nbsp; Deze opleiding biedt de noodzakelijke basiskennis voor iedereen die wil starten met camerabewaking.Ideaal voor wie een sterke en correcte fundering wil v\u00f3\u00f3r hij professioneel aan de slag gaat. 2. AI Skills, A Must-Have ( Lachen, je wordt gefilmd in Kortrijk\u2026 mag dat [&hellip;]","og_url":"https:\/\/cctvacademy.be\/fr\/klassieke-cctv-opleidingen\/","og_site_name":"RAS\/AIS CCTV Academy","article_publisher":"https:\/\/www.facebook.com\/profile.php?id=61576769152561","article_modified_time":"2026-02-09T08:31:26+00:00","og_image":[{"url":"https:\/\/cctvacademy.be\/wp-content\/uploads\/2025\/05\/RAS-AIS-logo-v2.png","type":"","width":"","height":""}],"twitter_card":"summary_large_image","schema":{"@context":"https:\/\/schema.org","@graph":[{"@type":"WebPage","@id":"https:\/\/cctvacademy.be\/klassieke-cctv-opleidingen\/","url":"https:\/\/cctvacademy.be\/klassieke-cctv-opleidingen\/","name":"Klassieke CCTV Opleidingen - RAS\/AIS CCTV Academy","isPartOf":{"@id":"https:\/\/cctvacademy.be\/#website"},"primaryImageOfPage":{"@id":"https:\/\/cctvacademy.be\/klassieke-cctv-opleidingen\/#primaryimage"},"image":{"@id":"https:\/\/cctvacademy.be\/klassieke-cctv-opleidingen\/#primaryimage"},"thumbnailUrl":"https:\/\/cctvacademy.be\/wp-content\/uploads\/2025\/05\/RAS-AIS-logo-v2.png","datePublished":"2025-12-30T00:32:03+00:00","dateModified":"2026-02-09T08:31:26+00:00","breadcrumb":{"@id":"https:\/\/cctvacademy.be\/klassieke-cctv-opleidingen\/#breadcrumb"},"inLanguage":"fr-BE","potentialAction":[{"@type":"ReadAction","target":["https:\/\/cctvacademy.be\/klassieke-cctv-opleidingen\/"]}]},{"@type":"ImageObject","inLanguage":"fr-BE","@id":"https:\/\/cctvacademy.be\/klassieke-cctv-opleidingen\/#primaryimage","url":"https:\/\/cctvacademy.be\/wp-content\/uploads\/2025\/05\/RAS-AIS-logo-v2.png","contentUrl":"https:\/\/cctvacademy.be\/wp-content\/uploads\/2025\/05\/RAS-AIS-logo-v2.png"},{"@type":"BreadcrumbList","@id":"https:\/\/cctvacademy.be\/klassieke-cctv-opleidingen\/#breadcrumb","itemListElement":[{"@type":"ListItem","position":1,"name":"Home","item":"https:\/\/cctvacademy.be\/"},{"@type":"ListItem","position":2,"name":"Klassieke CCTV Opleidingen"}]},{"@type":"WebSite","@id":"https:\/\/cctvacademy.be\/#website","url":"https:\/\/cctvacademy.be\/","name":"CCTV Academy","description":"Formation \u00e0 la vid\u00e9osurveillance et micro-apprentissage de la vid\u00e9osurveillance","potentialAction":[{"@type":"SearchAction","target":{"@type":"EntryPoint","urlTemplate":"https:\/\/cctvacademy.be\/?s={search_term_string}"},"query-input":{"@type":"PropertyValueSpecification","valueRequired":true,"valueName":"search_term_string"}}],"inLanguage":"fr-BE"}]}},"jetpack_sharing_enabled":true,"_links":{"self":[{"href":"https:\/\/cctvacademy.be\/fr\/wp-json\/wp\/v2\/pages\/34455","targetHints":{"allow":["GET"]}}],"collection":[{"href":"https:\/\/cctvacademy.be\/fr\/wp-json\/wp\/v2\/pages"}],"about":[{"href":"https:\/\/cctvacademy.be\/fr\/wp-json\/wp\/v2\/types\/page"}],"author":[{"embeddable":true,"href":"https:\/\/cctvacademy.be\/fr\/wp-json\/wp\/v2\/users\/1"}],"replies":[{"embeddable":true,"href":"https:\/\/cctvacademy.be\/fr\/wp-json\/wp\/v2\/comments?post=34455"}],"version-history":[{"count":0,"href":"https:\/\/cctvacademy.be\/fr\/wp-json\/wp\/v2\/pages\/34455\/revisions"}],"wp:attachment":[{"href":"https:\/\/cctvacademy.be\/fr\/wp-json\/wp\/v2\/media?parent=34455"}],"curies":[{"name":"wp","href":"https:\/\/api.w.org\/{rel}","templated":true}]}}