{"id":23442,"date":"2025-11-18T09:05:57","date_gmt":"2025-11-18T08:05:57","guid":{"rendered":"https:\/\/cctvacademy.be\/?page_id=23442"},"modified":"2025-11-30T12:28:03","modified_gmt":"2025-11-30T11:28:03","slug":"inschrijven-starters-cctv","status":"publish","type":"page","link":"https:\/\/cctvacademy.be\/fr\/inschrijven-starters-cctv\/","title":{"rendered":"Inschrijven Starters CCTV"},"content":{"rendered":"<div data-elementor-type=\"masteriyo-course-archive-page\" data-elementor-id=\"23442\" class=\"elementor elementor-23442\">\n\t\t\t\t<div class=\"elementor-element elementor-element-1d17414 e-flex e-con-boxed e-con e-parent\" data-id=\"1d17414\" data-element_type=\"container\">\n\t\t\t\t\t<div class=\"e-con-inner\">\n\t\t\t\t<div class=\"elementor-element elementor-element-bd5899f elementor-widget elementor-widget-spacer\" data-id=\"bd5899f\" data-element_type=\"widget\" data-widget_type=\"spacer.default\">\n\t\t\t\t<div class=\"elementor-widget-container\">\n\t\t\t\t\t\t\t<div class=\"elementor-spacer\">\n\t\t\t<div class=\"elementor-spacer-inner\"><\/div>\n\t\t<\/div>\n\t\t\t\t\t\t<\/div>\n\t\t\t\t<\/div>\n\t\t\t\t\t<\/div>\n\t\t\t\t<\/div>\n\t\t<div class=\"elementor-element elementor-element-8bfffda e-flex e-con-boxed e-con e-parent\" data-id=\"8bfffda\" data-element_type=\"container\">\n\t\t\t\t\t<div class=\"e-con-inner\">\n\t\t\t\t<div class=\"elementor-element elementor-element-20679fb elementor-widget elementor-widget-text-editor\" data-id=\"20679fb\" data-element_type=\"widget\" data-widget_type=\"text-editor.default\">\n\t\t\t\t<div class=\"elementor-widget-container\">\n\t\t\t\t\t\t\t\t\t<p><span style=\"color: #000000;\">Laat onderstaand uw gegevens achter en we nemen zo snel mogelijk contact met u op.<\/span><\/p>\t\t\t\t\t\t\t\t<\/div>\n\t\t\t\t<\/div>\n\t\t\t\t\t<\/div>\n\t\t\t\t<\/div>\n\t\t<div class=\"elementor-element elementor-element-9342df8 e-flex e-con-boxed e-con e-parent\" data-id=\"9342df8\" data-element_type=\"container\">\n\t\t\t\t\t<div class=\"e-con-inner\">\n\t\t\t\t<div class=\"elementor-element elementor-element-feccb0e elementor-widget elementor-widget-spacer\" data-id=\"feccb0e\" data-element_type=\"widget\" data-widget_type=\"spacer.default\">\n\t\t\t\t<div class=\"elementor-widget-container\">\n\t\t\t\t\t\t\t<div class=\"elementor-spacer\">\n\t\t\t<div class=\"elementor-spacer-inner\"><\/div>\n\t\t<\/div>\n\t\t\t\t\t\t<\/div>\n\t\t\t\t<\/div>\n\t\t\t\t\t<\/div>\n\t\t\t\t<\/div>\n\t\t<div class=\"elementor-element elementor-element-e4c5ef2 e-flex e-con-boxed e-con e-parent\" data-id=\"e4c5ef2\" data-element_type=\"container\">\n\t\t\t\t\t<div class=\"e-con-inner\">\n\t\t\t\t<div class=\"elementor-element elementor-element-6cbb7bf elementor-widget elementor-widget-text-editor\" data-id=\"6cbb7bf\" data-element_type=\"widget\" data-widget_type=\"text-editor.default\">\n\t\t\t\t<div class=\"elementor-widget-container\">\n\t\t\t\t\t\t\t\t\t<p><\/p>\t\t\t\t\t\t\t\t<\/div>\n\t\t\t\t<\/div>\n\t\t\t\t\t<\/div>\n\t\t\t\t<\/div>\n\t\t<div class=\"elementor-element elementor-element-b4a2da2 e-flex e-con-boxed e-con e-parent\" data-id=\"b4a2da2\" data-element_type=\"container\">\n\t\t\t\t\t<div class=\"e-con-inner\">\n\t\t\t\t<div class=\"elementor-element elementor-element-4e15e16 elementor-widget elementor-widget-spacer\" data-id=\"4e15e16\" data-element_type=\"widget\" data-widget_type=\"spacer.default\">\n\t\t\t\t<div class=\"elementor-widget-container\">\n\t\t\t\t\t\t\t<div class=\"elementor-spacer\">\n\t\t\t<div class=\"elementor-spacer-inner\"><\/div>\n\t\t<\/div>\n\t\t\t\t\t\t<\/div>\n\t\t\t\t<\/div>\n\t\t\t\t\t<\/div>\n\t\t\t\t<\/div>\n\t\t<div class=\"elementor-element elementor-element-662a237 e-flex e-con-boxed e-con e-parent\" data-id=\"662a237\" data-element_type=\"container\">\n\t\t\t\t\t<div class=\"e-con-inner\">\n\t\t<div class=\"elementor-element elementor-element-2252b04 e-con-full e-flex e-con e-child\" data-id=\"2252b04\" data-element_type=\"container\" data-settings=\"{&quot;background_background&quot;:&quot;video&quot;}\">\n\t\t<div class=\"elementor-element elementor-element-adfb832 e-con-full e-flex e-con e-child\" data-id=\"adfb832\" data-element_type=\"container\" data-settings=\"{&quot;background_background&quot;:&quot;video&quot;}\">\n\t\t\t\t<div class=\"elementor-element elementor-element-31bb93a elementor-widget elementor-widget-text-editor\" data-id=\"31bb93a\" data-element_type=\"widget\" data-widget_type=\"text-editor.default\">\n\t\t\t\t<div class=\"elementor-widget-container\">\n\t\t\t\t\t\t\t\t\t<p data-start=\"243\" data-end=\"341\"><span style=\"color: #000000;\">\u00a0<\/span><\/p><p style=\"text-align: center;\" data-start=\"243\" data-end=\"341\"><span style=\"color: #000000;\">Heb je al<strong> ruime ervaring<\/strong> met het AI-Opnamesysteem van het merk Dahua\u00a0<\/span><\/p><p style=\"text-align: center;\" data-start=\"243\" data-end=\"341\"><span style=\"color: #000000;\">en wil je ontdekken hoe Dahua inspeelt op de AI-toepassingen van de toekomst?<\/span><\/p><p style=\"text-align: center;\" data-start=\"243\" data-end=\"341\"><span style=\"color: #000000;\">\u00a0<\/span><\/p><p style=\"text-align: center;\"><span style=\"color: #000000;\">Ontdek hier alvast welke <strong>nieuwe inzichten en configuratiemogelijkheden<\/strong><\/span><\/p><p style=\"text-align: center;\"><span style=\"color: #000000;\">je onder de knie krijgt na het volgen van de AI CCTV Micro-Learning sessies.<\/span><\/p>\t\t\t\t\t\t\t\t<\/div>\n\t\t\t\t<\/div>\n\t\t\t\t<\/div>\n\t\t<div class=\"elementor-element elementor-element-226beb3 e-con-full e-flex e-con e-child\" data-id=\"226beb3\" data-element_type=\"container\">\n\t\t\t\t<div class=\"elementor-element elementor-element-bcd0efe elementor-widget elementor-widget-text-editor\" data-id=\"bcd0efe\" data-element_type=\"widget\" data-widget_type=\"text-editor.default\">\n\t\t\t\t<div class=\"elementor-widget-container\">\n\t\t\t\t\t\t\t\t\t<p>\u00a0<\/p><p><span style=\"color: #000000;\">Laat je inspireren en bereid je voor om je kennis<\/span><\/p><p><span style=\"color: #000000;\">naar een hoger niveau te tillen :<\/span><\/p><p>\u00a0<\/p>\t\t\t\t\t\t\t\t<\/div>\n\t\t\t\t<\/div>\n\t\t\t\t<div class=\"elementor-element elementor-element-9a63ba9 elementor-align-center elementor-widget elementor-widget-button\" data-id=\"9a63ba9\" data-element_type=\"widget\" data-widget_type=\"button.default\">\n\t\t\t\t<div class=\"elementor-widget-container\">\n\t\t\t\t\t\t\t\t\t<div class=\"elementor-button-wrapper\">\n\t\t\t\t\t<a class=\"elementor-button elementor-button-link elementor-size-sm\" href=\"https:\/\/cctvacademy.be\/fr\/inschrijven-starters-ai-cctv\/\">\n\t\t\t\t\t\t<span class=\"elementor-button-content-wrapper\">\n\t\t\t\t\t\t\t\t\t<span class=\"elementor-button-text\">Inschrijven AI CCTV<\/span>\n\t\t\t\t\t<\/span>\n\t\t\t\t\t<\/a>\n\t\t\t\t<\/div>\n\t\t\t\t\t\t\t\t<\/div>\n\t\t\t\t<\/div>\n\t\t\t\t<\/div>\n\t\t\t\t<\/div>\n\t\t\t\t\t<\/div>\n\t\t\t\t<\/div>\n\t\t<div class=\"elementor-element elementor-element-db1b2e8 e-flex e-con-boxed e-con e-parent\" data-id=\"db1b2e8\" data-element_type=\"container\">\n\t\t\t\t\t<div class=\"e-con-inner\">\n\t\t\t\t<div class=\"elementor-element elementor-element-131fd18 elementor-widget elementor-widget-spacer\" data-id=\"131fd18\" data-element_type=\"widget\" data-widget_type=\"spacer.default\">\n\t\t\t\t<div class=\"elementor-widget-container\">\n\t\t\t\t\t\t\t<div class=\"elementor-spacer\">\n\t\t\t<div class=\"elementor-spacer-inner\"><\/div>\n\t\t<\/div>\n\t\t\t\t\t\t<\/div>\n\t\t\t\t<\/div>\n\t\t\t\t\t<\/div>\n\t\t\t\t<\/div>\n\t\t<div class=\"elementor-element elementor-element-f4c595f e-flex e-con-boxed e-con e-parent\" data-id=\"f4c595f\" data-element_type=\"container\">\n\t\t\t\t\t<div class=\"e-con-inner\">\n\t\t<div class=\"elementor-element elementor-element-395e277 e-con-full e-flex e-con e-child\" data-id=\"395e277\" data-element_type=\"container\">\n\t\t\t\t<div class=\"elementor-element elementor-element-2496e1d elementor-widget elementor-widget-video\" data-id=\"2496e1d\" data-element_type=\"widget\" data-settings=\"{&quot;video_type&quot;:&quot;hosted&quot;,&quot;autoplay&quot;:&quot;yes&quot;,&quot;play_on_mobile&quot;:&quot;yes&quot;,&quot;mute&quot;:&quot;yes&quot;,&quot;loop&quot;:&quot;yes&quot;}\" data-widget_type=\"video.default\">\n\t\t\t\t<div class=\"elementor-widget-container\">\n\t\t\t\t\t\t\t<div class=\"e-hosted-video elementor-wrapper elementor-open-inline\">\n\t\t\t\t\t<video class=\"elementor-video\" src=\"https:\/\/cctvacademy.be\/wp-content\/uploads\/2025\/11\/Intro-Micro-Learning-251122-8.mp4\" autoplay=\"\" loop=\"\" muted=\"muted\" playsinline=\"\" controlslist=\"nodownload\"><\/video>\n\t\t\t\t<\/div>\n\t\t\t\t\t\t<\/div>\n\t\t\t\t<\/div>\n\t\t\t\t<\/div>\n\t\t\t\t\t<\/div>\n\t\t\t\t<\/div>\n\t\t<div class=\"elementor-element elementor-element-4321b5b e-flex e-con-boxed e-con e-parent\" data-id=\"4321b5b\" data-element_type=\"container\">\n\t\t\t\t\t<div class=\"e-con-inner\">\n\t\t\t\t<div class=\"elementor-element elementor-element-48b04a2 elementor-widget elementor-widget-spacer\" data-id=\"48b04a2\" data-element_type=\"widget\" data-widget_type=\"spacer.default\">\n\t\t\t\t<div class=\"elementor-widget-container\">\n\t\t\t\t\t\t\t<div class=\"elementor-spacer\">\n\t\t\t<div class=\"elementor-spacer-inner\"><\/div>\n\t\t<\/div>\n\t\t\t\t\t\t<\/div>\n\t\t\t\t<\/div>\n\t\t\t\t\t<\/div>\n\t\t\t\t<\/div>\n\t\t<div class=\"elementor-element elementor-element-58c068a e-flex e-con-boxed e-con e-parent\" data-id=\"58c068a\" data-element_type=\"container\">\n\t\t\t\t\t<div class=\"e-con-inner\">\n\t\t\t\t<div class=\"elementor-element elementor-element-c602745 elementor-align-center elementor-widget elementor-widget-button\" data-id=\"c602745\" data-element_type=\"widget\" data-widget_type=\"button.default\">\n\t\t\t\t<div class=\"elementor-widget-container\">\n\t\t\t\t\t\t\t\t\t<div class=\"elementor-button-wrapper\">\n\t\t\t\t\t<a class=\"elementor-button elementor-button-link elementor-size-sm\" href=\"https:\/\/cctvacademy.be\/fr\/contact\/\">\n\t\t\t\t\t\t<span class=\"elementor-button-content-wrapper\">\n\t\t\t\t\t\t\t\t\t<span class=\"elementor-button-text\">Contact<\/span>\n\t\t\t\t\t<\/span>\n\t\t\t\t\t<\/a>\n\t\t\t\t<\/div>\n\t\t\t\t\t\t\t\t<\/div>\n\t\t\t\t<\/div>\n\t\t\t\t\t<\/div>\n\t\t\t\t<\/div>\n\t\t<div class=\"elementor-element elementor-element-c6dd525 e-flex e-con-boxed e-con e-parent\" data-id=\"c6dd525\" data-element_type=\"container\">\n\t\t\t\t\t<div class=\"e-con-inner\">\n\t\t\t\t<div class=\"elementor-element elementor-element-f57eaec elementor-widget elementor-widget-spacer\" data-id=\"f57eaec\" data-element_type=\"widget\" data-widget_type=\"spacer.default\">\n\t\t\t\t<div class=\"elementor-widget-container\">\n\t\t\t\t\t\t\t<div class=\"elementor-spacer\">\n\t\t\t<div class=\"elementor-spacer-inner\"><\/div>\n\t\t<\/div>\n\t\t\t\t\t\t<\/div>\n\t\t\t\t<\/div>\n\t\t\t\t\t<\/div>\n\t\t\t\t<\/div>\n\t\t<div class=\"elementor-element elementor-element-eda1baf e-flex e-con-boxed e-con e-parent\" data-id=\"eda1baf\" data-element_type=\"container\">\n\t\t\t\t\t<div class=\"e-con-inner\">\n\t\t\t\t<div class=\"elementor-element elementor-element-bacfbf4 elementor-widget elementor-widget-image\" data-id=\"bacfbf4\" data-element_type=\"widget\" data-widget_type=\"image.default\">\n\t\t\t\t<div class=\"elementor-widget-container\">\n\t\t\t\t\t\t\t\t\t\t\t\t\t\t\t\t<a href=\"https:\/\/cctvacademy.be\/fr\/\">\n\t\t\t\t\t\t\t<img decoding=\"async\" width=\"60\" height=\"55\" src=\"https:\/\/i0.wp.com\/cctvacademy.be\/wp-content\/uploads\/2025\/11\/RAS-AIS-logo-v2-kopie.png?fit=60%2C55&amp;ssl=1\" class=\"elementor-animation-pulse attachment-large size-large wp-image-22808\" alt=\"RAS-AIS-logo-v2 kopie\" srcset=\"https:\/\/i0.wp.com\/cctvacademy.be\/wp-content\/uploads\/2025\/11\/RAS-AIS-logo-v2-kopie.png?w=60&amp;ssl=1 60w, https:\/\/i0.wp.com\/cctvacademy.be\/wp-content\/uploads\/2025\/11\/RAS-AIS-logo-v2-kopie.png?resize=13%2C12&amp;ssl=1 13w\" sizes=\"(max-width: 60px) 100vw, 60px\" \/>\t\t\t\t\t\t\t\t<\/a>\n\t\t\t\t\t\t\t\t\t\t\t\t\t\t\t<\/div>\n\t\t\t\t<\/div>\n\t\t\t\t\t<\/div>\n\t\t\t\t<\/div>\n\t\t<div class=\"elementor-element elementor-element-1f9192f e-flex e-con-boxed e-con e-parent\" data-id=\"1f9192f\" data-element_type=\"container\">\n\t\t\t\t\t<div class=\"e-con-inner\">\n\t\t\t\t<div class=\"elementor-element elementor-element-097880d elementor-widget elementor-widget-spacer\" data-id=\"097880d\" data-element_type=\"widget\" data-widget_type=\"spacer.default\">\n\t\t\t\t<div class=\"elementor-widget-container\">\n\t\t\t\t\t\t\t<div class=\"elementor-spacer\">\n\t\t\t<div class=\"elementor-spacer-inner\"><\/div>\n\t\t<\/div>\n\t\t\t\t\t\t<\/div>\n\t\t\t\t<\/div>\n\t\t\t\t\t<\/div>\n\t\t\t\t<\/div>\n\t\t\t\t<\/div>","protected":false},"excerpt":{"rendered":"<p>Laat onderstaand uw gegevens achter en we nemen zo snel mogelijk contact met u op. \u00a0 Heb je al ruime ervaring met het AI-Opnamesysteem van het merk Dahua\u00a0 en wil je ontdekken hoe Dahua inspeelt op de AI-toepassingen van de toekomst? \u00a0 Ontdek hier alvast welke nieuwe inzichten en configuratiemogelijkheden je onder de knie krijgt [&hellip;]<\/p>\n","protected":false},"author":1,"featured_media":0,"parent":0,"menu_order":0,"comment_status":"closed","ping_status":"closed","template":"elementor_header_footer","meta":{"_acf_changed":false,"zakra_page_container_layout":"customizer","zakra_page_sidebar_layout":"customizer","zakra_remove_content_margin":false,"zakra_sidebar":"customizer","zakra_transparent_header":"customizer","zakra_logo":0,"zakra_main_header_style":"default","zakra_menu_item_color":"","zakra_menu_item_hover_color":"","zakra_menu_item_active_color":"","zakra_menu_active_style":"","zakra_page_header":true,"postBodyCss":"","postBodyMargin":[],"postBodyPadding":[],"postBodyBackground":{"backgroundType":"classic","gradient":""},"h5ap_radio_sources":[],"_glsr_average":0,"_glsr_ranking":0,"_glsr_reviews":0,"footnotes":""},"class_list":["post-23442","page","type-page","status-publish","hentry"],"acf":[],"yoast_head":"<!-- This site is optimized with the Yoast SEO plugin v27.3 - https:\/\/yoast.com\/product\/yoast-seo-wordpress\/ -->\n<title>Inschrijven Starters CCTV - RAS\/AIS CCTV Academy<\/title>\n<meta name=\"description\" content=\"De CCTV Academy in Kortrijk biedt een breed aanbod van opleidingen in camerabewaking aan \u2014 zowel voor starters als voor ervaren installateurs. Vraag vandaag nog jouw persoonlijk opleidingstraject aan en groei door tot gecertificeerd Security CCTV Expert.\" \/>\n<meta name=\"robots\" content=\"index, follow, max-snippet:-1, max-image-preview:large, max-video-preview:-1\" \/>\n<link rel=\"canonical\" href=\"https:\/\/cctvacademy.be\/fr\/inschrijven-starters-cctv\/\" \/>\n<meta property=\"og:locale\" content=\"fr_FR\" \/>\n<meta property=\"og:type\" content=\"article\" \/>\n<meta property=\"og:title\" content=\"Inschrijving opleiding AI camerabewaking\" \/>\n<meta property=\"og:description\" content=\"Nieuwe technologie\u00ebn, zoals AI, maken hun intrede en veranderen het landschap ingrijpend. Bij de CCTV Academy in Kortrijk volgen we deze ontwikkelingen op de voet en passen we onze opleidingen voortdurend aan. Je kan je hieronder inschrijven voor specifieke opleidingen \u00e9n je interesses aanduiden. Na je inschrijving nemen we contact met je op om samen de mogelijkheden en opleidingsdata te bespreken. Let op: wil je doorgroeien naar een gevorderd of expert niveau, dan toetsen we eerst of je over de nodige basiskennis beschikt. Een stevige basis is cruciaal om verder te bouwen aan echte expertise.\" \/>\n<meta property=\"og:url\" content=\"https:\/\/cctvacademy.be\/fr\/inschrijven-starters-cctv\/\" \/>\n<meta property=\"og:site_name\" content=\"RAS\/AIS CCTV Academy\" \/>\n<meta property=\"article:publisher\" content=\"https:\/\/www.facebook.com\/profile.php?id=61576769152561\" \/>\n<meta property=\"article:modified_time\" content=\"2025-11-30T11:28:03+00:00\" \/>\n<meta property=\"og:image\" content=\"https:\/\/cctvacademy.be\/wp-content\/uploads\/2025\/06\/gevorderd-4-cctv-scaled-e1752499312253.jpg\" \/>\n\t<meta property=\"og:image:width\" content=\"203\" \/>\n\t<meta property=\"og:image:height\" content=\"315\" \/>\n\t<meta property=\"og:image:type\" content=\"image\/jpeg\" \/>\n<meta name=\"twitter:card\" content=\"summary_large_image\" \/>\n<script type=\"application\/ld+json\" class=\"yoast-schema-graph\">{\"@context\":\"https:\\\/\\\/schema.org\",\"@graph\":[{\"@type\":\"WebPage\",\"@id\":\"https:\\\/\\\/cctvacademy.be\\\/inschrijven-starters-cctv\\\/\",\"url\":\"https:\\\/\\\/cctvacademy.be\\\/inschrijven-starters-cctv\\\/\",\"name\":\"Inschrijven Starters CCTV - RAS\\\/AIS CCTV Academy\",\"isPartOf\":{\"@id\":\"https:\\\/\\\/cctvacademy.be\\\/#website\"},\"primaryImageOfPage\":{\"@id\":\"https:\\\/\\\/cctvacademy.be\\\/inschrijven-starters-cctv\\\/#primaryimage\"},\"image\":{\"@id\":\"https:\\\/\\\/cctvacademy.be\\\/inschrijven-starters-cctv\\\/#primaryimage\"},\"thumbnailUrl\":\"https:\\\/\\\/cctvacademy.be\\\/wp-content\\\/uploads\\\/2025\\\/11\\\/RAS-AIS-logo-v2-kopie.png\",\"datePublished\":\"2025-11-18T08:05:57+00:00\",\"dateModified\":\"2025-11-30T11:28:03+00:00\",\"description\":\"De CCTV Academy in Kortrijk biedt een breed aanbod van opleidingen in camerabewaking aan \u2014 zowel voor starters als voor ervaren installateurs. Vraag vandaag nog jouw persoonlijk opleidingstraject aan en groei door tot gecertificeerd Security CCTV Expert.\",\"breadcrumb\":{\"@id\":\"https:\\\/\\\/cctvacademy.be\\\/inschrijven-starters-cctv\\\/#breadcrumb\"},\"inLanguage\":\"fr-BE\",\"potentialAction\":[{\"@type\":\"ReadAction\",\"target\":[\"https:\\\/\\\/cctvacademy.be\\\/inschrijven-starters-cctv\\\/\"]}]},{\"@type\":\"ImageObject\",\"inLanguage\":\"fr-BE\",\"@id\":\"https:\\\/\\\/cctvacademy.be\\\/inschrijven-starters-cctv\\\/#primaryimage\",\"url\":\"https:\\\/\\\/cctvacademy.be\\\/wp-content\\\/uploads\\\/2025\\\/11\\\/RAS-AIS-logo-v2-kopie.png\",\"contentUrl\":\"https:\\\/\\\/cctvacademy.be\\\/wp-content\\\/uploads\\\/2025\\\/11\\\/RAS-AIS-logo-v2-kopie.png\"},{\"@type\":\"BreadcrumbList\",\"@id\":\"https:\\\/\\\/cctvacademy.be\\\/inschrijven-starters-cctv\\\/#breadcrumb\",\"itemListElement\":[{\"@type\":\"ListItem\",\"position\":1,\"name\":\"Home\",\"item\":\"https:\\\/\\\/cctvacademy.be\\\/\"},{\"@type\":\"ListItem\",\"position\":2,\"name\":\"Inschrijven Starters CCTV\"}]},{\"@type\":\"WebSite\",\"@id\":\"https:\\\/\\\/cctvacademy.be\\\/#website\",\"url\":\"https:\\\/\\\/cctvacademy.be\\\/\",\"name\":\"CCTV Academy\",\"description\":\"CCTV Opleidingen en CCTV Micro Learning\",\"potentialAction\":[{\"@type\":\"SearchAction\",\"target\":{\"@type\":\"EntryPoint\",\"urlTemplate\":\"https:\\\/\\\/cctvacademy.be\\\/?s={search_term_string}\"},\"query-input\":{\"@type\":\"PropertyValueSpecification\",\"valueRequired\":true,\"valueName\":\"search_term_string\"}}],\"inLanguage\":\"fr-BE\"}]}<\/script>\n<!-- \/ Yoast SEO plugin. -->","yoast_head_json":{"title":"Inschrijven Starters CCTV - RAS\/AIS CCTV Academy","description":"De CCTV Academy in Kortrijk biedt een breed aanbod van opleidingen in camerabewaking aan \u2014 zowel voor starters als voor ervaren installateurs. Vraag vandaag nog jouw persoonlijk opleidingstraject aan en groei door tot gecertificeerd Security CCTV Expert.","robots":{"index":"index","follow":"follow","max-snippet":"max-snippet:-1","max-image-preview":"max-image-preview:large","max-video-preview":"max-video-preview:-1"},"canonical":"https:\/\/cctvacademy.be\/fr\/inschrijven-starters-cctv\/","og_locale":"fr_FR","og_type":"article","og_title":"Inschrijving opleiding AI camerabewaking","og_description":"Nieuwe technologie\u00ebn, zoals AI, maken hun intrede en veranderen het landschap ingrijpend. Bij de CCTV Academy in Kortrijk volgen we deze ontwikkelingen op de voet en passen we onze opleidingen voortdurend aan. Je kan je hieronder inschrijven voor specifieke opleidingen \u00e9n je interesses aanduiden. Na je inschrijving nemen we contact met je op om samen de mogelijkheden en opleidingsdata te bespreken. Let op: wil je doorgroeien naar een gevorderd of expert niveau, dan toetsen we eerst of je over de nodige basiskennis beschikt. Een stevige basis is cruciaal om verder te bouwen aan echte expertise.","og_url":"https:\/\/cctvacademy.be\/fr\/inschrijven-starters-cctv\/","og_site_name":"RAS\/AIS CCTV Academy","article_publisher":"https:\/\/www.facebook.com\/profile.php?id=61576769152561","article_modified_time":"2025-11-30T11:28:03+00:00","og_image":[{"width":203,"height":315,"url":"https:\/\/cctvacademy.be\/wp-content\/uploads\/2025\/06\/gevorderd-4-cctv-scaled-e1752499312253.jpg","type":"image\/jpeg"}],"twitter_card":"summary_large_image","schema":{"@context":"https:\/\/schema.org","@graph":[{"@type":"WebPage","@id":"https:\/\/cctvacademy.be\/inschrijven-starters-cctv\/","url":"https:\/\/cctvacademy.be\/inschrijven-starters-cctv\/","name":"Inschrijven Starters CCTV - RAS\/AIS CCTV Academy","isPartOf":{"@id":"https:\/\/cctvacademy.be\/#website"},"primaryImageOfPage":{"@id":"https:\/\/cctvacademy.be\/inschrijven-starters-cctv\/#primaryimage"},"image":{"@id":"https:\/\/cctvacademy.be\/inschrijven-starters-cctv\/#primaryimage"},"thumbnailUrl":"https:\/\/cctvacademy.be\/wp-content\/uploads\/2025\/11\/RAS-AIS-logo-v2-kopie.png","datePublished":"2025-11-18T08:05:57+00:00","dateModified":"2025-11-30T11:28:03+00:00","description":"De CCTV Academy in Kortrijk biedt een breed aanbod van opleidingen in camerabewaking aan \u2014 zowel voor starters als voor ervaren installateurs. Vraag vandaag nog jouw persoonlijk opleidingstraject aan en groei door tot gecertificeerd Security CCTV Expert.","breadcrumb":{"@id":"https:\/\/cctvacademy.be\/inschrijven-starters-cctv\/#breadcrumb"},"inLanguage":"fr-BE","potentialAction":[{"@type":"ReadAction","target":["https:\/\/cctvacademy.be\/inschrijven-starters-cctv\/"]}]},{"@type":"ImageObject","inLanguage":"fr-BE","@id":"https:\/\/cctvacademy.be\/inschrijven-starters-cctv\/#primaryimage","url":"https:\/\/cctvacademy.be\/wp-content\/uploads\/2025\/11\/RAS-AIS-logo-v2-kopie.png","contentUrl":"https:\/\/cctvacademy.be\/wp-content\/uploads\/2025\/11\/RAS-AIS-logo-v2-kopie.png"},{"@type":"BreadcrumbList","@id":"https:\/\/cctvacademy.be\/inschrijven-starters-cctv\/#breadcrumb","itemListElement":[{"@type":"ListItem","position":1,"name":"Home","item":"https:\/\/cctvacademy.be\/"},{"@type":"ListItem","position":2,"name":"Inschrijven Starters CCTV"}]},{"@type":"WebSite","@id":"https:\/\/cctvacademy.be\/#website","url":"https:\/\/cctvacademy.be\/","name":"CCTV Academy","description":"Formation \u00e0 la vid\u00e9osurveillance et micro-apprentissage de la vid\u00e9osurveillance","potentialAction":[{"@type":"SearchAction","target":{"@type":"EntryPoint","urlTemplate":"https:\/\/cctvacademy.be\/?s={search_term_string}"},"query-input":{"@type":"PropertyValueSpecification","valueRequired":true,"valueName":"search_term_string"}}],"inLanguage":"fr-BE"}]}},"jetpack_sharing_enabled":true,"_links":{"self":[{"href":"https:\/\/cctvacademy.be\/fr\/wp-json\/wp\/v2\/pages\/23442","targetHints":{"allow":["GET"]}}],"collection":[{"href":"https:\/\/cctvacademy.be\/fr\/wp-json\/wp\/v2\/pages"}],"about":[{"href":"https:\/\/cctvacademy.be\/fr\/wp-json\/wp\/v2\/types\/page"}],"author":[{"embeddable":true,"href":"https:\/\/cctvacademy.be\/fr\/wp-json\/wp\/v2\/users\/1"}],"replies":[{"embeddable":true,"href":"https:\/\/cctvacademy.be\/fr\/wp-json\/wp\/v2\/comments?post=23442"}],"version-history":[{"count":0,"href":"https:\/\/cctvacademy.be\/fr\/wp-json\/wp\/v2\/pages\/23442\/revisions"}],"wp:attachment":[{"href":"https:\/\/cctvacademy.be\/fr\/wp-json\/wp\/v2\/media?parent=23442"}],"curies":[{"name":"wp","href":"https:\/\/api.w.org\/{rel}","templated":true}]}}