{"id":19531,"date":"2025-08-21T08:22:16","date_gmt":"2025-08-21T07:22:16","guid":{"rendered":"https:\/\/cctvacademy.be\/?page_id=19531"},"modified":"2025-08-21T08:22:25","modified_gmt":"2025-08-21T07:22:25","slug":"info","status":"publish","type":"page","link":"https:\/\/cctvacademy.be\/fr\/info\/","title":{"rendered":"Info"},"content":{"rendered":"","protected":false},"excerpt":{"rendered":"","protected":false},"author":1,"featured_media":0,"parent":0,"menu_order":0,"comment_status":"closed","ping_status":"closed","template":"","meta":{"_acf_changed":false,"zakra_page_container_layout":"customizer","zakra_page_sidebar_layout":"customizer","zakra_remove_content_margin":false,"zakra_sidebar":"customizer","zakra_transparent_header":"customizer","zakra_logo":0,"zakra_main_header_style":"default","zakra_menu_item_color":"","zakra_menu_item_hover_color":"","zakra_menu_item_active_color":"","zakra_menu_active_style":"","zakra_page_header":true,"postBodyCss":"","postBodyMargin":[],"postBodyPadding":[],"postBodyBackground":{"backgroundType":"classic","gradient":""},"h5ap_radio_sources":[],"_glsr_average":0,"_glsr_ranking":0,"_glsr_reviews":0,"footnotes":""},"class_list":["post-19531","page","type-page","status-publish","hentry"],"acf":[],"yoast_head":"<!-- This site is optimized with the Yoast SEO plugin v27.3 - https:\/\/yoast.com\/product\/yoast-seo-wordpress\/ -->\n<title>Info - RAS\/AIS CCTV Academy<\/title>\n<meta name=\"robots\" content=\"index, follow, max-snippet:-1, max-image-preview:large, max-video-preview:-1\" \/>\n<link rel=\"canonical\" href=\"https:\/\/cctvacademy.be\/fr\/info\/\" \/>\n<meta property=\"og:locale\" content=\"fr_FR\" \/>\n<meta property=\"og:type\" content=\"article\" \/>\n<meta property=\"og:title\" content=\"Info - RAS\/AIS CCTV Academy\" \/>\n<meta property=\"og:url\" content=\"https:\/\/cctvacademy.be\/fr\/info\/\" \/>\n<meta property=\"og:site_name\" content=\"RAS\/AIS CCTV Academy\" \/>\n<meta property=\"article:publisher\" content=\"https:\/\/www.facebook.com\/profile.php?id=61576769152561\" \/>\n<meta property=\"article:modified_time\" content=\"2025-08-21T07:22:25+00:00\" \/>\n<meta name=\"twitter:card\" content=\"summary_large_image\" \/>\n<script type=\"application\/ld+json\" class=\"yoast-schema-graph\">{\"@context\":\"https:\\\/\\\/schema.org\",\"@graph\":[{\"@type\":\"WebPage\",\"@id\":\"https:\\\/\\\/cctvacademy.be\\\/info\\\/\",\"url\":\"https:\\\/\\\/cctvacademy.be\\\/info\\\/\",\"name\":\"Info - RAS\\\/AIS CCTV Academy\",\"isPartOf\":{\"@id\":\"https:\\\/\\\/cctvacademy.be\\\/#website\"},\"datePublished\":\"2025-08-21T07:22:16+00:00\",\"dateModified\":\"2025-08-21T07:22:25+00:00\",\"breadcrumb\":{\"@id\":\"https:\\\/\\\/cctvacademy.be\\\/info\\\/#breadcrumb\"},\"inLanguage\":\"fr-BE\",\"potentialAction\":[{\"@type\":\"ReadAction\",\"target\":[\"https:\\\/\\\/cctvacademy.be\\\/info\\\/\"]}]},{\"@type\":\"BreadcrumbList\",\"@id\":\"https:\\\/\\\/cctvacademy.be\\\/info\\\/#breadcrumb\",\"itemListElement\":[{\"@type\":\"ListItem\",\"position\":1,\"name\":\"Home\",\"item\":\"https:\\\/\\\/cctvacademy.be\\\/\"},{\"@type\":\"ListItem\",\"position\":2,\"name\":\"Info\"}]},{\"@type\":\"WebSite\",\"@id\":\"https:\\\/\\\/cctvacademy.be\\\/#website\",\"url\":\"https:\\\/\\\/cctvacademy.be\\\/\",\"name\":\"CCTV Academy\",\"description\":\"CCTV Opleidingen en CCTV Micro Learning\",\"potentialAction\":[{\"@type\":\"SearchAction\",\"target\":{\"@type\":\"EntryPoint\",\"urlTemplate\":\"https:\\\/\\\/cctvacademy.be\\\/?s={search_term_string}\"},\"query-input\":{\"@type\":\"PropertyValueSpecification\",\"valueRequired\":true,\"valueName\":\"search_term_string\"}}],\"inLanguage\":\"fr-BE\"}]}<\/script>\n<!-- \/ Yoast SEO plugin. -->","yoast_head_json":{"title":"Info - RAS\/AIS CCTV Academy","robots":{"index":"index","follow":"follow","max-snippet":"max-snippet:-1","max-image-preview":"max-image-preview:large","max-video-preview":"max-video-preview:-1"},"canonical":"https:\/\/cctvacademy.be\/fr\/info\/","og_locale":"fr_FR","og_type":"article","og_title":"Info - RAS\/AIS CCTV Academy","og_url":"https:\/\/cctvacademy.be\/fr\/info\/","og_site_name":"RAS\/AIS CCTV Academy","article_publisher":"https:\/\/www.facebook.com\/profile.php?id=61576769152561","article_modified_time":"2025-08-21T07:22:25+00:00","twitter_card":"summary_large_image","schema":{"@context":"https:\/\/schema.org","@graph":[{"@type":"WebPage","@id":"https:\/\/cctvacademy.be\/info\/","url":"https:\/\/cctvacademy.be\/info\/","name":"Info - RAS\/AIS CCTV Academy","isPartOf":{"@id":"https:\/\/cctvacademy.be\/#website"},"datePublished":"2025-08-21T07:22:16+00:00","dateModified":"2025-08-21T07:22:25+00:00","breadcrumb":{"@id":"https:\/\/cctvacademy.be\/info\/#breadcrumb"},"inLanguage":"fr-BE","potentialAction":[{"@type":"ReadAction","target":["https:\/\/cctvacademy.be\/info\/"]}]},{"@type":"BreadcrumbList","@id":"https:\/\/cctvacademy.be\/info\/#breadcrumb","itemListElement":[{"@type":"ListItem","position":1,"name":"Home","item":"https:\/\/cctvacademy.be\/"},{"@type":"ListItem","position":2,"name":"Info"}]},{"@type":"WebSite","@id":"https:\/\/cctvacademy.be\/#website","url":"https:\/\/cctvacademy.be\/","name":"CCTV Academy","description":"Formation \u00e0 la vid\u00e9osurveillance et micro-apprentissage de la vid\u00e9osurveillance","potentialAction":[{"@type":"SearchAction","target":{"@type":"EntryPoint","urlTemplate":"https:\/\/cctvacademy.be\/?s={search_term_string}"},"query-input":{"@type":"PropertyValueSpecification","valueRequired":true,"valueName":"search_term_string"}}],"inLanguage":"fr-BE"}]}},"jetpack_sharing_enabled":true,"_links":{"self":[{"href":"https:\/\/cctvacademy.be\/fr\/wp-json\/wp\/v2\/pages\/19531","targetHints":{"allow":["GET"]}}],"collection":[{"href":"https:\/\/cctvacademy.be\/fr\/wp-json\/wp\/v2\/pages"}],"about":[{"href":"https:\/\/cctvacademy.be\/fr\/wp-json\/wp\/v2\/types\/page"}],"author":[{"embeddable":true,"href":"https:\/\/cctvacademy.be\/fr\/wp-json\/wp\/v2\/users\/1"}],"replies":[{"embeddable":true,"href":"https:\/\/cctvacademy.be\/fr\/wp-json\/wp\/v2\/comments?post=19531"}],"version-history":[{"count":0,"href":"https:\/\/cctvacademy.be\/fr\/wp-json\/wp\/v2\/pages\/19531\/revisions"}],"wp:attachment":[{"href":"https:\/\/cctvacademy.be\/fr\/wp-json\/wp\/v2\/media?parent=19531"}],"curies":[{"name":"wp","href":"https:\/\/api.w.org\/{rel}","templated":true}]}}